{"id":4424,"date":"2022-10-23T13:33:54","date_gmt":"2022-10-23T13:33:54","guid":{"rendered":"https:\/\/gotesp.com.br\/automation-of-packaging-lines\/cookie-automation\/"},"modified":"2023-03-27T11:46:45","modified_gmt":"2023-03-27T11:46:45","slug":"cookie-automation","status":"publish","type":"page","link":"https:\/\/gotesp.com.br\/en\/automation-of-packaging-lines\/cookie-automation\/","title":{"rendered":"Cookie Automation"},"content":{"rendered":"\t\t<div data-elementor-type=\"wp-page\" data-elementor-id=\"4424\" class=\"elementor elementor-4424\" data-elementor-settings=\"{&quot;ha_cmc_init_switcher&quot;:&quot;no&quot;}\" data-elementor-post-type=\"page\">\n\t\t\t\t<section class=\"elementor-element elementor-element-c7213a0 e-con-full e-flex e-con e-parent\" data-id=\"c7213a0\" data-element_type=\"container\" data-e-type=\"container\" data-settings=\"{&quot;background_background&quot;:&quot;classic&quot;}\">\n\t\t\t\t<div class=\"elementor-element elementor-element-560ba260 elementor-widget elementor-widget-heading\" data-id=\"560ba260\" data-element_type=\"widget\" data-e-type=\"widget\" data-widget_type=\"heading.default\">\n\t\t\t\t<div class=\"elementor-widget-container\">\n\t\t\t\t\t<p class=\"elementor-heading-title elementor-size-default\">Automation solutions for packaging machines and packaging lines<\/p>\t\t\t\t<\/div>\n\t\t\t\t<\/div>\n\t\t\t\t<div class=\"elementor-element elementor-element-4108bf3 elementor-widget__width-inherit elementor-widget elementor-widget-heading\" data-id=\"4108bf3\" data-element_type=\"widget\" data-e-type=\"widget\" data-widget_type=\"heading.default\">\n\t\t\t\t<div class=\"elementor-widget-container\">\n\t\t\t\t\t<h1 class=\"elementor-heading-title elementor-size-default\">Cookie Automation<\/h1>\t\t\t\t<\/div>\n\t\t\t\t<\/div>\n\t\t\t\t<div class=\"elementor-element elementor-element-219ed8e elementor-align-center elementor-widget elementor-widget-breadcrumbs\" data-id=\"219ed8e\" data-element_type=\"widget\" data-e-type=\"widget\" data-widget_type=\"breadcrumbs.default\">\n\t\t\t\t<div class=\"elementor-widget-container\">\n\t\t\t\t\t<nav id=\"breadcrumbs\"><span><span><a href=\"https:\/\/gotesp.com.br\/en\/\">In\u00edcio<\/a><\/span><\/span><\/nav>\t\t\t\t<\/div>\n\t\t\t\t<\/div>\n\t\t\t\t<\/section>\n\t\t<div class=\"elementor-element elementor-element-697d004 e-flex e-con-boxed e-con e-parent\" data-id=\"697d004\" data-element_type=\"container\" data-e-type=\"container\">\n\t\t\t\t\t<div class=\"e-con-inner\">\n\t\t\t\t<div class=\"elementor-element elementor-element-4238203 elementor-widget elementor-widget-image\" data-id=\"4238203\" data-element_type=\"widget\" data-e-type=\"widget\" data-widget_type=\"image.default\">\n\t\t\t\t<div class=\"elementor-widget-container\">\n\t\t\t\t\t\t\t\t\t\t\t\t\t\t\t\t<a href=\"https:\/\/gotesp.com.br\/wp-content\/uploads\/2022\/12\/Speed-Pack-Linha-02-scaled-e1678704590654.jpg\" data-elementor-open-lightbox=\"yes\" data-elementor-lightbox-title=\"Speed Pack Linha 02\" data-elementor-lightbox-description=\"Gotesp - Linha de automa\u00e7\u00e3o de embalagens\" data-e-action-hash=\"#elementor-action%3Aaction%3Dlightbox%26settings%3DeyJpZCI6NDAxNywidXJsIjoiaHR0cHM6XC9cL2dvdGVzcC5jb20uYnJcL3dwLWNvbnRlbnRcL3VwbG9hZHNcLzIwMjJcLzEyXC9TcGVlZC1QYWNrLUxpbmhhLTAyLXNjYWxlZC1lMTY3ODcwNDU5MDY1NC5qcGcifQ%3D%3D\">\n\t\t\t\t\t\t\t<img fetchpriority=\"high\" decoding=\"async\" width=\"800\" height=\"350\" src=\"https:\/\/gotesp.com.br\/wp-content\/uploads\/2022\/12\/Speed-Pack-Linha-02-scaled-e1678704590654-1024x448.jpg\" class=\"attachment-large size-large wp-image-4017\" alt=\"Linha de automa\u00e7\u00e3o de embalagens\" srcset=\"https:\/\/gotesp.com.br\/wp-content\/uploads\/2022\/12\/Speed-Pack-Linha-02-scaled-e1678704590654-1024x448.jpg 1024w, https:\/\/gotesp.com.br\/wp-content\/uploads\/2022\/12\/Speed-Pack-Linha-02-scaled-e1678704590654-300x131.jpg 300w, https:\/\/gotesp.com.br\/wp-content\/uploads\/2022\/12\/Speed-Pack-Linha-02-scaled-e1678704590654-768x336.jpg 768w, https:\/\/gotesp.com.br\/wp-content\/uploads\/2022\/12\/Speed-Pack-Linha-02-scaled-e1678704590654-1536x672.jpg 1536w, https:\/\/gotesp.com.br\/wp-content\/uploads\/2022\/12\/Speed-Pack-Linha-02-scaled-e1678704590654-2048x896.jpg 2048w\" sizes=\"(max-width: 800px) 100vw, 800px\" \/>\t\t\t\t\t\t\t\t<\/a>\n\t\t\t\t\t\t\t\t\t\t\t\t\t\t\t<\/div>\n\t\t\t\t<\/div>\n\t\t\t\t\t<\/div>\n\t\t\t\t<\/div>\n\t\t<div class=\"elementor-element elementor-element-69b89d5 e-flex e-con-boxed e-con e-parent\" data-id=\"69b89d5\" data-element_type=\"container\" data-e-type=\"container\">\n\t\t\t\t\t<div class=\"e-con-inner\">\n\t\t\t\t<div class=\"elementor-element elementor-element-076b7c7 elementor-widget elementor-widget-heading\" data-id=\"076b7c7\" data-element_type=\"widget\" data-e-type=\"widget\" data-widget_type=\"heading.default\">\n\t\t\t\t<div class=\"elementor-widget-container\">\n\t\t\t\t\t<h2 class=\"elementor-heading-title elementor-size-default\">Cookie Piping<\/h2>\t\t\t\t<\/div>\n\t\t\t\t<\/div>\n\t\t\t\t<div class=\"elementor-element elementor-element-8eac6e5 elementor-widget-divider--view-line elementor-widget elementor-widget-divider\" data-id=\"8eac6e5\" data-element_type=\"widget\" data-e-type=\"widget\" data-widget_type=\"divider.default\">\n\t\t\t\t<div class=\"elementor-widget-container\">\n\t\t\t\t\t\t\t<div class=\"elementor-divider\">\n\t\t\t<span class=\"elementor-divider-separator\">\n\t\t\t\t\t\t<\/span>\n\t\t<\/div>\n\t\t\t\t\t\t<\/div>\n\t\t\t\t<\/div>\n\t\t\t\t<div class=\"elementor-element elementor-element-2ab95b4 elementor-widget elementor-widget-text-editor\" data-id=\"2ab95b4\" data-element_type=\"widget\" data-e-type=\"widget\" data-widget_type=\"text-editor.default\">\n\t\t\t\t<div class=\"elementor-widget-container\">\n\t\t\t\t\t\t\t\t\t<p>Separate the cookie stream into separate rows by guides. Channeling is done from cooling, making the cookies slide down a ramped plate, poured directly onto a conveyor belt between guides.<\/p>\n\t\t\t\t\t\t\t\t<\/div>\n\t\t\t\t<\/div>\n\t\t\t\t<div class=\"elementor-element elementor-element-d96d615 elementor-widget elementor-widget-heading\" data-id=\"d96d615\" data-element_type=\"widget\" data-e-type=\"widget\" data-widget_type=\"heading.default\">\n\t\t\t\t<div class=\"elementor-widget-container\">\n\t\t\t\t\t<h2 class=\"elementor-heading-title elementor-size-default\">Protractor<\/h2>\t\t\t\t<\/div>\n\t\t\t\t<\/div>\n\t\t\t\t<div class=\"elementor-element elementor-element-cc1993d elementor-widget-divider--view-line elementor-widget elementor-widget-divider\" data-id=\"cc1993d\" data-element_type=\"widget\" data-e-type=\"widget\" data-widget_type=\"divider.default\">\n\t\t\t\t<div class=\"elementor-widget-container\">\n\t\t\t\t\t\t\t<div class=\"elementor-divider\">\n\t\t\t<span class=\"elementor-divider-separator\">\n\t\t\t\t\t\t<\/span>\n\t\t<\/div>\n\t\t\t\t\t\t<\/div>\n\t\t\t\t<\/div>\n\t\t\t\t<div class=\"elementor-element elementor-element-9dae9f1 elementor-widget elementor-widget-text-editor\" data-id=\"9dae9f1\" data-element_type=\"widget\" data-e-type=\"widget\" data-widget_type=\"text-editor.default\">\n\t\t\t\t<div class=\"elementor-widget-container\">\n\t\t\t\t\t\t\t\t\t<p>Direct the cookie packs to the secondary packaging equipment. Motorized, chain-driven device with top pushers that transfers a quantity of packages to the position at 90\u00b0 from their receipt.<\/p>\n\t\t\t\t\t\t\t\t<\/div>\n\t\t\t\t<\/div>\n\t\t\t\t<div class=\"elementor-element elementor-element-7ab7d85 elementor-widget elementor-widget-heading\" data-id=\"7ab7d85\" data-element_type=\"widget\" data-e-type=\"widget\" data-widget_type=\"heading.default\">\n\t\t\t\t<div class=\"elementor-widget-container\">\n\t\t\t\t\t<h2 class=\"elementor-heading-title elementor-size-default\">Automatic Portioning:<\/h2>\t\t\t\t<\/div>\n\t\t\t\t<\/div>\n\t\t\t\t<div class=\"elementor-element elementor-element-0649e1c elementor-widget-divider--view-line elementor-widget elementor-widget-divider\" data-id=\"0649e1c\" data-element_type=\"widget\" data-e-type=\"widget\" data-widget_type=\"divider.default\">\n\t\t\t\t<div class=\"elementor-widget-container\">\n\t\t\t\t\t\t\t<div class=\"elementor-divider\">\n\t\t\t<span class=\"elementor-divider-separator\">\n\t\t\t\t\t\t<\/span>\n\t\t<\/div>\n\t\t\t\t\t\t<\/div>\n\t\t\t\t<\/div>\n\t\t\t\t<div class=\"elementor-element elementor-element-6810e82 elementor-widget elementor-widget-text-editor\" data-id=\"6810e82\" data-element_type=\"widget\" data-e-type=\"widget\" data-widget_type=\"text-editor.default\">\n\t\t\t\t<div class=\"elementor-widget-container\">\n\t\t\t\t\t\t\t\t\t<p>Separate the portion of cookies to be packed and direct it neatly into the packer.<\/p>\n<p> <strong> 1.CGE Electronic Loader:<\/strong> Suitable for larger portions and packaging in tubes. It separates the portions of cookies coming directly from the vibrating chutes and places them on the feeder table of the packer, neatly and without damaging the cookies.<\/p>\n<p><strong>2. CCGE Continuous Loader:<\/strong> Suitable for stacked cookie portions. It takes the cookies from the vibrating chutes individually or in piles depending on the need and the type of product, and places them directly on the pins of the packer&#8217;s feed chain.<\/p>\n\t\t\t\t\t\t\t\t<\/div>\n\t\t\t\t<\/div>\n\t\t\t\t<div class=\"elementor-element elementor-element-17b3f58 elementor-widget elementor-widget-heading\" data-id=\"17b3f58\" data-element_type=\"widget\" data-e-type=\"widget\" data-widget_type=\"heading.default\">\n\t\t\t\t<div class=\"elementor-widget-container\">\n\t\t\t\t\t<h2 class=\"elementor-heading-title elementor-size-default\">Packet Outbound Conveyor:<\/h2>\t\t\t\t<\/div>\n\t\t\t\t<\/div>\n\t\t\t\t<div class=\"elementor-element elementor-element-b159ad7 elementor-widget-divider--view-line elementor-widget elementor-widget-divider\" data-id=\"b159ad7\" data-element_type=\"widget\" data-e-type=\"widget\" data-widget_type=\"divider.default\">\n\t\t\t\t<div class=\"elementor-widget-container\">\n\t\t\t\t\t\t\t<div class=\"elementor-divider\">\n\t\t\t<span class=\"elementor-divider-separator\">\n\t\t\t\t\t\t<\/span>\n\t\t<\/div>\n\t\t\t\t\t\t<\/div>\n\t\t\t\t<\/div>\n\t\t\t\t<div class=\"elementor-element elementor-element-f72e314 elementor-widget elementor-widget-text-editor\" data-id=\"f72e314\" data-element_type=\"widget\" data-e-type=\"widget\" data-widget_type=\"text-editor.default\">\n\t\t\t\t<div class=\"elementor-widget-container\">\n\t\t\t\t\t\t\t\t\t<p><strong>Purpose:<\/strong> Transportation of the packages of cookies They are modular plastic conveyor belts that take the primary packages from the exit of the packaging machine and forward them to the position where they will be grouped for secondary packaging.<\/p>\n\t\t\t\t\t\t\t\t<\/div>\n\t\t\t\t<\/div>\n\t\t\t\t<div class=\"elementor-element elementor-element-22fd3d1 elementor-widget elementor-widget-heading\" data-id=\"22fd3d1\" data-element_type=\"widget\" data-e-type=\"widget\" data-widget_type=\"heading.default\">\n\t\t\t\t<div class=\"elementor-widget-container\">\n\t\t\t\t\t<h2 class=\"elementor-heading-title elementor-size-default\">Stacking<\/h2>\t\t\t\t<\/div>\n\t\t\t\t<\/div>\n\t\t\t\t<div class=\"elementor-element elementor-element-95f6e09 elementor-widget-divider--view-line elementor-widget elementor-widget-divider\" data-id=\"95f6e09\" data-element_type=\"widget\" data-e-type=\"widget\" data-widget_type=\"divider.default\">\n\t\t\t\t<div class=\"elementor-widget-container\">\n\t\t\t\t\t\t\t<div class=\"elementor-divider\">\n\t\t\t<span class=\"elementor-divider-separator\">\n\t\t\t\t\t\t<\/span>\n\t\t<\/div>\n\t\t\t\t\t\t<\/div>\n\t\t\t\t<\/div>\n\t\t\t\t<div class=\"elementor-element elementor-element-6ae1f92 elementor-widget elementor-widget-text-editor\" data-id=\"6ae1f92\" data-element_type=\"widget\" data-e-type=\"widget\" data-widget_type=\"text-editor.default\">\n\t\t\t\t<div class=\"elementor-widget-container\">\n\t\t\t\t\t\t\t\t\t<p>Group the stacked cookies together. Once piped, the cookies can be stacked using two types of systems:<\/p>\n<p><strong>1<\/strong>. By running the cookies through successive conveyor belts at decreasing speeds, so that the cookies are grouped and partially stacked, with the cookies having one part resting on the cookie in front of them.<\/p>\n<p><strong>2.<\/strong> By dropping the cookies directly onto a &#8220;star&#8221; shaped rotating device and being dropped stacked onto a slow speed conveyor belt placed next.<\/p>\n\t\t\t\t\t\t\t\t<\/div>\n\t\t\t\t<\/div>\n\t\t\t\t<div class=\"elementor-element elementor-element-48231fd elementor-widget elementor-widget-heading\" data-id=\"48231fd\" data-element_type=\"widget\" data-e-type=\"widget\" data-widget_type=\"heading.default\">\n\t\t\t\t<div class=\"elementor-widget-container\">\n\t\t\t\t\t<h2 class=\"elementor-heading-title elementor-size-default\">  Vibrating chutes:  <\/h2>\t\t\t\t<\/div>\n\t\t\t\t<\/div>\n\t\t\t\t<div class=\"elementor-element elementor-element-5982c90 elementor-widget-divider--view-line elementor-widget elementor-widget-divider\" data-id=\"5982c90\" data-element_type=\"widget\" data-e-type=\"widget\" data-widget_type=\"divider.default\">\n\t\t\t\t<div class=\"elementor-widget-container\">\n\t\t\t\t\t\t\t<div class=\"elementor-divider\">\n\t\t\t<span class=\"elementor-divider-separator\">\n\t\t\t\t\t\t<\/span>\n\t\t<\/div>\n\t\t\t\t\t\t<\/div>\n\t\t\t\t<\/div>\n\t\t\t\t<div class=\"elementor-element elementor-element-4693a36 elementor-widget elementor-widget-text-editor\" data-id=\"4693a36\" data-element_type=\"widget\" data-e-type=\"widget\" data-widget_type=\"text-editor.default\">\n\t\t\t\t<div class=\"elementor-widget-container\">\n\t\t\t\t\t\t\t\t\t<p>Transport the cookie stream to the loader\/portioner.  <br \/>It is a system of metal channels with a specific shape for each type of cookie format, in order to receive and keep the cookies stacked, with constant flow and at the correct pressure to feed the loaders\/portioners placed ahead.<\/p>\n\t\t\t\t\t\t\t\t<\/div>\n\t\t\t\t<\/div>\n\t\t\t\t<div class=\"elementor-element elementor-element-e912e2b elementor-widget elementor-widget-heading\" data-id=\"e912e2b\" data-element_type=\"widget\" data-e-type=\"widget\" data-widget_type=\"heading.default\">\n\t\t\t\t<div class=\"elementor-widget-container\">\n\t\t\t\t\t<h2 class=\"elementor-heading-title elementor-size-default\">Row Multiplier:  <\/h2>\t\t\t\t<\/div>\n\t\t\t\t<\/div>\n\t\t\t\t<div class=\"elementor-element elementor-element-21663ae elementor-widget-divider--view-line elementor-widget elementor-widget-divider\" data-id=\"21663ae\" data-element_type=\"widget\" data-e-type=\"widget\" data-widget_type=\"divider.default\">\n\t\t\t\t<div class=\"elementor-widget-container\">\n\t\t\t\t\t\t\t<div class=\"elementor-divider\">\n\t\t\t<span class=\"elementor-divider-separator\">\n\t\t\t\t\t\t<\/span>\n\t\t<\/div>\n\t\t\t\t\t\t<\/div>\n\t\t\t\t<\/div>\n\t\t\t\t<div class=\"elementor-element elementor-element-ed55160 elementor-widget elementor-widget-text-editor\" data-id=\"ed55160\" data-element_type=\"widget\" data-e-type=\"widget\" data-widget_type=\"text-editor.default\">\n\t\t\t\t<div class=\"elementor-widget-container\">\n\t\t\t\t\t\t\t\t\t<p>Separate the packet flow into multiple rows. Conveyor belt with braking and guiding systems that distributes the packages in the appropriate number of rows for the secondary packaging need or for the system that follows.<\/p>\n\t\t\t\t\t\t\t\t<\/div>\n\t\t\t\t<\/div>\n\t\t\t\t\t<\/div>\n\t\t\t\t<\/div>\n\t\t\t\t<\/div>\n\t\t","protected":false},"excerpt":{"rendered":"<p>Automation solutions for packaging machines and packaging lines Cookie Piping Separate the cookie stream into separate rows by guides. Channeling is done from cooling, making the cookies slide down a ramped plate, poured directly onto a conveyor belt between guides. Protractor Direct the cookie packs to the secondary packaging equipment. Motorized, chain-driven device with top [&hellip;]<\/p>\n","protected":false},"author":3,"featured_media":3875,"parent":4156,"menu_order":0,"comment_status":"closed","ping_status":"closed","template":"","meta":{"inline_featured_image":false,"_joinchat":[],"footnotes":""},"class_list":["post-4424","page","type-page","status-publish","has-post-thumbnail","hentry"],"yoast_head":"<!-- This site is optimized with the Yoast SEO plugin v27.4 - https:\/\/yoast.com\/product\/yoast-seo-wordpress\/ -->\n<title>Cookie Automation - Gotesp<\/title>\n<meta name=\"robots\" content=\"index, follow, max-snippet:-1, max-image-preview:large, max-video-preview:-1\" \/>\n<link rel=\"canonical\" href=\"https:\/\/gotesp.com.br\/en\/automation-of-packaging-lines\/cookie-automation\/\" \/>\n<meta property=\"og:locale\" content=\"en_US\" \/>\n<meta property=\"og:type\" content=\"article\" \/>\n<meta property=\"og:title\" content=\"Cookie Automation - Gotesp\" \/>\n<meta property=\"og:description\" content=\"Automation solutions for packaging machines and packaging lines Cookie Piping Separate the cookie stream into separate rows by guides. Channeling is done from cooling, making the cookies slide down a ramped plate, poured directly onto a conveyor belt between guides. Protractor Direct the cookie packs to the secondary packaging equipment. Motorized, chain-driven device with top [&hellip;]\" \/>\n<meta property=\"og:url\" content=\"https:\/\/gotesp.com.br\/en\/automation-of-packaging-lines\/cookie-automation\/\" \/>\n<meta property=\"og:site_name\" content=\"Gotesp\" \/>\n<meta property=\"article:modified_time\" content=\"2023-03-27T11:46:45+00:00\" \/>\n<meta property=\"og:image\" content=\"https:\/\/gotesp.com.br\/wp-content\/uploads\/2022\/10\/Speed-Pack-Linha-02-scaled.jpg\" \/>\n\t<meta property=\"og:image:width\" content=\"2560\" \/>\n\t<meta property=\"og:image:height\" content=\"1612\" \/>\n\t<meta property=\"og:image:type\" content=\"image\/jpeg\" \/>\n<meta name=\"twitter:card\" content=\"summary_large_image\" \/>\n<meta name=\"twitter:label1\" content=\"Est. reading time\" \/>\n\t<meta name=\"twitter:data1\" content=\"2 minutes\" \/>\n<script type=\"application\/ld+json\" class=\"yoast-schema-graph\">{\"@context\":\"https:\\\/\\\/schema.org\",\"@graph\":[{\"@type\":\"WebPage\",\"@id\":\"https:\\\/\\\/gotesp.com.br\\\/en\\\/automation-of-packaging-lines\\\/cookie-automation\\\/\",\"url\":\"https:\\\/\\\/gotesp.com.br\\\/en\\\/automation-of-packaging-lines\\\/cookie-automation\\\/\",\"name\":\"Cookie Automation - Gotesp\",\"isPartOf\":{\"@id\":\"https:\\\/\\\/gotesp.com.br\\\/en\\\/#website\"},\"primaryImageOfPage\":{\"@id\":\"https:\\\/\\\/gotesp.com.br\\\/en\\\/automation-of-packaging-lines\\\/cookie-automation\\\/#primaryimage\"},\"image\":{\"@id\":\"https:\\\/\\\/gotesp.com.br\\\/en\\\/automation-of-packaging-lines\\\/cookie-automation\\\/#primaryimage\"},\"thumbnailUrl\":\"https:\\\/\\\/gotesp.com.br\\\/wp-content\\\/uploads\\\/2022\\\/10\\\/Speed-Pack-Linha-02-scaled.jpg\",\"datePublished\":\"2022-10-23T13:33:54+00:00\",\"dateModified\":\"2023-03-27T11:46:45+00:00\",\"breadcrumb\":{\"@id\":\"https:\\\/\\\/gotesp.com.br\\\/en\\\/automation-of-packaging-lines\\\/cookie-automation\\\/#breadcrumb\"},\"inLanguage\":\"en-US\",\"potentialAction\":[{\"@type\":\"ReadAction\",\"target\":[\"https:\\\/\\\/gotesp.com.br\\\/en\\\/automation-of-packaging-lines\\\/cookie-automation\\\/\"]}]},{\"@type\":\"ImageObject\",\"inLanguage\":\"en-US\",\"@id\":\"https:\\\/\\\/gotesp.com.br\\\/en\\\/automation-of-packaging-lines\\\/cookie-automation\\\/#primaryimage\",\"url\":\"https:\\\/\\\/gotesp.com.br\\\/wp-content\\\/uploads\\\/2022\\\/10\\\/Speed-Pack-Linha-02-scaled.jpg\",\"contentUrl\":\"https:\\\/\\\/gotesp.com.br\\\/wp-content\\\/uploads\\\/2022\\\/10\\\/Speed-Pack-Linha-02-scaled.jpg\",\"width\":2560,\"height\":1612,\"caption\":\"gotesp\"},{\"@type\":\"BreadcrumbList\",\"@id\":\"https:\\\/\\\/gotesp.com.br\\\/en\\\/automation-of-packaging-lines\\\/cookie-automation\\\/#breadcrumb\",\"itemListElement\":[{\"@type\":\"ListItem\",\"position\":1,\"name\":\"In\u00edcio\",\"item\":\"https:\\\/\\\/gotesp.com.br\\\/en\\\/\"},{\"@type\":\"ListItem\",\"position\":2,\"name\":\"Automation of packaging lines\",\"item\":\"https:\\\/\\\/gotesp.com.br\\\/en\\\/automacao-de-linhas-de-embalagens\\\/\"},{\"@type\":\"ListItem\",\"position\":3,\"name\":\"Cookie Automation\"}]},{\"@type\":\"WebSite\",\"@id\":\"https:\\\/\\\/gotesp.com.br\\\/en\\\/#website\",\"url\":\"https:\\\/\\\/gotesp.com.br\\\/en\\\/\",\"name\":\"Gotesp\",\"description\":\"Ind\u00fastria de Automa\u00e7\u00e3o de M\u00e1quinas e Embaladoras\",\"publisher\":{\"@id\":\"https:\\\/\\\/gotesp.com.br\\\/en\\\/#organization\"},\"potentialAction\":[{\"@type\":\"SearchAction\",\"target\":{\"@type\":\"EntryPoint\",\"urlTemplate\":\"https:\\\/\\\/gotesp.com.br\\\/en\\\/?s={search_term_string}\"},\"query-input\":{\"@type\":\"PropertyValueSpecification\",\"valueRequired\":true,\"valueName\":\"search_term_string\"}}],\"inLanguage\":\"en-US\"},{\"@type\":\"Organization\",\"@id\":\"https:\\\/\\\/gotesp.com.br\\\/en\\\/#organization\",\"name\":\"Gotesp Ind\u00fastria de Embalagens e Automa\u00e7\u00e3o de M\u00e1quinas Embaladoras\",\"url\":\"https:\\\/\\\/gotesp.com.br\\\/en\\\/\",\"logo\":{\"@type\":\"ImageObject\",\"inLanguage\":\"en-US\",\"@id\":\"https:\\\/\\\/gotesp.com.br\\\/en\\\/#\\\/schema\\\/logo\\\/image\\\/\",\"url\":\"https:\\\/\\\/gotesp.com.br\\\/wp-content\\\/uploads\\\/2022\\\/09\\\/gotesp35_logo.png\",\"contentUrl\":\"https:\\\/\\\/gotesp.com.br\\\/wp-content\\\/uploads\\\/2022\\\/09\\\/gotesp35_logo.png\",\"width\":216,\"height\":49,\"caption\":\"Gotesp Ind\u00fastria de Embalagens e Automa\u00e7\u00e3o de M\u00e1quinas Embaladoras\"},\"image\":{\"@id\":\"https:\\\/\\\/gotesp.com.br\\\/en\\\/#\\\/schema\\\/logo\\\/image\\\/\"}}]}<\/script>\n<!-- \/ Yoast SEO plugin. -->","yoast_head_json":{"title":"Cookie Automation - Gotesp","robots":{"index":"index","follow":"follow","max-snippet":"max-snippet:-1","max-image-preview":"max-image-preview:large","max-video-preview":"max-video-preview:-1"},"canonical":"https:\/\/gotesp.com.br\/en\/automation-of-packaging-lines\/cookie-automation\/","og_locale":"en_US","og_type":"article","og_title":"Cookie Automation - Gotesp","og_description":"Automation solutions for packaging machines and packaging lines Cookie Piping Separate the cookie stream into separate rows by guides. Channeling is done from cooling, making the cookies slide down a ramped plate, poured directly onto a conveyor belt between guides. Protractor Direct the cookie packs to the secondary packaging equipment. Motorized, chain-driven device with top [&hellip;]","og_url":"https:\/\/gotesp.com.br\/en\/automation-of-packaging-lines\/cookie-automation\/","og_site_name":"Gotesp","article_modified_time":"2023-03-27T11:46:45+00:00","og_image":[{"width":2560,"height":1612,"url":"https:\/\/gotesp.com.br\/wp-content\/uploads\/2022\/10\/Speed-Pack-Linha-02-scaled.jpg","type":"image\/jpeg"}],"twitter_card":"summary_large_image","twitter_misc":{"Est. reading time":"2 minutes"},"schema":{"@context":"https:\/\/schema.org","@graph":[{"@type":"WebPage","@id":"https:\/\/gotesp.com.br\/en\/automation-of-packaging-lines\/cookie-automation\/","url":"https:\/\/gotesp.com.br\/en\/automation-of-packaging-lines\/cookie-automation\/","name":"Cookie Automation - Gotesp","isPartOf":{"@id":"https:\/\/gotesp.com.br\/en\/#website"},"primaryImageOfPage":{"@id":"https:\/\/gotesp.com.br\/en\/automation-of-packaging-lines\/cookie-automation\/#primaryimage"},"image":{"@id":"https:\/\/gotesp.com.br\/en\/automation-of-packaging-lines\/cookie-automation\/#primaryimage"},"thumbnailUrl":"https:\/\/gotesp.com.br\/wp-content\/uploads\/2022\/10\/Speed-Pack-Linha-02-scaled.jpg","datePublished":"2022-10-23T13:33:54+00:00","dateModified":"2023-03-27T11:46:45+00:00","breadcrumb":{"@id":"https:\/\/gotesp.com.br\/en\/automation-of-packaging-lines\/cookie-automation\/#breadcrumb"},"inLanguage":"en-US","potentialAction":[{"@type":"ReadAction","target":["https:\/\/gotesp.com.br\/en\/automation-of-packaging-lines\/cookie-automation\/"]}]},{"@type":"ImageObject","inLanguage":"en-US","@id":"https:\/\/gotesp.com.br\/en\/automation-of-packaging-lines\/cookie-automation\/#primaryimage","url":"https:\/\/gotesp.com.br\/wp-content\/uploads\/2022\/10\/Speed-Pack-Linha-02-scaled.jpg","contentUrl":"https:\/\/gotesp.com.br\/wp-content\/uploads\/2022\/10\/Speed-Pack-Linha-02-scaled.jpg","width":2560,"height":1612,"caption":"gotesp"},{"@type":"BreadcrumbList","@id":"https:\/\/gotesp.com.br\/en\/automation-of-packaging-lines\/cookie-automation\/#breadcrumb","itemListElement":[{"@type":"ListItem","position":1,"name":"In\u00edcio","item":"https:\/\/gotesp.com.br\/en\/"},{"@type":"ListItem","position":2,"name":"Automation of packaging lines","item":"https:\/\/gotesp.com.br\/en\/automacao-de-linhas-de-embalagens\/"},{"@type":"ListItem","position":3,"name":"Cookie Automation"}]},{"@type":"WebSite","@id":"https:\/\/gotesp.com.br\/en\/#website","url":"https:\/\/gotesp.com.br\/en\/","name":"Gotesp","description":"Ind\u00fastria de Automa\u00e7\u00e3o de M\u00e1quinas e Embaladoras","publisher":{"@id":"https:\/\/gotesp.com.br\/en\/#organization"},"potentialAction":[{"@type":"SearchAction","target":{"@type":"EntryPoint","urlTemplate":"https:\/\/gotesp.com.br\/en\/?s={search_term_string}"},"query-input":{"@type":"PropertyValueSpecification","valueRequired":true,"valueName":"search_term_string"}}],"inLanguage":"en-US"},{"@type":"Organization","@id":"https:\/\/gotesp.com.br\/en\/#organization","name":"Gotesp Ind\u00fastria de Embalagens e Automa\u00e7\u00e3o de M\u00e1quinas Embaladoras","url":"https:\/\/gotesp.com.br\/en\/","logo":{"@type":"ImageObject","inLanguage":"en-US","@id":"https:\/\/gotesp.com.br\/en\/#\/schema\/logo\/image\/","url":"https:\/\/gotesp.com.br\/wp-content\/uploads\/2022\/09\/gotesp35_logo.png","contentUrl":"https:\/\/gotesp.com.br\/wp-content\/uploads\/2022\/09\/gotesp35_logo.png","width":216,"height":49,"caption":"Gotesp Ind\u00fastria de Embalagens e Automa\u00e7\u00e3o de M\u00e1quinas Embaladoras"},"image":{"@id":"https:\/\/gotesp.com.br\/en\/#\/schema\/logo\/image\/"}}]}},"_links":{"self":[{"href":"https:\/\/gotesp.com.br\/en\/wp-json\/wp\/v2\/pages\/4424","targetHints":{"allow":["GET"]}}],"collection":[{"href":"https:\/\/gotesp.com.br\/en\/wp-json\/wp\/v2\/pages"}],"about":[{"href":"https:\/\/gotesp.com.br\/en\/wp-json\/wp\/v2\/types\/page"}],"author":[{"embeddable":true,"href":"https:\/\/gotesp.com.br\/en\/wp-json\/wp\/v2\/users\/3"}],"replies":[{"embeddable":true,"href":"https:\/\/gotesp.com.br\/en\/wp-json\/wp\/v2\/comments?post=4424"}],"version-history":[{"count":2,"href":"https:\/\/gotesp.com.br\/en\/wp-json\/wp\/v2\/pages\/4424\/revisions"}],"predecessor-version":[{"id":4427,"href":"https:\/\/gotesp.com.br\/en\/wp-json\/wp\/v2\/pages\/4424\/revisions\/4427"}],"up":[{"embeddable":true,"href":"https:\/\/gotesp.com.br\/en\/wp-json\/wp\/v2\/pages\/4156"}],"wp:featuredmedia":[{"embeddable":true,"href":"https:\/\/gotesp.com.br\/en\/wp-json\/wp\/v2\/media\/3875"}],"wp:attachment":[{"href":"https:\/\/gotesp.com.br\/en\/wp-json\/wp\/v2\/media?parent=4424"}],"curies":[{"name":"wp","href":"https:\/\/api.w.org\/{rel}","templated":true}]}}