{"id":4439,"date":"2022-10-23T13:40:10","date_gmt":"2022-10-23T13:40:10","guid":{"rendered":"https:\/\/gotesp.com.br\/automation-of-packaging-lines\/automation-for-chocolate\/"},"modified":"2023-03-27T11:55:49","modified_gmt":"2023-03-27T11:55:49","slug":"automation-for-chocolate","status":"publish","type":"page","link":"https:\/\/gotesp.com.br\/en\/automation-of-packaging-lines\/automation-for-chocolate\/","title":{"rendered":"Automation for Chocolate"},"content":{"rendered":"\t\t<div data-elementor-type=\"wp-page\" data-elementor-id=\"4439\" class=\"elementor elementor-4439\" data-elementor-settings=\"{&quot;ha_cmc_init_switcher&quot;:&quot;no&quot;}\" data-elementor-post-type=\"page\">\n\t\t\t\t<section class=\"elementor-element elementor-element-1c5d7bf e-con-full e-flex e-con e-parent\" data-id=\"1c5d7bf\" data-element_type=\"container\" data-e-type=\"container\" data-settings=\"{&quot;background_background&quot;:&quot;classic&quot;}\">\n\t\t\t\t<div class=\"elementor-element elementor-element-bd87429 elementor-widget elementor-widget-heading\" data-id=\"bd87429\" data-element_type=\"widget\" data-e-type=\"widget\" data-widget_type=\"heading.default\">\n\t\t\t\t<div class=\"elementor-widget-container\">\n\t\t\t\t\t<p class=\"elementor-heading-title elementor-size-default\">Automation solutions for packaging machines and packaging lines<\/p>\t\t\t\t<\/div>\n\t\t\t\t<\/div>\n\t\t\t\t<div class=\"elementor-element elementor-element-5d91a9f elementor-widget__width-inherit elementor-widget elementor-widget-heading\" data-id=\"5d91a9f\" data-element_type=\"widget\" data-e-type=\"widget\" data-widget_type=\"heading.default\">\n\t\t\t\t<div class=\"elementor-widget-container\">\n\t\t\t\t\t<h1 class=\"elementor-heading-title elementor-size-default\">Automation for Chocolate<\/h1>\t\t\t\t<\/div>\n\t\t\t\t<\/div>\n\t\t\t\t<div class=\"elementor-element elementor-element-3c8b217 elementor-align-center elementor-widget elementor-widget-breadcrumbs\" data-id=\"3c8b217\" data-element_type=\"widget\" data-e-type=\"widget\" data-widget_type=\"breadcrumbs.default\">\n\t\t\t\t<div class=\"elementor-widget-container\">\n\t\t\t\t\t<nav id=\"breadcrumbs\"><span><span><a href=\"https:\/\/gotesp.com.br\/en\/\">In\u00edcio<\/a><\/span><\/span><\/nav>\t\t\t\t<\/div>\n\t\t\t\t<\/div>\n\t\t\t\t<\/section>\n\t\t<div class=\"elementor-element elementor-element-9a4ef8a e-flex e-con-boxed e-con e-parent\" data-id=\"9a4ef8a\" data-element_type=\"container\" data-e-type=\"container\">\n\t\t\t\t\t<div class=\"e-con-inner\">\n\t\t\t\t<div class=\"elementor-element elementor-element-f3298ba elementor-widget elementor-widget-image\" data-id=\"f3298ba\" data-element_type=\"widget\" data-e-type=\"widget\" data-widget_type=\"image.default\">\n\t\t\t\t<div class=\"elementor-widget-container\">\n\t\t\t\t\t\t\t\t\t\t\t\t\t\t\t\t<a href=\"https:\/\/gotesp.com.br\/wp-content\/uploads\/2022\/12\/Automacao-chocolate-scaled.jpg\" data-elementor-open-lightbox=\"yes\" data-elementor-lightbox-title=\"Automacao chocolate\" data-e-action-hash=\"#elementor-action%3Aaction%3Dlightbox%26settings%3DeyJpZCI6NDAxOSwidXJsIjoiaHR0cHM6XC9cL2dvdGVzcC5jb20uYnJcL3dwLWNvbnRlbnRcL3VwbG9hZHNcLzIwMjJcLzEyXC9BdXRvbWFjYW8tY2hvY29sYXRlLXNjYWxlZC5qcGcifQ%3D%3D\">\n\t\t\t\t\t\t\t<img fetchpriority=\"high\" decoding=\"async\" width=\"800\" height=\"534\" src=\"https:\/\/gotesp.com.br\/wp-content\/uploads\/2022\/12\/Automacao-chocolate-1024x683.jpg\" class=\"attachment-large size-large wp-image-4019\" alt=\"\" srcset=\"https:\/\/gotesp.com.br\/wp-content\/uploads\/2022\/12\/Automacao-chocolate-1024x683.jpg 1024w, https:\/\/gotesp.com.br\/wp-content\/uploads\/2022\/12\/Automacao-chocolate-300x200.jpg 300w, https:\/\/gotesp.com.br\/wp-content\/uploads\/2022\/12\/Automacao-chocolate-768x512.jpg 768w, https:\/\/gotesp.com.br\/wp-content\/uploads\/2022\/12\/Automacao-chocolate-1536x1024.jpg 1536w, https:\/\/gotesp.com.br\/wp-content\/uploads\/2022\/12\/Automacao-chocolate-2048x1365.jpg 2048w\" sizes=\"(max-width: 800px) 100vw, 800px\" \/>\t\t\t\t\t\t\t\t<\/a>\n\t\t\t\t\t\t\t\t\t\t\t\t\t\t\t<\/div>\n\t\t\t\t<\/div>\n\t\t\t\t\t<\/div>\n\t\t\t\t<\/div>\n\t\t<div class=\"elementor-element elementor-element-23c4425 e-flex e-con-boxed e-con e-parent\" data-id=\"23c4425\" data-element_type=\"container\" data-e-type=\"container\">\n\t\t\t\t\t<div class=\"e-con-inner\">\n\t\t\t\t<div class=\"elementor-element elementor-element-737047c elementor-widget elementor-widget-heading\" data-id=\"737047c\" data-element_type=\"widget\" data-e-type=\"widget\" data-widget_type=\"heading.default\">\n\t\t\t\t<div class=\"elementor-widget-container\">\n\t\t\t\t\t<h2 class=\"elementor-heading-title elementor-size-default\">  Pull Nose Treadmill<\/h2>\t\t\t\t<\/div>\n\t\t\t\t<\/div>\n\t\t\t\t<div class=\"elementor-element elementor-element-43a473c elementor-widget-divider--view-line elementor-widget elementor-widget-divider\" data-id=\"43a473c\" data-element_type=\"widget\" data-e-type=\"widget\" data-widget_type=\"divider.default\">\n\t\t\t\t<div class=\"elementor-widget-container\">\n\t\t\t\t\t\t\t<div class=\"elementor-divider\">\n\t\t\t<span class=\"elementor-divider-separator\">\n\t\t\t\t\t\t<\/span>\n\t\t<\/div>\n\t\t\t\t\t\t<\/div>\n\t\t\t\t<\/div>\n\t\t\t\t<div class=\"elementor-element elementor-element-802f875 elementor-widget elementor-widget-text-editor\" data-id=\"802f875\" data-element_type=\"widget\" data-e-type=\"widget\" data-widget_type=\"text-editor.default\">\n\t\t\t\t<div class=\"elementor-widget-container\">\n\t\t\t\t\t\t\t\t\t<p>Separate and direct the rows of products to the packer.<br \/>This is a canvas conveyor belt, which has two movements at its exit end:<\/p>\n<ul>\n<li>It tilts downwards, so that in its lower position it unloads the rows of tablets onto the collecting conveyor. When in its top position, it delivers the rows to the subsequent station.<\/li>\n<li>Backtracking, so as to evenly unload the rows, touching the tablet tips first and backtracking until the whole tablet is in contact with the collecting conveyor.<\/li>\n<\/ul>\n\t\t\t\t\t\t\t\t<\/div>\n\t\t\t\t<\/div>\n\t\t\t\t<div class=\"elementor-element elementor-element-552407a elementor-widget elementor-widget-heading\" data-id=\"552407a\" data-element_type=\"widget\" data-e-type=\"widget\" data-widget_type=\"heading.default\">\n\t\t\t\t<div class=\"elementor-widget-container\">\n\t\t\t\t\t<h2 class=\"elementor-heading-title elementor-size-default\">  In Line\" Synchronization Conveyor<\/h2>\t\t\t\t<\/div>\n\t\t\t\t<\/div>\n\t\t\t\t<div class=\"elementor-element elementor-element-08307ab elementor-widget-divider--view-line elementor-widget elementor-widget-divider\" data-id=\"08307ab\" data-element_type=\"widget\" data-e-type=\"widget\" data-widget_type=\"divider.default\">\n\t\t\t\t<div class=\"elementor-widget-container\">\n\t\t\t\t\t\t\t<div class=\"elementor-divider\">\n\t\t\t<span class=\"elementor-divider-separator\">\n\t\t\t\t\t\t<\/span>\n\t\t<\/div>\n\t\t\t\t\t\t<\/div>\n\t\t\t\t<\/div>\n\t\t\t\t<div class=\"elementor-element elementor-element-78d1e83 elementor-widget elementor-widget-text-editor\" data-id=\"78d1e83\" data-element_type=\"widget\" data-e-type=\"widget\" data-widget_type=\"text-editor.default\">\n\t\t\t\t<div class=\"elementor-widget-container\">\n\t\t\t\t\t\t\t\t\t<p>Organize, sort and synchronize the products and place them neatly in the packer.  <br \/>Set of a certain number of canvas conveyor belts. In general, the first conveyors do the collating, sending the products to the next conveyors in a continuous and uniform flow, so that the last conveyor performs the spacing between the products and delivers them synchronously to the pushers of the packer&#8217;s infeed chain.<\/p>\n\t\t\t\t\t\t\t\t<\/div>\n\t\t\t\t<\/div>\n\t\t\t\t<div class=\"elementor-element elementor-element-7a9aff0 elementor-widget elementor-widget-heading\" data-id=\"7a9aff0\" data-element_type=\"widget\" data-e-type=\"widget\" data-widget_type=\"heading.default\">\n\t\t\t\t<div class=\"elementor-widget-container\">\n\t\t\t\t\t<h2 class=\"elementor-heading-title elementor-size-default\">Drop Station Treadmill<\/h2>\t\t\t\t<\/div>\n\t\t\t\t<\/div>\n\t\t\t\t<div class=\"elementor-element elementor-element-eb5d58f elementor-widget-divider--view-line elementor-widget elementor-widget-divider\" data-id=\"eb5d58f\" data-element_type=\"widget\" data-e-type=\"widget\" data-widget_type=\"divider.default\">\n\t\t\t\t<div class=\"elementor-widget-container\">\n\t\t\t\t\t\t\t<div class=\"elementor-divider\">\n\t\t\t<span class=\"elementor-divider-separator\">\n\t\t\t\t\t\t<\/span>\n\t\t<\/div>\n\t\t\t\t\t\t<\/div>\n\t\t\t\t<\/div>\n\t\t\t\t<div class=\"elementor-element elementor-element-095e1e4 elementor-widget elementor-widget-text-editor\" data-id=\"095e1e4\" data-element_type=\"widget\" data-e-type=\"widget\" data-widget_type=\"text-editor.default\">\n\t\t\t\t<div class=\"elementor-widget-container\">\n\t\t\t\t\t\t\t\t\t<p>Separate and direct the rows of products to the packer. Similar to the pull nose conveyor described above, the system has a conveyor with only a tilting movement, which allows the delivery of the rows to a conveyor just below, the Drop Station, itself, with intermittent and synchronized movement for delivery to the collection conveyor at the given moment.  <br \/>Depending on the need it can have recoil movement of the output end.<\/p>\n\t\t\t\t\t\t\t\t<\/div>\n\t\t\t\t<\/div>\n\t\t\t\t<div class=\"elementor-element elementor-element-cee0d5d elementor-widget elementor-widget-heading\" data-id=\"cee0d5d\" data-element_type=\"widget\" data-e-type=\"widget\" data-widget_type=\"heading.default\">\n\t\t\t\t<div class=\"elementor-widget-container\">\n\t\t\t\t\t<h2 class=\"elementor-heading-title elementor-size-default\">Row Aligner<\/h2>\t\t\t\t<\/div>\n\t\t\t\t<\/div>\n\t\t\t\t<div class=\"elementor-element elementor-element-a1b6824 elementor-widget-divider--view-line elementor-widget elementor-widget-divider\" data-id=\"a1b6824\" data-element_type=\"widget\" data-e-type=\"widget\" data-widget_type=\"divider.default\">\n\t\t\t\t<div class=\"elementor-widget-container\">\n\t\t\t\t\t\t\t<div class=\"elementor-divider\">\n\t\t\t<span class=\"elementor-divider-separator\">\n\t\t\t\t\t\t<\/span>\n\t\t<\/div>\n\t\t\t\t\t\t<\/div>\n\t\t\t\t<\/div>\n\t\t\t\t<div class=\"elementor-element elementor-element-daec0e5 elementor-widget elementor-widget-text-editor\" data-id=\"daec0e5\" data-element_type=\"widget\" data-e-type=\"widget\" data-widget_type=\"text-editor.default\">\n\t\t\t\t<div class=\"elementor-widget-container\">\n\t\t\t\t\t\t\t\t\t<p>Align the products in the same row. A device installed on a conveyor belt of chocolate bars and that has a ruler that approaches this conveyor belt and aligns the bars in the same rows.<\/p>\n\t\t\t\t\t\t\t\t<\/div>\n\t\t\t\t<\/div>\n\t\t\t\t\t<\/div>\n\t\t\t\t<\/div>\n\t\t\t\t<\/div>\n\t\t","protected":false},"excerpt":{"rendered":"<p>Automation solutions for packaging machines and packaging lines Pull Nose Treadmill Separate and direct the rows of products to the packer.This is a canvas conveyor belt, which has two movements at its exit end: It tilts downwards, so that in its lower position it unloads the rows of tablets onto the collecting conveyor. When in [&hellip;]<\/p>\n","protected":false},"author":3,"featured_media":3931,"parent":4156,"menu_order":0,"comment_status":"closed","ping_status":"closed","template":"","meta":{"inline_featured_image":false,"_joinchat":[],"footnotes":""},"class_list":["post-4439","page","type-page","status-publish","has-post-thumbnail","hentry"],"yoast_head":"<!-- This site is optimized with the Yoast SEO plugin v27.3 - https:\/\/yoast.com\/product\/yoast-seo-wordpress\/ -->\n<title>Automation for Chocolate - Gotesp<\/title>\n<meta name=\"robots\" content=\"index, follow, max-snippet:-1, max-image-preview:large, max-video-preview:-1\" \/>\n<link rel=\"canonical\" href=\"https:\/\/gotesp.com.br\/en\/automation-of-packaging-lines\/automation-for-chocolate\/\" \/>\n<meta property=\"og:locale\" content=\"en_US\" \/>\n<meta property=\"og:type\" content=\"article\" \/>\n<meta property=\"og:title\" content=\"Automation for Chocolate - Gotesp\" \/>\n<meta property=\"og:description\" content=\"Automation solutions for packaging machines and packaging lines Pull Nose Treadmill Separate and direct the rows of products to the packer.This is a canvas conveyor belt, which has two movements at its exit end: It tilts downwards, so that in its lower position it unloads the rows of tablets onto the collecting conveyor. When in [&hellip;]\" \/>\n<meta property=\"og:url\" content=\"https:\/\/gotesp.com.br\/en\/automation-of-packaging-lines\/automation-for-chocolate\/\" \/>\n<meta property=\"og:site_name\" content=\"Gotesp\" \/>\n<meta property=\"article:modified_time\" content=\"2023-03-27T11:55:49+00:00\" \/>\n<meta property=\"og:image\" content=\"https:\/\/gotesp.com.br\/wp-content\/uploads\/2022\/11\/Automacao-chocolate-scaled.jpg\" \/>\n\t<meta property=\"og:image:width\" content=\"2560\" \/>\n\t<meta property=\"og:image:height\" content=\"1707\" \/>\n\t<meta property=\"og:image:type\" content=\"image\/jpeg\" \/>\n<meta name=\"twitter:card\" content=\"summary_large_image\" \/>\n<meta name=\"twitter:label1\" content=\"Est. reading time\" \/>\n\t<meta name=\"twitter:data1\" content=\"1 minute\" \/>\n<script type=\"application\/ld+json\" class=\"yoast-schema-graph\">{\"@context\":\"https:\\\/\\\/schema.org\",\"@graph\":[{\"@type\":\"WebPage\",\"@id\":\"https:\\\/\\\/gotesp.com.br\\\/en\\\/automation-of-packaging-lines\\\/automation-for-chocolate\\\/\",\"url\":\"https:\\\/\\\/gotesp.com.br\\\/en\\\/automation-of-packaging-lines\\\/automation-for-chocolate\\\/\",\"name\":\"Automation for Chocolate - Gotesp\",\"isPartOf\":{\"@id\":\"https:\\\/\\\/gotesp.com.br\\\/en\\\/#website\"},\"primaryImageOfPage\":{\"@id\":\"https:\\\/\\\/gotesp.com.br\\\/en\\\/automation-of-packaging-lines\\\/automation-for-chocolate\\\/#primaryimage\"},\"image\":{\"@id\":\"https:\\\/\\\/gotesp.com.br\\\/en\\\/automation-of-packaging-lines\\\/automation-for-chocolate\\\/#primaryimage\"},\"thumbnailUrl\":\"https:\\\/\\\/gotesp.com.br\\\/wp-content\\\/uploads\\\/2022\\\/11\\\/Automacao-chocolate-scaled.jpg\",\"datePublished\":\"2022-10-23T13:40:10+00:00\",\"dateModified\":\"2023-03-27T11:55:49+00:00\",\"breadcrumb\":{\"@id\":\"https:\\\/\\\/gotesp.com.br\\\/en\\\/automation-of-packaging-lines\\\/automation-for-chocolate\\\/#breadcrumb\"},\"inLanguage\":\"en-US\",\"potentialAction\":[{\"@type\":\"ReadAction\",\"target\":[\"https:\\\/\\\/gotesp.com.br\\\/en\\\/automation-of-packaging-lines\\\/automation-for-chocolate\\\/\"]}]},{\"@type\":\"ImageObject\",\"inLanguage\":\"en-US\",\"@id\":\"https:\\\/\\\/gotesp.com.br\\\/en\\\/automation-of-packaging-lines\\\/automation-for-chocolate\\\/#primaryimage\",\"url\":\"https:\\\/\\\/gotesp.com.br\\\/wp-content\\\/uploads\\\/2022\\\/11\\\/Automacao-chocolate-scaled.jpg\",\"contentUrl\":\"https:\\\/\\\/gotesp.com.br\\\/wp-content\\\/uploads\\\/2022\\\/11\\\/Automacao-chocolate-scaled.jpg\",\"width\":2560,\"height\":1707},{\"@type\":\"BreadcrumbList\",\"@id\":\"https:\\\/\\\/gotesp.com.br\\\/en\\\/automation-of-packaging-lines\\\/automation-for-chocolate\\\/#breadcrumb\",\"itemListElement\":[{\"@type\":\"ListItem\",\"position\":1,\"name\":\"In\u00edcio\",\"item\":\"https:\\\/\\\/gotesp.com.br\\\/en\\\/\"},{\"@type\":\"ListItem\",\"position\":2,\"name\":\"Automation of packaging lines\",\"item\":\"https:\\\/\\\/gotesp.com.br\\\/en\\\/automacao-de-linhas-de-embalagens\\\/\"},{\"@type\":\"ListItem\",\"position\":3,\"name\":\"Automation for Chocolate\"}]},{\"@type\":\"WebSite\",\"@id\":\"https:\\\/\\\/gotesp.com.br\\\/en\\\/#website\",\"url\":\"https:\\\/\\\/gotesp.com.br\\\/en\\\/\",\"name\":\"Gotesp\",\"description\":\"Ind\u00fastria de Automa\u00e7\u00e3o de M\u00e1quinas e Embaladoras\",\"publisher\":{\"@id\":\"https:\\\/\\\/gotesp.com.br\\\/en\\\/#organization\"},\"potentialAction\":[{\"@type\":\"SearchAction\",\"target\":{\"@type\":\"EntryPoint\",\"urlTemplate\":\"https:\\\/\\\/gotesp.com.br\\\/en\\\/?s={search_term_string}\"},\"query-input\":{\"@type\":\"PropertyValueSpecification\",\"valueRequired\":true,\"valueName\":\"search_term_string\"}}],\"inLanguage\":\"en-US\"},{\"@type\":\"Organization\",\"@id\":\"https:\\\/\\\/gotesp.com.br\\\/en\\\/#organization\",\"name\":\"Gotesp Ind\u00fastria de Embalagens e Automa\u00e7\u00e3o de M\u00e1quinas Embaladoras\",\"url\":\"https:\\\/\\\/gotesp.com.br\\\/en\\\/\",\"logo\":{\"@type\":\"ImageObject\",\"inLanguage\":\"en-US\",\"@id\":\"https:\\\/\\\/gotesp.com.br\\\/en\\\/#\\\/schema\\\/logo\\\/image\\\/\",\"url\":\"https:\\\/\\\/gotesp.com.br\\\/wp-content\\\/uploads\\\/2022\\\/09\\\/gotesp35_logo.png\",\"contentUrl\":\"https:\\\/\\\/gotesp.com.br\\\/wp-content\\\/uploads\\\/2022\\\/09\\\/gotesp35_logo.png\",\"width\":216,\"height\":49,\"caption\":\"Gotesp Ind\u00fastria de Embalagens e Automa\u00e7\u00e3o de M\u00e1quinas Embaladoras\"},\"image\":{\"@id\":\"https:\\\/\\\/gotesp.com.br\\\/en\\\/#\\\/schema\\\/logo\\\/image\\\/\"}}]}<\/script>\n<!-- \/ Yoast SEO plugin. -->","yoast_head_json":{"title":"Automation for Chocolate - Gotesp","robots":{"index":"index","follow":"follow","max-snippet":"max-snippet:-1","max-image-preview":"max-image-preview:large","max-video-preview":"max-video-preview:-1"},"canonical":"https:\/\/gotesp.com.br\/en\/automation-of-packaging-lines\/automation-for-chocolate\/","og_locale":"en_US","og_type":"article","og_title":"Automation for Chocolate - Gotesp","og_description":"Automation solutions for packaging machines and packaging lines Pull Nose Treadmill Separate and direct the rows of products to the packer.This is a canvas conveyor belt, which has two movements at its exit end: It tilts downwards, so that in its lower position it unloads the rows of tablets onto the collecting conveyor. When in [&hellip;]","og_url":"https:\/\/gotesp.com.br\/en\/automation-of-packaging-lines\/automation-for-chocolate\/","og_site_name":"Gotesp","article_modified_time":"2023-03-27T11:55:49+00:00","og_image":[{"width":2560,"height":1707,"url":"https:\/\/gotesp.com.br\/wp-content\/uploads\/2022\/11\/Automacao-chocolate-scaled.jpg","type":"image\/jpeg"}],"twitter_card":"summary_large_image","twitter_misc":{"Est. reading time":"1 minute"},"schema":{"@context":"https:\/\/schema.org","@graph":[{"@type":"WebPage","@id":"https:\/\/gotesp.com.br\/en\/automation-of-packaging-lines\/automation-for-chocolate\/","url":"https:\/\/gotesp.com.br\/en\/automation-of-packaging-lines\/automation-for-chocolate\/","name":"Automation for Chocolate - Gotesp","isPartOf":{"@id":"https:\/\/gotesp.com.br\/en\/#website"},"primaryImageOfPage":{"@id":"https:\/\/gotesp.com.br\/en\/automation-of-packaging-lines\/automation-for-chocolate\/#primaryimage"},"image":{"@id":"https:\/\/gotesp.com.br\/en\/automation-of-packaging-lines\/automation-for-chocolate\/#primaryimage"},"thumbnailUrl":"https:\/\/gotesp.com.br\/wp-content\/uploads\/2022\/11\/Automacao-chocolate-scaled.jpg","datePublished":"2022-10-23T13:40:10+00:00","dateModified":"2023-03-27T11:55:49+00:00","breadcrumb":{"@id":"https:\/\/gotesp.com.br\/en\/automation-of-packaging-lines\/automation-for-chocolate\/#breadcrumb"},"inLanguage":"en-US","potentialAction":[{"@type":"ReadAction","target":["https:\/\/gotesp.com.br\/en\/automation-of-packaging-lines\/automation-for-chocolate\/"]}]},{"@type":"ImageObject","inLanguage":"en-US","@id":"https:\/\/gotesp.com.br\/en\/automation-of-packaging-lines\/automation-for-chocolate\/#primaryimage","url":"https:\/\/gotesp.com.br\/wp-content\/uploads\/2022\/11\/Automacao-chocolate-scaled.jpg","contentUrl":"https:\/\/gotesp.com.br\/wp-content\/uploads\/2022\/11\/Automacao-chocolate-scaled.jpg","width":2560,"height":1707},{"@type":"BreadcrumbList","@id":"https:\/\/gotesp.com.br\/en\/automation-of-packaging-lines\/automation-for-chocolate\/#breadcrumb","itemListElement":[{"@type":"ListItem","position":1,"name":"In\u00edcio","item":"https:\/\/gotesp.com.br\/en\/"},{"@type":"ListItem","position":2,"name":"Automation of packaging lines","item":"https:\/\/gotesp.com.br\/en\/automacao-de-linhas-de-embalagens\/"},{"@type":"ListItem","position":3,"name":"Automation for Chocolate"}]},{"@type":"WebSite","@id":"https:\/\/gotesp.com.br\/en\/#website","url":"https:\/\/gotesp.com.br\/en\/","name":"Gotesp","description":"Ind\u00fastria de Automa\u00e7\u00e3o de M\u00e1quinas e Embaladoras","publisher":{"@id":"https:\/\/gotesp.com.br\/en\/#organization"},"potentialAction":[{"@type":"SearchAction","target":{"@type":"EntryPoint","urlTemplate":"https:\/\/gotesp.com.br\/en\/?s={search_term_string}"},"query-input":{"@type":"PropertyValueSpecification","valueRequired":true,"valueName":"search_term_string"}}],"inLanguage":"en-US"},{"@type":"Organization","@id":"https:\/\/gotesp.com.br\/en\/#organization","name":"Gotesp Ind\u00fastria de Embalagens e Automa\u00e7\u00e3o de M\u00e1quinas Embaladoras","url":"https:\/\/gotesp.com.br\/en\/","logo":{"@type":"ImageObject","inLanguage":"en-US","@id":"https:\/\/gotesp.com.br\/en\/#\/schema\/logo\/image\/","url":"https:\/\/gotesp.com.br\/wp-content\/uploads\/2022\/09\/gotesp35_logo.png","contentUrl":"https:\/\/gotesp.com.br\/wp-content\/uploads\/2022\/09\/gotesp35_logo.png","width":216,"height":49,"caption":"Gotesp Ind\u00fastria de Embalagens e Automa\u00e7\u00e3o de M\u00e1quinas Embaladoras"},"image":{"@id":"https:\/\/gotesp.com.br\/en\/#\/schema\/logo\/image\/"}}]}},"_links":{"self":[{"href":"https:\/\/gotesp.com.br\/en\/wp-json\/wp\/v2\/pages\/4439","targetHints":{"allow":["GET"]}}],"collection":[{"href":"https:\/\/gotesp.com.br\/en\/wp-json\/wp\/v2\/pages"}],"about":[{"href":"https:\/\/gotesp.com.br\/en\/wp-json\/wp\/v2\/types\/page"}],"author":[{"embeddable":true,"href":"https:\/\/gotesp.com.br\/en\/wp-json\/wp\/v2\/users\/3"}],"replies":[{"embeddable":true,"href":"https:\/\/gotesp.com.br\/en\/wp-json\/wp\/v2\/comments?post=4439"}],"version-history":[{"count":1,"href":"https:\/\/gotesp.com.br\/en\/wp-json\/wp\/v2\/pages\/4439\/revisions"}],"predecessor-version":[{"id":4441,"href":"https:\/\/gotesp.com.br\/en\/wp-json\/wp\/v2\/pages\/4439\/revisions\/4441"}],"up":[{"embeddable":true,"href":"https:\/\/gotesp.com.br\/en\/wp-json\/wp\/v2\/pages\/4156"}],"wp:featuredmedia":[{"embeddable":true,"href":"https:\/\/gotesp.com.br\/en\/wp-json\/wp\/v2\/media\/3931"}],"wp:attachment":[{"href":"https:\/\/gotesp.com.br\/en\/wp-json\/wp\/v2\/media?parent=4439"}],"curies":[{"name":"wp","href":"https:\/\/api.w.org\/{rel}","templated":true}]}}