{"id":4444,"date":"2022-10-23T13:57:13","date_gmt":"2022-10-23T13:57:13","guid":{"rendered":"https:\/\/gotesp.com.br\/automation-of-packaging-lines\/automation-for-noodles-in-tray\/"},"modified":"2023-03-27T11:57:22","modified_gmt":"2023-03-27T11:57:22","slug":"automation-for-noodles-in-tray","status":"publish","type":"page","link":"https:\/\/gotesp.com.br\/en\/automation-of-packaging-lines\/automation-for-noodles-in-tray\/","title":{"rendered":"Automation for Noodles in Tray"},"content":{"rendered":"\t\t<div data-elementor-type=\"wp-page\" data-elementor-id=\"4444\" class=\"elementor elementor-4444\" data-elementor-settings=\"{&quot;ha_cmc_init_switcher&quot;:&quot;no&quot;}\" data-elementor-post-type=\"page\">\n\t\t\t\t<section class=\"elementor-element elementor-element-149df0b e-con-full e-flex e-con e-parent\" data-id=\"149df0b\" data-element_type=\"container\" data-e-type=\"container\" data-settings=\"{&quot;background_background&quot;:&quot;classic&quot;}\">\n\t\t\t\t<div class=\"elementor-element elementor-element-bebb27e elementor-widget elementor-widget-heading\" data-id=\"bebb27e\" data-element_type=\"widget\" data-e-type=\"widget\" data-widget_type=\"heading.default\">\n\t\t\t\t<div class=\"elementor-widget-container\">\n\t\t\t\t\t<p class=\"elementor-heading-title elementor-size-default\">Automation solutions for packaging machines and packaging lines<\/p>\t\t\t\t<\/div>\n\t\t\t\t<\/div>\n\t\t\t\t<div class=\"elementor-element elementor-element-95bc187 elementor-widget__width-inherit elementor-widget elementor-widget-heading\" data-id=\"95bc187\" data-element_type=\"widget\" data-e-type=\"widget\" data-widget_type=\"heading.default\">\n\t\t\t\t<div class=\"elementor-widget-container\">\n\t\t\t\t\t<h1 class=\"elementor-heading-title elementor-size-default\">Automation for Noodles in Tray<\/h1>\t\t\t\t<\/div>\n\t\t\t\t<\/div>\n\t\t\t\t<div class=\"elementor-element elementor-element-f777f9b elementor-align-center elementor-widget elementor-widget-breadcrumbs\" data-id=\"f777f9b\" data-element_type=\"widget\" data-e-type=\"widget\" data-widget_type=\"breadcrumbs.default\">\n\t\t\t\t<div class=\"elementor-widget-container\">\n\t\t\t\t\t<nav id=\"breadcrumbs\"><span><span><a href=\"https:\/\/gotesp.com.br\/en\/\">In\u00edcio<\/a><\/span><\/span><\/nav>\t\t\t\t<\/div>\n\t\t\t\t<\/div>\n\t\t\t\t<\/section>\n\t\t<div class=\"elementor-element elementor-element-8969307 e-flex e-con-boxed e-con e-parent\" data-id=\"8969307\" data-element_type=\"container\" data-e-type=\"container\">\n\t\t\t\t\t<div class=\"e-con-inner\">\n\t\t\t\t<div class=\"elementor-element elementor-element-4aeb8b2 elementor-widget elementor-widget-image\" data-id=\"4aeb8b2\" data-element_type=\"widget\" data-e-type=\"widget\" data-widget_type=\"image.default\">\n\t\t\t\t<div class=\"elementor-widget-container\">\n\t\t\t\t\t\t\t\t\t\t\t\t\t\t\t\t<a href=\"https:\/\/gotesp.com.br\/wp-content\/uploads\/2022\/12\/SpeedPack-Macarrao-Antiga-scaled.jpg\" data-elementor-open-lightbox=\"yes\" data-elementor-lightbox-title=\"SpeedPack-Macarrao-Antiga\" data-e-action-hash=\"#elementor-action%3Aaction%3Dlightbox%26settings%3DeyJpZCI6NDAyMSwidXJsIjoiaHR0cHM6XC9cL2dvdGVzcC5jb20uYnJcL3dwLWNvbnRlbnRcL3VwbG9hZHNcLzIwMjJcLzEyXC9TcGVlZFBhY2stTWFjYXJyYW8tQW50aWdhLXNjYWxlZC1lMTcwMDc1NzQwMzYxMy5qcGcifQ%3D%3D\">\n\t\t\t\t\t\t\t<img fetchpriority=\"high\" decoding=\"async\" width=\"800\" height=\"450\" src=\"https:\/\/gotesp.com.br\/wp-content\/uploads\/2022\/12\/SpeedPack-Macarrao-Antiga-1024x576.jpg\" class=\"attachment-large size-large wp-image-4021\" alt=\"\" srcset=\"https:\/\/gotesp.com.br\/wp-content\/uploads\/2022\/12\/SpeedPack-Macarrao-Antiga-1024x576.jpg 1024w, https:\/\/gotesp.com.br\/wp-content\/uploads\/2022\/12\/SpeedPack-Macarrao-Antiga-300x169.jpg 300w, https:\/\/gotesp.com.br\/wp-content\/uploads\/2022\/12\/SpeedPack-Macarrao-Antiga-768x432.jpg 768w, https:\/\/gotesp.com.br\/wp-content\/uploads\/2022\/12\/SpeedPack-Macarrao-Antiga-1536x864.jpg 1536w, https:\/\/gotesp.com.br\/wp-content\/uploads\/2022\/12\/SpeedPack-Macarrao-Antiga-2048x1152.jpg 2048w\" sizes=\"(max-width: 800px) 100vw, 800px\" \/>\t\t\t\t\t\t\t\t<\/a>\n\t\t\t\t\t\t\t\t\t\t\t\t\t\t\t<\/div>\n\t\t\t\t<\/div>\n\t\t\t\t\t<\/div>\n\t\t\t\t<\/div>\n\t\t<div class=\"elementor-element elementor-element-3f3e39bc e-flex e-con-boxed e-con e-parent\" data-id=\"3f3e39bc\" data-element_type=\"container\" data-e-type=\"container\">\n\t\t\t\t\t<div class=\"e-con-inner\">\n\t\t\t\t<div class=\"elementor-element elementor-element-3609c1fc elementor-widget elementor-widget-heading\" data-id=\"3609c1fc\" data-element_type=\"widget\" data-e-type=\"widget\" data-widget_type=\"heading.default\">\n\t\t\t\t<div class=\"elementor-widget-container\">\n\t\t\t\t\t<h2 class=\"elementor-heading-title elementor-size-default\">Modular Curved Belts<\/h2>\t\t\t\t<\/div>\n\t\t\t\t<\/div>\n\t\t\t\t<div class=\"elementor-element elementor-element-c650ad2 elementor-widget-divider--view-line elementor-widget elementor-widget-divider\" data-id=\"c650ad2\" data-element_type=\"widget\" data-e-type=\"widget\" data-widget_type=\"divider.default\">\n\t\t\t\t<div class=\"elementor-widget-container\">\n\t\t\t\t\t\t\t<div class=\"elementor-divider\">\n\t\t\t<span class=\"elementor-divider-separator\">\n\t\t\t\t\t\t<\/span>\n\t\t<\/div>\n\t\t\t\t\t\t<\/div>\n\t\t\t\t<\/div>\n\t\t\t\t<div class=\"elementor-element elementor-element-1695a792 elementor-widget elementor-widget-text-editor\" data-id=\"1695a792\" data-element_type=\"widget\" data-e-type=\"widget\" data-widget_type=\"text-editor.default\">\n\t\t\t\t<div class=\"elementor-widget-container\">\n\t\t\t\t\t\t\t\t\t<p>Transporting the product to the packaging plant. They are modular plastic conveyor belts that receive the product and forward them to the in-line belt, where they will be grouped and synchronized for delivery to the packaging machine.<\/p>\n\t\t\t\t\t\t\t\t<\/div>\n\t\t\t\t<\/div>\n\t\t\t\t\t<\/div>\n\t\t\t\t<\/div>\n\t\t\t\t<\/div>\n\t\t","protected":false},"excerpt":{"rendered":"<p>Automation solutions for packaging machines and packaging lines Modular Curved Belts Transporting the product to the packaging plant. They are modular plastic conveyor belts that receive the product and forward them to the in-line belt, where they will be grouped and synchronized for delivery to the packaging machine.<\/p>\n","protected":false},"author":3,"featured_media":3897,"parent":4156,"menu_order":0,"comment_status":"closed","ping_status":"closed","template":"","meta":{"inline_featured_image":false,"_joinchat":[],"footnotes":""},"class_list":["post-4444","page","type-page","status-publish","has-post-thumbnail","hentry"],"yoast_head":"<!-- This site is optimized with the Yoast SEO plugin v27.3 - https:\/\/yoast.com\/product\/yoast-seo-wordpress\/ -->\n<title>Automation for Noodles in Tray - Gotesp<\/title>\n<meta name=\"robots\" content=\"index, follow, max-snippet:-1, max-image-preview:large, max-video-preview:-1\" \/>\n<link rel=\"canonical\" href=\"https:\/\/gotesp.com.br\/en\/automation-of-packaging-lines\/automation-for-noodles-in-tray\/\" \/>\n<meta property=\"og:locale\" content=\"en_US\" \/>\n<meta property=\"og:type\" content=\"article\" \/>\n<meta property=\"og:title\" content=\"Automation for Noodles in Tray - Gotesp\" \/>\n<meta property=\"og:description\" content=\"Automation solutions for packaging machines and packaging lines Modular Curved Belts Transporting the product to the packaging plant. They are modular plastic conveyor belts that receive the product and forward them to the in-line belt, where they will be grouped and synchronized for delivery to the packaging machine.\" \/>\n<meta property=\"og:url\" content=\"https:\/\/gotesp.com.br\/en\/automation-of-packaging-lines\/automation-for-noodles-in-tray\/\" \/>\n<meta property=\"og:site_name\" content=\"Gotesp\" \/>\n<meta property=\"article:modified_time\" content=\"2023-03-27T11:57:22+00:00\" \/>\n<meta property=\"og:image\" content=\"https:\/\/gotesp.com.br\/wp-content\/uploads\/2022\/11\/SpeedPack-Macarrao-Antiga-scaled.jpg\" \/>\n\t<meta property=\"og:image:width\" content=\"2560\" \/>\n\t<meta property=\"og:image:height\" content=\"1440\" \/>\n\t<meta property=\"og:image:type\" content=\"image\/jpeg\" \/>\n<meta name=\"twitter:card\" content=\"summary_large_image\" \/>\n<script type=\"application\/ld+json\" class=\"yoast-schema-graph\">{\"@context\":\"https:\\\/\\\/schema.org\",\"@graph\":[{\"@type\":\"WebPage\",\"@id\":\"https:\\\/\\\/gotesp.com.br\\\/en\\\/automation-of-packaging-lines\\\/automation-for-noodles-in-tray\\\/\",\"url\":\"https:\\\/\\\/gotesp.com.br\\\/en\\\/automation-of-packaging-lines\\\/automation-for-noodles-in-tray\\\/\",\"name\":\"Automation for Noodles in Tray - Gotesp\",\"isPartOf\":{\"@id\":\"https:\\\/\\\/gotesp.com.br\\\/en\\\/#website\"},\"primaryImageOfPage\":{\"@id\":\"https:\\\/\\\/gotesp.com.br\\\/en\\\/automation-of-packaging-lines\\\/automation-for-noodles-in-tray\\\/#primaryimage\"},\"image\":{\"@id\":\"https:\\\/\\\/gotesp.com.br\\\/en\\\/automation-of-packaging-lines\\\/automation-for-noodles-in-tray\\\/#primaryimage\"},\"thumbnailUrl\":\"https:\\\/\\\/gotesp.com.br\\\/wp-content\\\/uploads\\\/2022\\\/11\\\/SpeedPack-Macarrao-Antiga-scaled.jpg\",\"datePublished\":\"2022-10-23T13:57:13+00:00\",\"dateModified\":\"2023-03-27T11:57:22+00:00\",\"breadcrumb\":{\"@id\":\"https:\\\/\\\/gotesp.com.br\\\/en\\\/automation-of-packaging-lines\\\/automation-for-noodles-in-tray\\\/#breadcrumb\"},\"inLanguage\":\"en-US\",\"potentialAction\":[{\"@type\":\"ReadAction\",\"target\":[\"https:\\\/\\\/gotesp.com.br\\\/en\\\/automation-of-packaging-lines\\\/automation-for-noodles-in-tray\\\/\"]}]},{\"@type\":\"ImageObject\",\"inLanguage\":\"en-US\",\"@id\":\"https:\\\/\\\/gotesp.com.br\\\/en\\\/automation-of-packaging-lines\\\/automation-for-noodles-in-tray\\\/#primaryimage\",\"url\":\"https:\\\/\\\/gotesp.com.br\\\/wp-content\\\/uploads\\\/2022\\\/11\\\/SpeedPack-Macarrao-Antiga-scaled.jpg\",\"contentUrl\":\"https:\\\/\\\/gotesp.com.br\\\/wp-content\\\/uploads\\\/2022\\\/11\\\/SpeedPack-Macarrao-Antiga-scaled.jpg\",\"width\":2560,\"height\":1440,\"caption\":\"M\u00e1quina para embalar alimentos\"},{\"@type\":\"BreadcrumbList\",\"@id\":\"https:\\\/\\\/gotesp.com.br\\\/en\\\/automation-of-packaging-lines\\\/automation-for-noodles-in-tray\\\/#breadcrumb\",\"itemListElement\":[{\"@type\":\"ListItem\",\"position\":1,\"name\":\"In\u00edcio\",\"item\":\"https:\\\/\\\/gotesp.com.br\\\/en\\\/\"},{\"@type\":\"ListItem\",\"position\":2,\"name\":\"Automation of packaging lines\",\"item\":\"https:\\\/\\\/gotesp.com.br\\\/en\\\/automacao-de-linhas-de-embalagens\\\/\"},{\"@type\":\"ListItem\",\"position\":3,\"name\":\"Automation for Noodles in Tray\"}]},{\"@type\":\"WebSite\",\"@id\":\"https:\\\/\\\/gotesp.com.br\\\/en\\\/#website\",\"url\":\"https:\\\/\\\/gotesp.com.br\\\/en\\\/\",\"name\":\"Gotesp\",\"description\":\"Ind\u00fastria de Automa\u00e7\u00e3o de M\u00e1quinas e Embaladoras\",\"publisher\":{\"@id\":\"https:\\\/\\\/gotesp.com.br\\\/en\\\/#organization\"},\"potentialAction\":[{\"@type\":\"SearchAction\",\"target\":{\"@type\":\"EntryPoint\",\"urlTemplate\":\"https:\\\/\\\/gotesp.com.br\\\/en\\\/?s={search_term_string}\"},\"query-input\":{\"@type\":\"PropertyValueSpecification\",\"valueRequired\":true,\"valueName\":\"search_term_string\"}}],\"inLanguage\":\"en-US\"},{\"@type\":\"Organization\",\"@id\":\"https:\\\/\\\/gotesp.com.br\\\/en\\\/#organization\",\"name\":\"Gotesp Ind\u00fastria de Embalagens e Automa\u00e7\u00e3o de M\u00e1quinas Embaladoras\",\"url\":\"https:\\\/\\\/gotesp.com.br\\\/en\\\/\",\"logo\":{\"@type\":\"ImageObject\",\"inLanguage\":\"en-US\",\"@id\":\"https:\\\/\\\/gotesp.com.br\\\/en\\\/#\\\/schema\\\/logo\\\/image\\\/\",\"url\":\"https:\\\/\\\/gotesp.com.br\\\/wp-content\\\/uploads\\\/2022\\\/09\\\/gotesp35_logo.png\",\"contentUrl\":\"https:\\\/\\\/gotesp.com.br\\\/wp-content\\\/uploads\\\/2022\\\/09\\\/gotesp35_logo.png\",\"width\":216,\"height\":49,\"caption\":\"Gotesp Ind\u00fastria de Embalagens e Automa\u00e7\u00e3o de M\u00e1quinas Embaladoras\"},\"image\":{\"@id\":\"https:\\\/\\\/gotesp.com.br\\\/en\\\/#\\\/schema\\\/logo\\\/image\\\/\"}}]}<\/script>\n<!-- \/ Yoast SEO plugin. -->","yoast_head_json":{"title":"Automation for Noodles in Tray - Gotesp","robots":{"index":"index","follow":"follow","max-snippet":"max-snippet:-1","max-image-preview":"max-image-preview:large","max-video-preview":"max-video-preview:-1"},"canonical":"https:\/\/gotesp.com.br\/en\/automation-of-packaging-lines\/automation-for-noodles-in-tray\/","og_locale":"en_US","og_type":"article","og_title":"Automation for Noodles in Tray - Gotesp","og_description":"Automation solutions for packaging machines and packaging lines Modular Curved Belts Transporting the product to the packaging plant. They are modular plastic conveyor belts that receive the product and forward them to the in-line belt, where they will be grouped and synchronized for delivery to the packaging machine.","og_url":"https:\/\/gotesp.com.br\/en\/automation-of-packaging-lines\/automation-for-noodles-in-tray\/","og_site_name":"Gotesp","article_modified_time":"2023-03-27T11:57:22+00:00","og_image":[{"width":2560,"height":1440,"url":"https:\/\/gotesp.com.br\/wp-content\/uploads\/2022\/11\/SpeedPack-Macarrao-Antiga-scaled.jpg","type":"image\/jpeg"}],"twitter_card":"summary_large_image","schema":{"@context":"https:\/\/schema.org","@graph":[{"@type":"WebPage","@id":"https:\/\/gotesp.com.br\/en\/automation-of-packaging-lines\/automation-for-noodles-in-tray\/","url":"https:\/\/gotesp.com.br\/en\/automation-of-packaging-lines\/automation-for-noodles-in-tray\/","name":"Automation for Noodles in Tray - Gotesp","isPartOf":{"@id":"https:\/\/gotesp.com.br\/en\/#website"},"primaryImageOfPage":{"@id":"https:\/\/gotesp.com.br\/en\/automation-of-packaging-lines\/automation-for-noodles-in-tray\/#primaryimage"},"image":{"@id":"https:\/\/gotesp.com.br\/en\/automation-of-packaging-lines\/automation-for-noodles-in-tray\/#primaryimage"},"thumbnailUrl":"https:\/\/gotesp.com.br\/wp-content\/uploads\/2022\/11\/SpeedPack-Macarrao-Antiga-scaled.jpg","datePublished":"2022-10-23T13:57:13+00:00","dateModified":"2023-03-27T11:57:22+00:00","breadcrumb":{"@id":"https:\/\/gotesp.com.br\/en\/automation-of-packaging-lines\/automation-for-noodles-in-tray\/#breadcrumb"},"inLanguage":"en-US","potentialAction":[{"@type":"ReadAction","target":["https:\/\/gotesp.com.br\/en\/automation-of-packaging-lines\/automation-for-noodles-in-tray\/"]}]},{"@type":"ImageObject","inLanguage":"en-US","@id":"https:\/\/gotesp.com.br\/en\/automation-of-packaging-lines\/automation-for-noodles-in-tray\/#primaryimage","url":"https:\/\/gotesp.com.br\/wp-content\/uploads\/2022\/11\/SpeedPack-Macarrao-Antiga-scaled.jpg","contentUrl":"https:\/\/gotesp.com.br\/wp-content\/uploads\/2022\/11\/SpeedPack-Macarrao-Antiga-scaled.jpg","width":2560,"height":1440,"caption":"M\u00e1quina para embalar alimentos"},{"@type":"BreadcrumbList","@id":"https:\/\/gotesp.com.br\/en\/automation-of-packaging-lines\/automation-for-noodles-in-tray\/#breadcrumb","itemListElement":[{"@type":"ListItem","position":1,"name":"In\u00edcio","item":"https:\/\/gotesp.com.br\/en\/"},{"@type":"ListItem","position":2,"name":"Automation of packaging lines","item":"https:\/\/gotesp.com.br\/en\/automacao-de-linhas-de-embalagens\/"},{"@type":"ListItem","position":3,"name":"Automation for Noodles in Tray"}]},{"@type":"WebSite","@id":"https:\/\/gotesp.com.br\/en\/#website","url":"https:\/\/gotesp.com.br\/en\/","name":"Gotesp","description":"Ind\u00fastria de Automa\u00e7\u00e3o de M\u00e1quinas e Embaladoras","publisher":{"@id":"https:\/\/gotesp.com.br\/en\/#organization"},"potentialAction":[{"@type":"SearchAction","target":{"@type":"EntryPoint","urlTemplate":"https:\/\/gotesp.com.br\/en\/?s={search_term_string}"},"query-input":{"@type":"PropertyValueSpecification","valueRequired":true,"valueName":"search_term_string"}}],"inLanguage":"en-US"},{"@type":"Organization","@id":"https:\/\/gotesp.com.br\/en\/#organization","name":"Gotesp Ind\u00fastria de Embalagens e Automa\u00e7\u00e3o de M\u00e1quinas Embaladoras","url":"https:\/\/gotesp.com.br\/en\/","logo":{"@type":"ImageObject","inLanguage":"en-US","@id":"https:\/\/gotesp.com.br\/en\/#\/schema\/logo\/image\/","url":"https:\/\/gotesp.com.br\/wp-content\/uploads\/2022\/09\/gotesp35_logo.png","contentUrl":"https:\/\/gotesp.com.br\/wp-content\/uploads\/2022\/09\/gotesp35_logo.png","width":216,"height":49,"caption":"Gotesp Ind\u00fastria de Embalagens e Automa\u00e7\u00e3o de M\u00e1quinas Embaladoras"},"image":{"@id":"https:\/\/gotesp.com.br\/en\/#\/schema\/logo\/image\/"}}]}},"_links":{"self":[{"href":"https:\/\/gotesp.com.br\/en\/wp-json\/wp\/v2\/pages\/4444","targetHints":{"allow":["GET"]}}],"collection":[{"href":"https:\/\/gotesp.com.br\/en\/wp-json\/wp\/v2\/pages"}],"about":[{"href":"https:\/\/gotesp.com.br\/en\/wp-json\/wp\/v2\/types\/page"}],"author":[{"embeddable":true,"href":"https:\/\/gotesp.com.br\/en\/wp-json\/wp\/v2\/users\/3"}],"replies":[{"embeddable":true,"href":"https:\/\/gotesp.com.br\/en\/wp-json\/wp\/v2\/comments?post=4444"}],"version-history":[{"count":1,"href":"https:\/\/gotesp.com.br\/en\/wp-json\/wp\/v2\/pages\/4444\/revisions"}],"predecessor-version":[{"id":4445,"href":"https:\/\/gotesp.com.br\/en\/wp-json\/wp\/v2\/pages\/4444\/revisions\/4445"}],"up":[{"embeddable":true,"href":"https:\/\/gotesp.com.br\/en\/wp-json\/wp\/v2\/pages\/4156"}],"wp:featuredmedia":[{"embeddable":true,"href":"https:\/\/gotesp.com.br\/en\/wp-json\/wp\/v2\/media\/3897"}],"wp:attachment":[{"href":"https:\/\/gotesp.com.br\/en\/wp-json\/wp\/v2\/media?parent=4444"}],"curies":[{"name":"wp","href":"https:\/\/api.w.org\/{rel}","templated":true}]}}