{"id":4448,"date":"2022-10-23T13:45:25","date_gmt":"2022-10-23T13:45:25","guid":{"rendered":"https:\/\/gotesp.com.br\/automation-of-packaging-lines\/automation-for-instant-noodles\/"},"modified":"2023-03-27T11:58:59","modified_gmt":"2023-03-27T11:58:59","slug":"automation-for-instant-noodles","status":"publish","type":"page","link":"https:\/\/gotesp.com.br\/en\/automation-of-packaging-lines\/automation-for-instant-noodles\/","title":{"rendered":"Automation for Instant Noodles"},"content":{"rendered":"\t\t<div data-elementor-type=\"wp-page\" data-elementor-id=\"4448\" class=\"elementor elementor-4448\" data-elementor-settings=\"{&quot;ha_cmc_init_switcher&quot;:&quot;no&quot;}\" data-elementor-post-type=\"page\">\n\t\t\t\t<section class=\"elementor-element elementor-element-f081197 e-con-full e-flex e-con e-parent\" data-id=\"f081197\" data-element_type=\"container\" data-e-type=\"container\" data-settings=\"{&quot;background_background&quot;:&quot;classic&quot;}\">\n\t\t\t\t<div class=\"elementor-element elementor-element-d182727 elementor-widget elementor-widget-heading\" data-id=\"d182727\" data-element_type=\"widget\" data-e-type=\"widget\" data-widget_type=\"heading.default\">\n\t\t\t\t<div class=\"elementor-widget-container\">\n\t\t\t\t\t<p class=\"elementor-heading-title elementor-size-default\">Automation solutions for packaging machines and packaging lines<\/p>\t\t\t\t<\/div>\n\t\t\t\t<\/div>\n\t\t\t\t<div class=\"elementor-element elementor-element-49ad9ed elementor-widget__width-inherit elementor-widget elementor-widget-heading\" data-id=\"49ad9ed\" data-element_type=\"widget\" data-e-type=\"widget\" data-widget_type=\"heading.default\">\n\t\t\t\t<div class=\"elementor-widget-container\">\n\t\t\t\t\t<h1 class=\"elementor-heading-title elementor-size-default\">Automation for Instant Noodles<\/h1>\t\t\t\t<\/div>\n\t\t\t\t<\/div>\n\t\t\t\t<div class=\"elementor-element elementor-element-631c1bf elementor-align-center elementor-widget elementor-widget-breadcrumbs\" data-id=\"631c1bf\" data-element_type=\"widget\" data-e-type=\"widget\" data-widget_type=\"breadcrumbs.default\">\n\t\t\t\t<div class=\"elementor-widget-container\">\n\t\t\t\t\t<nav id=\"breadcrumbs\"><span><span><a href=\"https:\/\/gotesp.com.br\/en\/\">In\u00edcio<\/a><\/span><\/span><\/nav>\t\t\t\t<\/div>\n\t\t\t\t<\/div>\n\t\t\t\t<\/section>\n\t\t<div class=\"elementor-element elementor-element-d379962 e-flex e-con-boxed e-con e-parent\" data-id=\"d379962\" data-element_type=\"container\" data-e-type=\"container\">\n\t\t\t\t\t<div class=\"e-con-inner\">\n\t\t\t\t<div class=\"elementor-element elementor-element-ec799cb elementor-widget elementor-widget-image\" data-id=\"ec799cb\" data-element_type=\"widget\" data-e-type=\"widget\" data-widget_type=\"image.default\">\n\t\t\t\t<div class=\"elementor-widget-container\">\n\t\t\t\t\t\t\t\t\t\t\t\t\t\t\t\t<a href=\"https:\/\/gotesp.com.br\/wp-content\/uploads\/2022\/12\/SpeedPack-EX700-Frontal-01-scaled.jpg\" data-elementor-open-lightbox=\"yes\" data-elementor-lightbox-title=\"SpeedPack-EX700-Frontal-01\" data-e-action-hash=\"#elementor-action%3Aaction%3Dlightbox%26settings%3DeyJpZCI6NDAyMCwidXJsIjoiaHR0cHM6XC9cL2dvdGVzcC5jb20uYnJcL3dwLWNvbnRlbnRcL3VwbG9hZHNcLzIwMjJcLzEyXC9TcGVlZFBhY2stRVg3MDAtRnJvbnRhbC0wMS1zY2FsZWQtZTE3MDA3NTcyMzQ4MTQuanBnIn0%3D\">\n\t\t\t\t\t\t\t<img fetchpriority=\"high\" decoding=\"async\" width=\"800\" height=\"534\" src=\"https:\/\/gotesp.com.br\/wp-content\/uploads\/2022\/12\/SpeedPack-EX700-Frontal-01-1024x683.jpg\" class=\"attachment-large size-large wp-image-4020\" alt=\"\" srcset=\"https:\/\/gotesp.com.br\/wp-content\/uploads\/2022\/12\/SpeedPack-EX700-Frontal-01-1024x683.jpg 1024w, https:\/\/gotesp.com.br\/wp-content\/uploads\/2022\/12\/SpeedPack-EX700-Frontal-01-300x200.jpg 300w, https:\/\/gotesp.com.br\/wp-content\/uploads\/2022\/12\/SpeedPack-EX700-Frontal-01-768x512.jpg 768w, https:\/\/gotesp.com.br\/wp-content\/uploads\/2022\/12\/SpeedPack-EX700-Frontal-01-1536x1024.jpg 1536w, https:\/\/gotesp.com.br\/wp-content\/uploads\/2022\/12\/SpeedPack-EX700-Frontal-01-2048x1365.jpg 2048w\" sizes=\"(max-width: 800px) 100vw, 800px\" \/>\t\t\t\t\t\t\t\t<\/a>\n\t\t\t\t\t\t\t\t\t\t\t\t\t\t\t<\/div>\n\t\t\t\t<\/div>\n\t\t\t\t\t<\/div>\n\t\t\t\t<\/div>\n\t\t<div class=\"elementor-element elementor-element-ad99697 e-flex e-con-boxed e-con e-parent\" data-id=\"ad99697\" data-element_type=\"container\" data-e-type=\"container\">\n\t\t\t\t\t<div class=\"e-con-inner\">\n\t\t\t\t<div class=\"elementor-element elementor-element-58d72e2 elementor-widget elementor-widget-heading\" data-id=\"58d72e2\" data-element_type=\"widget\" data-e-type=\"widget\" data-widget_type=\"heading.default\">\n\t\t\t\t<div class=\"elementor-widget-container\">\n\t\t\t\t\t<h2 class=\"elementor-heading-title elementor-size-default\">In Line\" Synchronization Conveyor<\/h2>\t\t\t\t<\/div>\n\t\t\t\t<\/div>\n\t\t\t\t<div class=\"elementor-element elementor-element-609d481 elementor-widget-divider--view-line elementor-widget elementor-widget-divider\" data-id=\"609d481\" data-element_type=\"widget\" data-e-type=\"widget\" data-widget_type=\"divider.default\">\n\t\t\t\t<div class=\"elementor-widget-container\">\n\t\t\t\t\t\t\t<div class=\"elementor-divider\">\n\t\t\t<span class=\"elementor-divider-separator\">\n\t\t\t\t\t\t<\/span>\n\t\t<\/div>\n\t\t\t\t\t\t<\/div>\n\t\t\t\t<\/div>\n\t\t\t\t<div class=\"elementor-element elementor-element-c9c5168 elementor-widget elementor-widget-text-editor\" data-id=\"c9c5168\" data-element_type=\"widget\" data-e-type=\"widget\" data-widget_type=\"text-editor.default\">\n\t\t\t\t<div class=\"elementor-widget-container\">\n\t\t\t\t\t\t\t\t\t<p>Organize, sort and synchronize the products and place them neatly in the packer.  <br \/>Set of a certain number of canvas conveyor belts. In general, the first conveyors do the collating, sending the products to the next conveyors in a continuous and uniform flow, so that the last conveyor performs the spacing between the products and delivers them synchronously to the pushers of the packer&#8217;s infeed chain.<\/p>\n\t\t\t\t\t\t\t\t<\/div>\n\t\t\t\t<\/div>\n\t\t\t\t<div class=\"elementor-element elementor-element-5977cf9 elementor-widget elementor-widget-heading\" data-id=\"5977cf9\" data-element_type=\"widget\" data-e-type=\"widget\" data-widget_type=\"heading.default\">\n\t\t\t\t<div class=\"elementor-widget-container\">\n\t\t\t\t\t<h2 class=\"elementor-heading-title elementor-size-default\">Pull Nose Treadmill<\/h2>\t\t\t\t<\/div>\n\t\t\t\t<\/div>\n\t\t\t\t<div class=\"elementor-element elementor-element-d803d4d elementor-widget-divider--view-line elementor-widget elementor-widget-divider\" data-id=\"d803d4d\" data-element_type=\"widget\" data-e-type=\"widget\" data-widget_type=\"divider.default\">\n\t\t\t\t<div class=\"elementor-widget-container\">\n\t\t\t\t\t\t\t<div class=\"elementor-divider\">\n\t\t\t<span class=\"elementor-divider-separator\">\n\t\t\t\t\t\t<\/span>\n\t\t<\/div>\n\t\t\t\t\t\t<\/div>\n\t\t\t\t<\/div>\n\t\t\t\t<div class=\"elementor-element elementor-element-8b198aa elementor-widget elementor-widget-text-editor\" data-id=\"8b198aa\" data-element_type=\"widget\" data-e-type=\"widget\" data-widget_type=\"text-editor.default\">\n\t\t\t\t<div class=\"elementor-widget-container\">\n\t\t\t\t\t\t\t\t\t<div class=\"page\" data-page-number=\"6\" data-loaded=\"true\">\n<div class=\"textLayer\">\n<p>Separate and direct the rows of products to the packer. This is a canvas conveyor belt, which has two movements at its exit end:<\/p>\n<ul>\n<li style=\"list-style-type: none;\">\n<ul>\n<li>It tilts downwards, so that in its lower position it unloads the rows of products onto the collecting conveyor. When in its top position, it delivers the rows to the subsequent station.<\/li>\n<li>Recoil, in order to unload the rows evenly, touching the ends of the products first and recoiling until all of them are in contact with the collecting conveyor.<\/li>\n<\/ul>\n<\/li>\n<\/ul>\n<\/div>\n<\/div>\n\t\t\t\t\t\t\t\t<\/div>\n\t\t\t\t<\/div>\n\t\t\t\t<div class=\"elementor-element elementor-element-9d19098 elementor-widget elementor-widget-heading\" data-id=\"9d19098\" data-element_type=\"widget\" data-e-type=\"widget\" data-widget_type=\"heading.default\">\n\t\t\t\t<div class=\"elementor-widget-container\">\n\t\t\t\t\t<h2 class=\"elementor-heading-title elementor-size-default\">Drop Station Treadmill<\/h2>\t\t\t\t<\/div>\n\t\t\t\t<\/div>\n\t\t\t\t<div class=\"elementor-element elementor-element-f8c2c4a elementor-widget-divider--view-line elementor-widget elementor-widget-divider\" data-id=\"f8c2c4a\" data-element_type=\"widget\" data-e-type=\"widget\" data-widget_type=\"divider.default\">\n\t\t\t\t<div class=\"elementor-widget-container\">\n\t\t\t\t\t\t\t<div class=\"elementor-divider\">\n\t\t\t<span class=\"elementor-divider-separator\">\n\t\t\t\t\t\t<\/span>\n\t\t<\/div>\n\t\t\t\t\t\t<\/div>\n\t\t\t\t<\/div>\n\t\t\t\t<div class=\"elementor-element elementor-element-c2ccd32 elementor-widget elementor-widget-text-editor\" data-id=\"c2ccd32\" data-element_type=\"widget\" data-e-type=\"widget\" data-widget_type=\"text-editor.default\">\n\t\t\t\t<div class=\"elementor-widget-container\">\n\t\t\t\t\t\t\t\t\t<p>Separate and direct the rows of products to the packer. Similar to the pull nose conveyor described above, the system has a conveyor with only a tilting movement, which allows the delivery of the rows to a conveyor just below, the Drop Station, itself, with intermittent and synchronized movement for delivery to the collection conveyor at the given moment.  <br \/>Depending on the need it can have recoil movement of the output end.<\/p>\n\t\t\t\t\t\t\t\t<\/div>\n\t\t\t\t<\/div>\n\t\t\t\t<div class=\"elementor-element elementor-element-6ae4bad elementor-widget elementor-widget-heading\" data-id=\"6ae4bad\" data-element_type=\"widget\" data-e-type=\"widget\" data-widget_type=\"heading.default\">\n\t\t\t\t<div class=\"elementor-widget-container\">\n\t\t\t\t\t<h2 class=\"elementor-heading-title elementor-size-default\">Row Aligner<\/h2>\t\t\t\t<\/div>\n\t\t\t\t<\/div>\n\t\t\t\t<div class=\"elementor-element elementor-element-168fbf0 elementor-widget-divider--view-line elementor-widget elementor-widget-divider\" data-id=\"168fbf0\" data-element_type=\"widget\" data-e-type=\"widget\" data-widget_type=\"divider.default\">\n\t\t\t\t<div class=\"elementor-widget-container\">\n\t\t\t\t\t\t\t<div class=\"elementor-divider\">\n\t\t\t<span class=\"elementor-divider-separator\">\n\t\t\t\t\t\t<\/span>\n\t\t<\/div>\n\t\t\t\t\t\t<\/div>\n\t\t\t\t<\/div>\n\t\t\t\t<div class=\"elementor-element elementor-element-a449c5b elementor-widget elementor-widget-text-editor\" data-id=\"a449c5b\" data-element_type=\"widget\" data-e-type=\"widget\" data-widget_type=\"text-editor.default\">\n\t\t\t\t<div class=\"elementor-widget-container\">\n\t\t\t\t\t\t\t\t\t<p>Align the products in the same row. A device installed on a product conveyor belt that has a ruler that approaches this conveyor belt and aligns the tablets in the same rows.<\/p>\n\t\t\t\t\t\t\t\t<\/div>\n\t\t\t\t<\/div>\n\t\t\t\t\t<\/div>\n\t\t\t\t<\/div>\n\t\t\t\t<\/div>\n\t\t","protected":false},"excerpt":{"rendered":"<p>Automation solutions for packaging machines and packaging lines In Line&#8221; Synchronization Conveyor Organize, sort and synchronize the products and place them neatly in the packer. Set of a certain number of canvas conveyor belts. In general, the first conveyors do the collating, sending the products to the next conveyors in a continuous and uniform flow, [&hellip;]<\/p>\n","protected":false},"author":3,"featured_media":3888,"parent":4156,"menu_order":0,"comment_status":"closed","ping_status":"closed","template":"","meta":{"inline_featured_image":false,"_joinchat":[],"footnotes":""},"class_list":["post-4448","page","type-page","status-publish","has-post-thumbnail","hentry"],"yoast_head":"<!-- This site is optimized with the Yoast SEO plugin v27.4 - https:\/\/yoast.com\/product\/yoast-seo-wordpress\/ -->\n<title>Automation for Instant Noodles - Gotesp<\/title>\n<meta name=\"robots\" content=\"index, follow, max-snippet:-1, max-image-preview:large, max-video-preview:-1\" \/>\n<link rel=\"canonical\" href=\"https:\/\/gotesp.com.br\/en\/automation-of-packaging-lines\/automation-for-instant-noodles\/\" \/>\n<meta property=\"og:locale\" content=\"en_US\" \/>\n<meta property=\"og:type\" content=\"article\" \/>\n<meta property=\"og:title\" content=\"Automation for Instant Noodles - Gotesp\" \/>\n<meta property=\"og:description\" content=\"Automation solutions for packaging machines and packaging lines In Line&#8221; Synchronization Conveyor Organize, sort and synchronize the products and place them neatly in the packer. Set of a certain number of canvas conveyor belts. In general, the first conveyors do the collating, sending the products to the next conveyors in a continuous and uniform flow, [&hellip;]\" \/>\n<meta property=\"og:url\" content=\"https:\/\/gotesp.com.br\/en\/automation-of-packaging-lines\/automation-for-instant-noodles\/\" \/>\n<meta property=\"og:site_name\" content=\"Gotesp\" \/>\n<meta property=\"article:modified_time\" content=\"2023-03-27T11:58:59+00:00\" \/>\n<meta property=\"og:image\" content=\"https:\/\/gotesp.com.br\/wp-content\/uploads\/2022\/11\/SpeedPack-EX700-Frontal-01-scaled.jpg\" \/>\n\t<meta property=\"og:image:width\" content=\"2560\" \/>\n\t<meta property=\"og:image:height\" content=\"1707\" \/>\n\t<meta property=\"og:image:type\" content=\"image\/jpeg\" \/>\n<meta name=\"twitter:card\" content=\"summary_large_image\" \/>\n<meta name=\"twitter:label1\" content=\"Est. reading time\" \/>\n\t<meta name=\"twitter:data1\" content=\"1 minute\" \/>\n<script type=\"application\/ld+json\" class=\"yoast-schema-graph\">{\"@context\":\"https:\\\/\\\/schema.org\",\"@graph\":[{\"@type\":\"WebPage\",\"@id\":\"https:\\\/\\\/gotesp.com.br\\\/en\\\/automation-of-packaging-lines\\\/automation-for-instant-noodles\\\/\",\"url\":\"https:\\\/\\\/gotesp.com.br\\\/en\\\/automation-of-packaging-lines\\\/automation-for-instant-noodles\\\/\",\"name\":\"Automation for Instant Noodles - Gotesp\",\"isPartOf\":{\"@id\":\"https:\\\/\\\/gotesp.com.br\\\/en\\\/#website\"},\"primaryImageOfPage\":{\"@id\":\"https:\\\/\\\/gotesp.com.br\\\/en\\\/automation-of-packaging-lines\\\/automation-for-instant-noodles\\\/#primaryimage\"},\"image\":{\"@id\":\"https:\\\/\\\/gotesp.com.br\\\/en\\\/automation-of-packaging-lines\\\/automation-for-instant-noodles\\\/#primaryimage\"},\"thumbnailUrl\":\"https:\\\/\\\/gotesp.com.br\\\/wp-content\\\/uploads\\\/2022\\\/11\\\/SpeedPack-EX700-Frontal-01-scaled.jpg\",\"datePublished\":\"2022-10-23T13:45:25+00:00\",\"dateModified\":\"2023-03-27T11:58:59+00:00\",\"breadcrumb\":{\"@id\":\"https:\\\/\\\/gotesp.com.br\\\/en\\\/automation-of-packaging-lines\\\/automation-for-instant-noodles\\\/#breadcrumb\"},\"inLanguage\":\"en-US\",\"potentialAction\":[{\"@type\":\"ReadAction\",\"target\":[\"https:\\\/\\\/gotesp.com.br\\\/en\\\/automation-of-packaging-lines\\\/automation-for-instant-noodles\\\/\"]}]},{\"@type\":\"ImageObject\",\"inLanguage\":\"en-US\",\"@id\":\"https:\\\/\\\/gotesp.com.br\\\/en\\\/automation-of-packaging-lines\\\/automation-for-instant-noodles\\\/#primaryimage\",\"url\":\"https:\\\/\\\/gotesp.com.br\\\/wp-content\\\/uploads\\\/2022\\\/11\\\/SpeedPack-EX700-Frontal-01-scaled.jpg\",\"contentUrl\":\"https:\\\/\\\/gotesp.com.br\\\/wp-content\\\/uploads\\\/2022\\\/11\\\/SpeedPack-EX700-Frontal-01-scaled.jpg\",\"width\":2560,\"height\":1707,\"caption\":\"Linha de automa\u00e7\u00e3o industrial para alimentos\"},{\"@type\":\"BreadcrumbList\",\"@id\":\"https:\\\/\\\/gotesp.com.br\\\/en\\\/automation-of-packaging-lines\\\/automation-for-instant-noodles\\\/#breadcrumb\",\"itemListElement\":[{\"@type\":\"ListItem\",\"position\":1,\"name\":\"In\u00edcio\",\"item\":\"https:\\\/\\\/gotesp.com.br\\\/en\\\/\"},{\"@type\":\"ListItem\",\"position\":2,\"name\":\"Automation of packaging lines\",\"item\":\"https:\\\/\\\/gotesp.com.br\\\/en\\\/automacao-de-linhas-de-embalagens\\\/\"},{\"@type\":\"ListItem\",\"position\":3,\"name\":\"Automation for Instant Noodles\"}]},{\"@type\":\"WebSite\",\"@id\":\"https:\\\/\\\/gotesp.com.br\\\/en\\\/#website\",\"url\":\"https:\\\/\\\/gotesp.com.br\\\/en\\\/\",\"name\":\"Gotesp\",\"description\":\"Ind\u00fastria de Automa\u00e7\u00e3o de M\u00e1quinas e Embaladoras\",\"publisher\":{\"@id\":\"https:\\\/\\\/gotesp.com.br\\\/en\\\/#organization\"},\"potentialAction\":[{\"@type\":\"SearchAction\",\"target\":{\"@type\":\"EntryPoint\",\"urlTemplate\":\"https:\\\/\\\/gotesp.com.br\\\/en\\\/?s={search_term_string}\"},\"query-input\":{\"@type\":\"PropertyValueSpecification\",\"valueRequired\":true,\"valueName\":\"search_term_string\"}}],\"inLanguage\":\"en-US\"},{\"@type\":\"Organization\",\"@id\":\"https:\\\/\\\/gotesp.com.br\\\/en\\\/#organization\",\"name\":\"Gotesp Ind\u00fastria de Embalagens e Automa\u00e7\u00e3o de M\u00e1quinas Embaladoras\",\"url\":\"https:\\\/\\\/gotesp.com.br\\\/en\\\/\",\"logo\":{\"@type\":\"ImageObject\",\"inLanguage\":\"en-US\",\"@id\":\"https:\\\/\\\/gotesp.com.br\\\/en\\\/#\\\/schema\\\/logo\\\/image\\\/\",\"url\":\"https:\\\/\\\/gotesp.com.br\\\/wp-content\\\/uploads\\\/2022\\\/09\\\/gotesp35_logo.png\",\"contentUrl\":\"https:\\\/\\\/gotesp.com.br\\\/wp-content\\\/uploads\\\/2022\\\/09\\\/gotesp35_logo.png\",\"width\":216,\"height\":49,\"caption\":\"Gotesp Ind\u00fastria de Embalagens e Automa\u00e7\u00e3o de M\u00e1quinas Embaladoras\"},\"image\":{\"@id\":\"https:\\\/\\\/gotesp.com.br\\\/en\\\/#\\\/schema\\\/logo\\\/image\\\/\"}}]}<\/script>\n<!-- \/ Yoast SEO plugin. -->","yoast_head_json":{"title":"Automation for Instant Noodles - Gotesp","robots":{"index":"index","follow":"follow","max-snippet":"max-snippet:-1","max-image-preview":"max-image-preview:large","max-video-preview":"max-video-preview:-1"},"canonical":"https:\/\/gotesp.com.br\/en\/automation-of-packaging-lines\/automation-for-instant-noodles\/","og_locale":"en_US","og_type":"article","og_title":"Automation for Instant Noodles - Gotesp","og_description":"Automation solutions for packaging machines and packaging lines In Line&#8221; Synchronization Conveyor Organize, sort and synchronize the products and place them neatly in the packer. Set of a certain number of canvas conveyor belts. In general, the first conveyors do the collating, sending the products to the next conveyors in a continuous and uniform flow, [&hellip;]","og_url":"https:\/\/gotesp.com.br\/en\/automation-of-packaging-lines\/automation-for-instant-noodles\/","og_site_name":"Gotesp","article_modified_time":"2023-03-27T11:58:59+00:00","og_image":[{"width":2560,"height":1707,"url":"https:\/\/gotesp.com.br\/wp-content\/uploads\/2022\/11\/SpeedPack-EX700-Frontal-01-scaled.jpg","type":"image\/jpeg"}],"twitter_card":"summary_large_image","twitter_misc":{"Est. reading time":"1 minute"},"schema":{"@context":"https:\/\/schema.org","@graph":[{"@type":"WebPage","@id":"https:\/\/gotesp.com.br\/en\/automation-of-packaging-lines\/automation-for-instant-noodles\/","url":"https:\/\/gotesp.com.br\/en\/automation-of-packaging-lines\/automation-for-instant-noodles\/","name":"Automation for Instant Noodles - Gotesp","isPartOf":{"@id":"https:\/\/gotesp.com.br\/en\/#website"},"primaryImageOfPage":{"@id":"https:\/\/gotesp.com.br\/en\/automation-of-packaging-lines\/automation-for-instant-noodles\/#primaryimage"},"image":{"@id":"https:\/\/gotesp.com.br\/en\/automation-of-packaging-lines\/automation-for-instant-noodles\/#primaryimage"},"thumbnailUrl":"https:\/\/gotesp.com.br\/wp-content\/uploads\/2022\/11\/SpeedPack-EX700-Frontal-01-scaled.jpg","datePublished":"2022-10-23T13:45:25+00:00","dateModified":"2023-03-27T11:58:59+00:00","breadcrumb":{"@id":"https:\/\/gotesp.com.br\/en\/automation-of-packaging-lines\/automation-for-instant-noodles\/#breadcrumb"},"inLanguage":"en-US","potentialAction":[{"@type":"ReadAction","target":["https:\/\/gotesp.com.br\/en\/automation-of-packaging-lines\/automation-for-instant-noodles\/"]}]},{"@type":"ImageObject","inLanguage":"en-US","@id":"https:\/\/gotesp.com.br\/en\/automation-of-packaging-lines\/automation-for-instant-noodles\/#primaryimage","url":"https:\/\/gotesp.com.br\/wp-content\/uploads\/2022\/11\/SpeedPack-EX700-Frontal-01-scaled.jpg","contentUrl":"https:\/\/gotesp.com.br\/wp-content\/uploads\/2022\/11\/SpeedPack-EX700-Frontal-01-scaled.jpg","width":2560,"height":1707,"caption":"Linha de automa\u00e7\u00e3o industrial para alimentos"},{"@type":"BreadcrumbList","@id":"https:\/\/gotesp.com.br\/en\/automation-of-packaging-lines\/automation-for-instant-noodles\/#breadcrumb","itemListElement":[{"@type":"ListItem","position":1,"name":"In\u00edcio","item":"https:\/\/gotesp.com.br\/en\/"},{"@type":"ListItem","position":2,"name":"Automation of packaging lines","item":"https:\/\/gotesp.com.br\/en\/automacao-de-linhas-de-embalagens\/"},{"@type":"ListItem","position":3,"name":"Automation for Instant Noodles"}]},{"@type":"WebSite","@id":"https:\/\/gotesp.com.br\/en\/#website","url":"https:\/\/gotesp.com.br\/en\/","name":"Gotesp","description":"Ind\u00fastria de Automa\u00e7\u00e3o de M\u00e1quinas e Embaladoras","publisher":{"@id":"https:\/\/gotesp.com.br\/en\/#organization"},"potentialAction":[{"@type":"SearchAction","target":{"@type":"EntryPoint","urlTemplate":"https:\/\/gotesp.com.br\/en\/?s={search_term_string}"},"query-input":{"@type":"PropertyValueSpecification","valueRequired":true,"valueName":"search_term_string"}}],"inLanguage":"en-US"},{"@type":"Organization","@id":"https:\/\/gotesp.com.br\/en\/#organization","name":"Gotesp Ind\u00fastria de Embalagens e Automa\u00e7\u00e3o de M\u00e1quinas Embaladoras","url":"https:\/\/gotesp.com.br\/en\/","logo":{"@type":"ImageObject","inLanguage":"en-US","@id":"https:\/\/gotesp.com.br\/en\/#\/schema\/logo\/image\/","url":"https:\/\/gotesp.com.br\/wp-content\/uploads\/2022\/09\/gotesp35_logo.png","contentUrl":"https:\/\/gotesp.com.br\/wp-content\/uploads\/2022\/09\/gotesp35_logo.png","width":216,"height":49,"caption":"Gotesp Ind\u00fastria de Embalagens e Automa\u00e7\u00e3o de M\u00e1quinas Embaladoras"},"image":{"@id":"https:\/\/gotesp.com.br\/en\/#\/schema\/logo\/image\/"}}]}},"_links":{"self":[{"href":"https:\/\/gotesp.com.br\/en\/wp-json\/wp\/v2\/pages\/4448","targetHints":{"allow":["GET"]}}],"collection":[{"href":"https:\/\/gotesp.com.br\/en\/wp-json\/wp\/v2\/pages"}],"about":[{"href":"https:\/\/gotesp.com.br\/en\/wp-json\/wp\/v2\/types\/page"}],"author":[{"embeddable":true,"href":"https:\/\/gotesp.com.br\/en\/wp-json\/wp\/v2\/users\/3"}],"replies":[{"embeddable":true,"href":"https:\/\/gotesp.com.br\/en\/wp-json\/wp\/v2\/comments?post=4448"}],"version-history":[{"count":1,"href":"https:\/\/gotesp.com.br\/en\/wp-json\/wp\/v2\/pages\/4448\/revisions"}],"predecessor-version":[{"id":4449,"href":"https:\/\/gotesp.com.br\/en\/wp-json\/wp\/v2\/pages\/4448\/revisions\/4449"}],"up":[{"embeddable":true,"href":"https:\/\/gotesp.com.br\/en\/wp-json\/wp\/v2\/pages\/4156"}],"wp:featuredmedia":[{"embeddable":true,"href":"https:\/\/gotesp.com.br\/en\/wp-json\/wp\/v2\/media\/3888"}],"wp:attachment":[{"href":"https:\/\/gotesp.com.br\/en\/wp-json\/wp\/v2\/media?parent=4448"}],"curies":[{"name":"wp","href":"https:\/\/api.w.org\/{rel}","templated":true}]}}