{"id":4454,"date":"2022-10-23T23:26:48","date_gmt":"2022-10-23T23:26:48","guid":{"rendered":"https:\/\/gotesp.com.br\/food-packaging-machines\/"},"modified":"2023-03-27T12:03:17","modified_gmt":"2023-03-27T12:03:17","slug":"food-packaging-machines","status":"publish","type":"page","link":"https:\/\/gotesp.com.br\/en\/food-packaging-machines\/","title":{"rendered":"Food packaging machines"},"content":{"rendered":"\t\t<div data-elementor-type=\"wp-page\" data-elementor-id=\"4454\" class=\"elementor elementor-4454\" data-elementor-settings=\"{&quot;ha_cmc_init_switcher&quot;:&quot;no&quot;}\" data-elementor-post-type=\"page\">\n\t\t\t\t<section class=\"elementor-element elementor-element-5bae963 e-con-full e-flex e-con e-parent\" data-id=\"5bae963\" data-element_type=\"container\" data-e-type=\"container\" data-settings=\"{&quot;background_background&quot;:&quot;classic&quot;}\">\n\t\t\t\t<div class=\"elementor-element elementor-element-2baef87 elementor-widget__width-inherit elementor-widget elementor-widget-heading\" data-id=\"2baef87\" data-element_type=\"widget\" data-e-type=\"widget\" data-widget_type=\"heading.default\">\n\t\t\t\t<div class=\"elementor-widget-container\">\n\t\t\t\t\t<h1 class=\"elementor-heading-title elementor-size-default\">Food packaging machines<\/h1>\t\t\t\t<\/div>\n\t\t\t\t<\/div>\n\t\t\t\t<div class=\"elementor-element elementor-element-de5202e elementor-align-center elementor-widget elementor-widget-breadcrumbs\" data-id=\"de5202e\" data-element_type=\"widget\" data-e-type=\"widget\" data-widget_type=\"breadcrumbs.default\">\n\t\t\t\t<div class=\"elementor-widget-container\">\n\t\t\t\t\t<nav id=\"breadcrumbs\"><span><span><a href=\"https:\/\/gotesp.com.br\/en\/\">In\u00edcio<\/a><\/span><\/span><\/nav>\t\t\t\t<\/div>\n\t\t\t\t<\/div>\n\t\t\t\t<\/section>\n\t\t<div class=\"elementor-element elementor-element-5317557 e-flex e-con-boxed e-con e-parent\" data-id=\"5317557\" data-element_type=\"container\" data-e-type=\"container\">\n\t\t\t\t\t<div class=\"e-con-inner\">\n\t\t\t\t<div class=\"elementor-element elementor-element-3092be9 elementor-widget elementor-widget-text-editor\" data-id=\"3092be9\" data-element_type=\"widget\" data-e-type=\"widget\" data-widget_type=\"text-editor.default\">\n\t\t\t\t<div class=\"elementor-widget-container\">\n\t\t\t\t\t\t\t\t\t<p>Flow-pack machines for food packaging. Flow pack packaging machines.<\/p>\n\t\t\t\t\t\t\t\t<\/div>\n\t\t\t\t<\/div>\n\t\t\t\t\t<\/div>\n\t\t\t\t<\/div>\n\t\t<div class=\"elementor-element elementor-element-5545a5c e-flex e-con-boxed e-con e-parent\" data-id=\"5545a5c\" data-element_type=\"container\" data-e-type=\"container\">\n\t\t\t\t\t<div class=\"e-con-inner\">\n\t\t\t\t<div class=\"elementor-element elementor-element-42b8ef0 elementor-widget__width-initial ha-card--top ha-card--tablet-top ha-card--mobile-top elementor-widget elementor-widget-ha-card happy-addon ha-card\" data-id=\"42b8ef0\" data-element_type=\"widget\" data-e-type=\"widget\" data-widget_type=\"ha-card.default\">\n\t\t\t\t<div class=\"elementor-widget-container\">\n\t\t\t\t\t\n\t\t\t\t\t<figure class=\"ha-card-figure\">\n\t\t\t\t<img fetchpriority=\"high\" decoding=\"async\" width=\"600\" height=\"400\" src=\"https:\/\/gotesp.com.br\/wp-content\/uploads\/2022\/11\/Maquina-100.jpg\" class=\"elementor-animation-grow attachment-large size-large wp-image-1822\" alt=\"\" srcset=\"https:\/\/gotesp.com.br\/wp-content\/uploads\/2022\/11\/Maquina-100.jpg 600w, https:\/\/gotesp.com.br\/wp-content\/uploads\/2022\/11\/Maquina-100-300x200.jpg 300w\" sizes=\"(max-width: 600px) 100vw, 600px\" \/>\t\t\t\t\t\t\t<\/figure>\n\t\t\n\t\t<div class=\"ha-card-body\">\n\n\t\t\t<h2 class=\"ha-card-title\">SPEED PACK 100<\/h2>\n\t\t\t\t\t\t\t<div class=\"ha-card-text\">\n\t\t\t\t\t<p><b>Speed Pack 100<\/b> packaging machine intended for packaging food products<span style=\"text-align: start;white-space: normal\">&nbsp;or not, with a variation of formats<\/span><\/p>\n\t\t\t\t<\/div>\n\t\t\t\n\t\t\t<a class=\"ha-btn\" href=\"https:\/\/gotesp.com.br\/maquinas-embaladoras\/speed-pack-100\/\"><span class=\"ha-btn-text\">View Machine  <\/span><\/a>\t\t<\/div>\n\t\t\t\t\t\t<\/div>\n\t\t\t\t<\/div>\n\t\t\t\t<div class=\"elementor-element elementor-element-ddbacc7 elementor-widget__width-initial ha-card--top ha-card--tablet-top ha-card--mobile-top elementor-widget elementor-widget-ha-card happy-addon ha-card\" data-id=\"ddbacc7\" data-element_type=\"widget\" data-e-type=\"widget\" data-widget_type=\"ha-card.default\">\n\t\t\t\t<div class=\"elementor-widget-container\">\n\t\t\t\t\t\n\t\t\t\t\t<figure class=\"ha-card-figure\">\n\t\t\t\t<img decoding=\"async\" width=\"600\" height=\"400\" src=\"https:\/\/gotesp.com.br\/wp-content\/uploads\/2022\/11\/Maquina-BAKERY.jpg\" class=\"elementor-animation-grow attachment-large size-large wp-image-1824\" alt=\"\" srcset=\"https:\/\/gotesp.com.br\/wp-content\/uploads\/2022\/11\/Maquina-BAKERY.jpg 600w, https:\/\/gotesp.com.br\/wp-content\/uploads\/2022\/11\/Maquina-BAKERY-300x200.jpg 300w\" sizes=\"(max-width: 600px) 100vw, 600px\" \/>\t\t\t\t\t\t\t<\/figure>\n\t\t\n\t\t<div class=\"ha-card-body\">\n\n\t\t\t<h2 class=\"ha-card-title\">SPEED PACK BAKERY<\/h2>\n\t\t\t\t\t\t\t<div class=\"ha-card-text\">\n\t\t\t\t\t<p><b>Speed Pack Bakery<\/b> packaging machine for packing bread by means of thermo-weldable or cold-weldable films<\/p>\n\t\t\t\t<\/div>\n\t\t\t\n\t\t\t<a class=\"ha-btn\" href=\"https:\/\/gotesp.com.br\/maquinas-embaladoras\/speed-pack-bakery\/\"><span class=\"ha-btn-text\">View Machine  <\/span><\/a>\t\t<\/div>\n\t\t\t\t\t\t<\/div>\n\t\t\t\t<\/div>\n\t\t\t\t<div class=\"elementor-element elementor-element-60359e2 elementor-widget__width-initial ha-card--top ha-card--tablet-top ha-card--mobile-top elementor-widget elementor-widget-ha-card happy-addon ha-card\" data-id=\"60359e2\" data-element_type=\"widget\" data-e-type=\"widget\" data-widget_type=\"ha-card.default\">\n\t\t\t\t<div class=\"elementor-widget-container\">\n\t\t\t\t\t\n\t\t\t\t\t<figure class=\"ha-card-figure\">\n\t\t\t\t<img decoding=\"async\" width=\"600\" height=\"400\" src=\"https:\/\/gotesp.com.br\/wp-content\/uploads\/2022\/11\/Maquina-EX700.jpg\" class=\"elementor-animation-grow attachment-large size-large wp-image-1826\" alt=\"Linha de automa\u00e7\u00e3o industrial para alimentos\" srcset=\"https:\/\/gotesp.com.br\/wp-content\/uploads\/2022\/11\/Maquina-EX700.jpg 600w, https:\/\/gotesp.com.br\/wp-content\/uploads\/2022\/11\/Maquina-EX700-300x200.jpg 300w\" sizes=\"(max-width: 600px) 100vw, 600px\" \/>\t\t\t\t\t\t\t<\/figure>\n\t\t\n\t\t<div class=\"ha-card-body\">\n\n\t\t\t<h2 class=\"ha-card-title\">SPEED PACK EX700<\/h2>\n\t\t\t\t\t\t\t<div class=\"ha-card-text\">\n\t\t\t\t\t<p><b>Speed Pack EX700<\/b> conveyor to synchronize, organize, and separate products for orderly placement in the packaging machine.<\/p>\n\t\t\t\t<\/div>\n\t\t\t\n\t\t\t<a class=\"ha-btn\" href=\"https:\/\/gotesp.com.br\/maquinas-embaladoras\/speed-pack-ex700\/\"><span class=\"ha-btn-text\">View Machine  <\/span><\/a>\t\t<\/div>\n\t\t\t\t\t\t<\/div>\n\t\t\t\t<\/div>\n\t\t\t\t\t<\/div>\n\t\t\t\t<\/div>\n\t\t<div class=\"elementor-element elementor-element-2400ff6 e-flex e-con-boxed e-con e-parent\" data-id=\"2400ff6\" data-element_type=\"container\" data-e-type=\"container\">\n\t\t\t\t\t<div class=\"e-con-inner\">\n\t\t\t\t<div class=\"elementor-element elementor-element-44eaba8 elementor-widget__width-initial ha-card--top ha-card--tablet-top ha-card--mobile-top elementor-widget elementor-widget-ha-card happy-addon ha-card\" data-id=\"44eaba8\" data-element_type=\"widget\" data-e-type=\"widget\" data-widget_type=\"ha-card.default\">\n\t\t\t\t<div class=\"elementor-widget-container\">\n\t\t\t\t\t\n\t\t\t\t\t<figure class=\"ha-card-figure\">\n\t\t\t\t<img loading=\"lazy\" decoding=\"async\" width=\"600\" height=\"400\" src=\"https:\/\/gotesp.com.br\/wp-content\/uploads\/2022\/11\/Maquina-300.jpg\" class=\"elementor-animation-grow attachment-full size-full wp-image-1823\" alt=\"\" srcset=\"https:\/\/gotesp.com.br\/wp-content\/uploads\/2022\/11\/Maquina-300.jpg 600w, https:\/\/gotesp.com.br\/wp-content\/uploads\/2022\/11\/Maquina-300-300x200.jpg 300w\" sizes=\"(max-width: 600px) 100vw, 600px\" \/>\t\t\t\t\t\t\t<\/figure>\n\t\t\n\t\t<div class=\"ha-card-body\">\n\n\t\t\t<h2 class=\"ha-card-title\">SPEED PACK 300<\/h2>\n\t\t\t\t\t\t\t<div class=\"ha-card-text\">\n\t\t\t\t\t<p><b>Speed Pack 300<\/b> packaging machine. <b>Flowpack<\/b> packaging type with production capacity 50 to 600 packs\/min<\/p>\n\t\t\t\t<\/div>\n\t\t\t\n\t\t\t<a class=\"ha-btn\" href=\"https:\/\/gotesp.com.br\/maquinas-embaladoras\/speed-pack-300\/\"><span class=\"ha-btn-text\">View Machine  <\/span><\/a>\t\t<\/div>\n\t\t\t\t\t\t<\/div>\n\t\t\t\t<\/div>\n\t\t\t\t<div class=\"elementor-element elementor-element-6b64536 elementor-widget__width-initial ha-card--top ha-card--tablet-top ha-card--mobile-top elementor-widget elementor-widget-ha-card happy-addon ha-card\" data-id=\"6b64536\" data-element_type=\"widget\" data-e-type=\"widget\" data-widget_type=\"ha-card.default\">\n\t\t\t\t<div class=\"elementor-widget-container\">\n\t\t\t\t\t\n\t\t\t\t\t<figure class=\"ha-card-figure\">\n\t\t\t\t<img loading=\"lazy\" decoding=\"async\" width=\"600\" height=\"400\" src=\"https:\/\/gotesp.com.br\/wp-content\/uploads\/2022\/11\/Maquina-EWS.jpg\" class=\"elementor-animation-grow attachment-large size-large wp-image-1825\" alt=\"Linha de automa\u00e7\u00e3o industrial para alimentos\" srcset=\"https:\/\/gotesp.com.br\/wp-content\/uploads\/2022\/11\/Maquina-EWS.jpg 600w, https:\/\/gotesp.com.br\/wp-content\/uploads\/2022\/11\/Maquina-EWS-300x200.jpg 300w\" sizes=\"(max-width: 600px) 100vw, 600px\" \/>\t\t\t\t\t\t\t<\/figure>\n\t\t\n\t\t<div class=\"ha-card-body\">\n\n\t\t\t<h2 class=\"ha-card-title\">SPEED PACK EWS<\/h2>\n\t\t\t\t\t\t\t<div class=\"ha-card-text\">\n\t\t\t\t\t<p><b>Speed Pack EWS<\/b> horizontal stainless steel packaging machine for packing cookies<\/p>\n\t\t\t\t<\/div>\n\t\t\t\n\t\t\t<a class=\"ha-btn\" href=\"https:\/\/gotesp.com.br\/maquinas-embaladoras\/speed-pack-ews\/\"><span class=\"ha-btn-text\">View Machine  <\/span><\/a>\t\t<\/div>\n\t\t\t\t\t\t<\/div>\n\t\t\t\t<\/div>\n\t\t\t\t<div class=\"elementor-element elementor-element-50e4034 elementor-widget__width-initial ha-card--top ha-card--tablet-top ha-card--mobile-top elementor-widget elementor-widget-ha-card happy-addon ha-card\" data-id=\"50e4034\" data-element_type=\"widget\" data-e-type=\"widget\" data-widget_type=\"ha-card.default\">\n\t\t\t\t<div class=\"elementor-widget-container\">\n\t\t\t\t\t\n\t\t\t\t\t<figure class=\"ha-card-figure\">\n\t\t\t\t<img loading=\"lazy\" decoding=\"async\" width=\"600\" height=\"400\" src=\"https:\/\/gotesp.com.br\/wp-content\/uploads\/2022\/11\/Maquina-SPEED.jpg\" class=\"elementor-animation-grow attachment-large size-large wp-image-1829\" alt=\"M\u00e1quina para embalar alimentos\" srcset=\"https:\/\/gotesp.com.br\/wp-content\/uploads\/2022\/11\/Maquina-SPEED.jpg 600w, https:\/\/gotesp.com.br\/wp-content\/uploads\/2022\/11\/Maquina-SPEED-300x200.jpg 300w\" sizes=\"(max-width: 600px) 100vw, 600px\" \/>\t\t\t\t\t\t\t<\/figure>\n\t\t\n\t\t<div class=\"ha-card-body\">\n\n\t\t\t<h2 class=\"ha-card-title\">GOPACK SPEED<\/h2>\n\t\t\t\t\t\t\t<div class=\"ha-card-text\">\n\t\t\t\t\t<p><b>Gopack Speed<\/b> is a high-production automatic machine for packing cookies in tubular packaging.<\/p>\n\t\t\t\t<\/div>\n\t\t\t\n\t\t\t<a class=\"ha-btn\" href=\"https:\/\/gotesp.com.br\/maquinas-embaladoras\/gopack-speed\/\"><span class=\"ha-btn-text\">View Machine  <\/span><\/a>\t\t<\/div>\n\t\t\t\t\t\t<\/div>\n\t\t\t\t<\/div>\n\t\t\t\t\t<\/div>\n\t\t\t\t<\/div>\n\t\t<div class=\"elementor-element elementor-element-40089cc e-flex e-con-boxed e-con e-parent\" data-id=\"40089cc\" data-element_type=\"container\" data-e-type=\"container\">\n\t\t\t\t\t<div class=\"e-con-inner\">\n\t\t\t\t<div class=\"elementor-element elementor-element-78077f8 elementor-widget__width-initial ha-card--top ha-card--tablet-top ha-card--mobile-top elementor-widget elementor-widget-ha-card happy-addon ha-card\" data-id=\"78077f8\" data-element_type=\"widget\" data-e-type=\"widget\" data-widget_type=\"ha-card.default\">\n\t\t\t\t<div class=\"elementor-widget-container\">\n\t\t\t\t\t\n\t\t\t\t\t<figure class=\"ha-card-figure\">\n\t\t\t\t<img loading=\"lazy\" decoding=\"async\" width=\"600\" height=\"400\" src=\"https:\/\/gotesp.com.br\/wp-content\/uploads\/2022\/11\/Maquina-L.jpg\" class=\"elementor-animation-grow attachment-large size-large wp-image-1827\" alt=\"M\u00e1quinas embaladoras de alimentos Embaladora automatica de alimentos\" srcset=\"https:\/\/gotesp.com.br\/wp-content\/uploads\/2022\/11\/Maquina-L.jpg 600w, https:\/\/gotesp.com.br\/wp-content\/uploads\/2022\/11\/Maquina-L-300x200.jpg 300w\" sizes=\"(max-width: 600px) 100vw, 600px\" \/>\t\t\t\t\t\t\t<\/figure>\n\t\t\n\t\t<div class=\"ha-card-body\">\n\n\t\t\t<h2 class=\"ha-card-title\">GOPACK SPEED L  <\/h2>\n\t\t\t\t\t\t\t<div class=\"ha-card-text\">\n\t\t\t\t\t<p>Automatic high production machine with horizontal operation. Intended for the packaging of wafer cookies.<\/p>\n\t\t\t\t<\/div>\n\t\t\t\n\t\t\t<a class=\"ha-btn\" href=\"https:\/\/gotesp.com.br\/maquinas-embaladoras\/gopack-speed-l\/\"><span class=\"ha-btn-text\">View Machine  <\/span><\/a>\t\t<\/div>\n\t\t\t\t\t\t<\/div>\n\t\t\t\t<\/div>\n\t\t\t\t<div class=\"elementor-element elementor-element-8e74ddf elementor-widget__width-initial ha-card--top ha-card--tablet-top ha-card--mobile-top elementor-widget elementor-widget-ha-card happy-addon ha-card\" data-id=\"8e74ddf\" data-element_type=\"widget\" data-e-type=\"widget\" data-widget_type=\"ha-card.default\">\n\t\t\t\t<div class=\"elementor-widget-container\">\n\t\t\t\t\t\n\t\t\t\t\t<figure class=\"ha-card-figure\">\n\t\t\t\t<img loading=\"lazy\" decoding=\"async\" width=\"600\" height=\"400\" src=\"https:\/\/gotesp.com.br\/wp-content\/uploads\/2022\/11\/Maquina-OM1.jpg\" class=\"elementor-animation-grow attachment-large size-large wp-image-1828\" alt=\"M\u00e1quina para embalar alimentos\" srcset=\"https:\/\/gotesp.com.br\/wp-content\/uploads\/2022\/11\/Maquina-OM1.jpg 600w, https:\/\/gotesp.com.br\/wp-content\/uploads\/2022\/11\/Maquina-OM1-300x200.jpg 300w\" sizes=\"(max-width: 600px) 100vw, 600px\" \/>\t\t\t\t\t\t\t<\/figure>\n\t\t\n\t\t<div class=\"ha-card-body\">\n\n\t\t\t<h2 class=\"ha-card-title\">GOPACK OM1<\/h2>\n\t\t\t\t\t\t\t<div class=\"ha-card-text\">\n\t\t\t\t\t<p>Packaging machine designed to package round, square, and rectangular cookies of various sizes.<\/p>\n\t\t\t\t<\/div>\n\t\t\t\n\t\t\t<a class=\"ha-btn\" href=\"https:\/\/gotesp.com.br\/maquinas-embaladoras\/om1\/\"><span class=\"ha-btn-text\">View Machine  <\/span><\/a>\t\t<\/div>\n\t\t\t\t\t\t<\/div>\n\t\t\t\t<\/div>\n\t\t\t\t\t<\/div>\n\t\t\t\t<\/div>\n\t\t\t\t<\/div>\n\t\t","protected":false},"excerpt":{"rendered":"<p>Flow-pack machines for food packaging. Flow pack packaging machines. SPEED PACK 100 Speed Pack 100 packaging machine intended for packaging food products&nbsp;or not, with a variation of formats View Machine SPEED PACK BAKERY Speed Pack Bakery packaging machine for packing bread by means of thermo-weldable or cold-weldable films View Machine SPEED PACK EX700 Speed Pack [&hellip;]<\/p>\n","protected":false},"author":3,"featured_media":3896,"parent":0,"menu_order":0,"comment_status":"closed","ping_status":"closed","template":"","meta":{"inline_featured_image":false,"_joinchat":[],"footnotes":""},"class_list":["post-4454","page","type-page","status-publish","has-post-thumbnail","hentry"],"yoast_head":"<!-- This site is optimized with the Yoast SEO plugin v27.4 - https:\/\/yoast.com\/product\/yoast-seo-wordpress\/ -->\n<title>Food packaging machines - Gotesp<\/title>\n<meta name=\"description\" content=\"Packing machines for candy, chocolate, stuffed cookies, salted cookies, tray macaroni, instant noodles, pa\u00e7oca, bread.\" \/>\n<meta name=\"robots\" content=\"index, follow, max-snippet:-1, max-image-preview:large, max-video-preview:-1\" \/>\n<link rel=\"canonical\" href=\"https:\/\/gotesp.com.br\/en\/food-packaging-machines\/\" \/>\n<meta property=\"og:locale\" content=\"en_US\" \/>\n<meta property=\"og:type\" content=\"article\" \/>\n<meta property=\"og:title\" content=\"Food packaging machines - Gotesp\" \/>\n<meta property=\"og:description\" content=\"Packing machines for candy, chocolate, stuffed cookies, salted cookies, tray macaroni, instant noodles, pa\u00e7oca, bread.\" \/>\n<meta property=\"og:url\" content=\"https:\/\/gotesp.com.br\/en\/food-packaging-machines\/\" \/>\n<meta property=\"og:site_name\" content=\"Gotesp\" \/>\n<meta property=\"article:modified_time\" content=\"2023-03-27T12:03:17+00:00\" \/>\n<meta property=\"og:image\" content=\"https:\/\/gotesp.com.br\/wp-content\/uploads\/2022\/11\/Maquina-SPEED.jpg\" \/>\n\t<meta property=\"og:image:width\" content=\"600\" \/>\n\t<meta property=\"og:image:height\" content=\"400\" \/>\n\t<meta property=\"og:image:type\" content=\"image\/jpeg\" \/>\n<meta name=\"twitter:card\" content=\"summary_large_image\" \/>\n<meta name=\"twitter:label1\" content=\"Est. reading time\" \/>\n\t<meta name=\"twitter:data1\" content=\"1 minute\" \/>\n<script type=\"application\/ld+json\" class=\"yoast-schema-graph\">{\"@context\":\"https:\\\/\\\/schema.org\",\"@graph\":[{\"@type\":\"WebPage\",\"@id\":\"https:\\\/\\\/gotesp.com.br\\\/en\\\/food-packaging-machines\\\/\",\"url\":\"https:\\\/\\\/gotesp.com.br\\\/en\\\/food-packaging-machines\\\/\",\"name\":\"Food packaging machines - Gotesp\",\"isPartOf\":{\"@id\":\"https:\\\/\\\/gotesp.com.br\\\/en\\\/#website\"},\"primaryImageOfPage\":{\"@id\":\"https:\\\/\\\/gotesp.com.br\\\/en\\\/food-packaging-machines\\\/#primaryimage\"},\"image\":{\"@id\":\"https:\\\/\\\/gotesp.com.br\\\/en\\\/food-packaging-machines\\\/#primaryimage\"},\"thumbnailUrl\":\"https:\\\/\\\/gotesp.com.br\\\/wp-content\\\/uploads\\\/2022\\\/11\\\/Maquina-SPEED.jpg\",\"datePublished\":\"2022-10-23T23:26:48+00:00\",\"dateModified\":\"2023-03-27T12:03:17+00:00\",\"description\":\"Packing machines for candy, chocolate, stuffed cookies, salted cookies, tray macaroni, instant noodles, pa\u00e7oca, bread.\",\"breadcrumb\":{\"@id\":\"https:\\\/\\\/gotesp.com.br\\\/en\\\/food-packaging-machines\\\/#breadcrumb\"},\"inLanguage\":\"en-US\",\"potentialAction\":[{\"@type\":\"ReadAction\",\"target\":[\"https:\\\/\\\/gotesp.com.br\\\/en\\\/food-packaging-machines\\\/\"]}]},{\"@type\":\"ImageObject\",\"inLanguage\":\"en-US\",\"@id\":\"https:\\\/\\\/gotesp.com.br\\\/en\\\/food-packaging-machines\\\/#primaryimage\",\"url\":\"https:\\\/\\\/gotesp.com.br\\\/wp-content\\\/uploads\\\/2022\\\/11\\\/Maquina-SPEED.jpg\",\"contentUrl\":\"https:\\\/\\\/gotesp.com.br\\\/wp-content\\\/uploads\\\/2022\\\/11\\\/Maquina-SPEED.jpg\",\"width\":600,\"height\":400,\"caption\":\"M\u00e1quina para embalar alimentos\"},{\"@type\":\"BreadcrumbList\",\"@id\":\"https:\\\/\\\/gotesp.com.br\\\/en\\\/food-packaging-machines\\\/#breadcrumb\",\"itemListElement\":[{\"@type\":\"ListItem\",\"position\":1,\"name\":\"In\u00edcio\",\"item\":\"https:\\\/\\\/gotesp.com.br\\\/en\\\/\"},{\"@type\":\"ListItem\",\"position\":2,\"name\":\"Food packaging machines\"}]},{\"@type\":\"WebSite\",\"@id\":\"https:\\\/\\\/gotesp.com.br\\\/en\\\/#website\",\"url\":\"https:\\\/\\\/gotesp.com.br\\\/en\\\/\",\"name\":\"Gotesp\",\"description\":\"Ind\u00fastria de Automa\u00e7\u00e3o de M\u00e1quinas e Embaladoras\",\"publisher\":{\"@id\":\"https:\\\/\\\/gotesp.com.br\\\/en\\\/#organization\"},\"potentialAction\":[{\"@type\":\"SearchAction\",\"target\":{\"@type\":\"EntryPoint\",\"urlTemplate\":\"https:\\\/\\\/gotesp.com.br\\\/en\\\/?s={search_term_string}\"},\"query-input\":{\"@type\":\"PropertyValueSpecification\",\"valueRequired\":true,\"valueName\":\"search_term_string\"}}],\"inLanguage\":\"en-US\"},{\"@type\":\"Organization\",\"@id\":\"https:\\\/\\\/gotesp.com.br\\\/en\\\/#organization\",\"name\":\"Gotesp Ind\u00fastria de Embalagens e Automa\u00e7\u00e3o de M\u00e1quinas Embaladoras\",\"url\":\"https:\\\/\\\/gotesp.com.br\\\/en\\\/\",\"logo\":{\"@type\":\"ImageObject\",\"inLanguage\":\"en-US\",\"@id\":\"https:\\\/\\\/gotesp.com.br\\\/en\\\/#\\\/schema\\\/logo\\\/image\\\/\",\"url\":\"https:\\\/\\\/gotesp.com.br\\\/wp-content\\\/uploads\\\/2022\\\/09\\\/gotesp35_logo.png\",\"contentUrl\":\"https:\\\/\\\/gotesp.com.br\\\/wp-content\\\/uploads\\\/2022\\\/09\\\/gotesp35_logo.png\",\"width\":216,\"height\":49,\"caption\":\"Gotesp Ind\u00fastria de Embalagens e Automa\u00e7\u00e3o de M\u00e1quinas Embaladoras\"},\"image\":{\"@id\":\"https:\\\/\\\/gotesp.com.br\\\/en\\\/#\\\/schema\\\/logo\\\/image\\\/\"}}]}<\/script>\n<!-- \/ Yoast SEO plugin. -->","yoast_head_json":{"title":"Food packaging machines - Gotesp","description":"Packing machines for candy, chocolate, stuffed cookies, salted cookies, tray macaroni, instant noodles, pa\u00e7oca, bread.","robots":{"index":"index","follow":"follow","max-snippet":"max-snippet:-1","max-image-preview":"max-image-preview:large","max-video-preview":"max-video-preview:-1"},"canonical":"https:\/\/gotesp.com.br\/en\/food-packaging-machines\/","og_locale":"en_US","og_type":"article","og_title":"Food packaging machines - Gotesp","og_description":"Packing machines for candy, chocolate, stuffed cookies, salted cookies, tray macaroni, instant noodles, pa\u00e7oca, bread.","og_url":"https:\/\/gotesp.com.br\/en\/food-packaging-machines\/","og_site_name":"Gotesp","article_modified_time":"2023-03-27T12:03:17+00:00","og_image":[{"width":600,"height":400,"url":"https:\/\/gotesp.com.br\/wp-content\/uploads\/2022\/11\/Maquina-SPEED.jpg","type":"image\/jpeg"}],"twitter_card":"summary_large_image","twitter_misc":{"Est. reading time":"1 minute"},"schema":{"@context":"https:\/\/schema.org","@graph":[{"@type":"WebPage","@id":"https:\/\/gotesp.com.br\/en\/food-packaging-machines\/","url":"https:\/\/gotesp.com.br\/en\/food-packaging-machines\/","name":"Food packaging machines - Gotesp","isPartOf":{"@id":"https:\/\/gotesp.com.br\/en\/#website"},"primaryImageOfPage":{"@id":"https:\/\/gotesp.com.br\/en\/food-packaging-machines\/#primaryimage"},"image":{"@id":"https:\/\/gotesp.com.br\/en\/food-packaging-machines\/#primaryimage"},"thumbnailUrl":"https:\/\/gotesp.com.br\/wp-content\/uploads\/2022\/11\/Maquina-SPEED.jpg","datePublished":"2022-10-23T23:26:48+00:00","dateModified":"2023-03-27T12:03:17+00:00","description":"Packing machines for candy, chocolate, stuffed cookies, salted cookies, tray macaroni, instant noodles, pa\u00e7oca, bread.","breadcrumb":{"@id":"https:\/\/gotesp.com.br\/en\/food-packaging-machines\/#breadcrumb"},"inLanguage":"en-US","potentialAction":[{"@type":"ReadAction","target":["https:\/\/gotesp.com.br\/en\/food-packaging-machines\/"]}]},{"@type":"ImageObject","inLanguage":"en-US","@id":"https:\/\/gotesp.com.br\/en\/food-packaging-machines\/#primaryimage","url":"https:\/\/gotesp.com.br\/wp-content\/uploads\/2022\/11\/Maquina-SPEED.jpg","contentUrl":"https:\/\/gotesp.com.br\/wp-content\/uploads\/2022\/11\/Maquina-SPEED.jpg","width":600,"height":400,"caption":"M\u00e1quina para embalar alimentos"},{"@type":"BreadcrumbList","@id":"https:\/\/gotesp.com.br\/en\/food-packaging-machines\/#breadcrumb","itemListElement":[{"@type":"ListItem","position":1,"name":"In\u00edcio","item":"https:\/\/gotesp.com.br\/en\/"},{"@type":"ListItem","position":2,"name":"Food packaging machines"}]},{"@type":"WebSite","@id":"https:\/\/gotesp.com.br\/en\/#website","url":"https:\/\/gotesp.com.br\/en\/","name":"Gotesp","description":"Ind\u00fastria de Automa\u00e7\u00e3o de M\u00e1quinas e Embaladoras","publisher":{"@id":"https:\/\/gotesp.com.br\/en\/#organization"},"potentialAction":[{"@type":"SearchAction","target":{"@type":"EntryPoint","urlTemplate":"https:\/\/gotesp.com.br\/en\/?s={search_term_string}"},"query-input":{"@type":"PropertyValueSpecification","valueRequired":true,"valueName":"search_term_string"}}],"inLanguage":"en-US"},{"@type":"Organization","@id":"https:\/\/gotesp.com.br\/en\/#organization","name":"Gotesp Ind\u00fastria de Embalagens e Automa\u00e7\u00e3o de M\u00e1quinas Embaladoras","url":"https:\/\/gotesp.com.br\/en\/","logo":{"@type":"ImageObject","inLanguage":"en-US","@id":"https:\/\/gotesp.com.br\/en\/#\/schema\/logo\/image\/","url":"https:\/\/gotesp.com.br\/wp-content\/uploads\/2022\/09\/gotesp35_logo.png","contentUrl":"https:\/\/gotesp.com.br\/wp-content\/uploads\/2022\/09\/gotesp35_logo.png","width":216,"height":49,"caption":"Gotesp Ind\u00fastria de Embalagens e Automa\u00e7\u00e3o de M\u00e1quinas Embaladoras"},"image":{"@id":"https:\/\/gotesp.com.br\/en\/#\/schema\/logo\/image\/"}}]}},"_links":{"self":[{"href":"https:\/\/gotesp.com.br\/en\/wp-json\/wp\/v2\/pages\/4454","targetHints":{"allow":["GET"]}}],"collection":[{"href":"https:\/\/gotesp.com.br\/en\/wp-json\/wp\/v2\/pages"}],"about":[{"href":"https:\/\/gotesp.com.br\/en\/wp-json\/wp\/v2\/types\/page"}],"author":[{"embeddable":true,"href":"https:\/\/gotesp.com.br\/en\/wp-json\/wp\/v2\/users\/3"}],"replies":[{"embeddable":true,"href":"https:\/\/gotesp.com.br\/en\/wp-json\/wp\/v2\/comments?post=4454"}],"version-history":[{"count":1,"href":"https:\/\/gotesp.com.br\/en\/wp-json\/wp\/v2\/pages\/4454\/revisions"}],"predecessor-version":[{"id":4455,"href":"https:\/\/gotesp.com.br\/en\/wp-json\/wp\/v2\/pages\/4454\/revisions\/4455"}],"wp:featuredmedia":[{"embeddable":true,"href":"https:\/\/gotesp.com.br\/en\/wp-json\/wp\/v2\/media\/3896"}],"wp:attachment":[{"href":"https:\/\/gotesp.com.br\/en\/wp-json\/wp\/v2\/media?parent=4454"}],"curies":[{"name":"wp","href":"https:\/\/api.w.org\/{rel}","templated":true}]}}