{"id":4502,"date":"2022-10-23T23:02:49","date_gmt":"2022-10-23T23:02:49","guid":{"rendered":"https:\/\/gotesp.com.br\/services\/"},"modified":"2023-03-27T12:18:33","modified_gmt":"2023-03-27T12:18:33","slug":"services","status":"publish","type":"page","link":"https:\/\/gotesp.com.br\/en\/services\/","title":{"rendered":"Services"},"content":{"rendered":"\t\t<div data-elementor-type=\"wp-page\" data-elementor-id=\"4502\" class=\"elementor elementor-4502\" data-elementor-settings=\"{&quot;ha_cmc_init_switcher&quot;:&quot;no&quot;}\" data-elementor-post-type=\"page\">\n\t\t\t\t<section class=\"elementor-element elementor-element-1372a8d e-con-full e-flex e-con e-parent\" data-id=\"1372a8d\" data-element_type=\"container\" data-e-type=\"container\" data-settings=\"{&quot;background_background&quot;:&quot;classic&quot;}\">\n\t\t\t\t<div class=\"elementor-element elementor-element-b2fb06b elementor-widget__width-inherit elementor-widget elementor-widget-heading\" data-id=\"b2fb06b\" data-element_type=\"widget\" data-e-type=\"widget\" data-widget_type=\"heading.default\">\n\t\t\t\t<div class=\"elementor-widget-container\">\n\t\t\t\t\t<h1 class=\"elementor-heading-title elementor-size-default\">Services<\/h1>\t\t\t\t<\/div>\n\t\t\t\t<\/div>\n\t\t\t\t<div class=\"elementor-element elementor-element-cc7f9cd elementor-align-center elementor-widget elementor-widget-breadcrumbs\" data-id=\"cc7f9cd\" data-element_type=\"widget\" data-e-type=\"widget\" data-widget_type=\"breadcrumbs.default\">\n\t\t\t\t<div class=\"elementor-widget-container\">\n\t\t\t\t\t<nav id=\"breadcrumbs\"><span><span><a href=\"https:\/\/gotesp.com.br\/en\/\">In\u00edcio<\/a><\/span><\/span><\/nav>\t\t\t\t<\/div>\n\t\t\t\t<\/div>\n\t\t\t\t<\/section>\n\t\t<div class=\"elementor-element elementor-element-5ee5000 e-flex e-con-boxed e-con e-parent\" data-id=\"5ee5000\" data-element_type=\"container\" data-e-type=\"container\">\n\t\t\t\t\t<div class=\"e-con-inner\">\n\t\t<div class=\"elementor-element elementor-element-3180e32 e-flex e-con-boxed e-con e-parent\" data-id=\"3180e32\" data-element_type=\"container\" data-e-type=\"container\" data-settings=\"{&quot;background_background&quot;:&quot;classic&quot;}\">\n\t\t\t\t\t<div class=\"e-con-inner\">\n\t\t\t\t<div class=\"elementor-element elementor-element-bfdd929 elementor-view-stacked elementor-shape-square elementor-position-block-start elementor-tablet-position-block-start elementor-mobile-position-block-start elementor-widget elementor-widget-icon-box\" data-id=\"bfdd929\" data-element_type=\"widget\" data-e-type=\"widget\" data-widget_type=\"icon-box.default\">\n\t\t\t\t<div class=\"elementor-widget-container\">\n\t\t\t\t\t\t\t<div class=\"elementor-icon-box-wrapper\">\n\n\t\t\t\t\t\t<div class=\"elementor-icon-box-icon\">\n\t\t\t\t<span  class=\"elementor-icon\">\n\t\t\t\t<svg aria-hidden=\"true\" class=\"e-font-icon-svg e-fas-hard-hat\" viewBox=\"0 0 512 512\" xmlns=\"http:\/\/www.w3.org\/2000\/svg\"><path d=\"M480 288c0-80.25-49.28-148.92-119.19-177.62L320 192V80a16 16 0 0 0-16-16h-96a16 16 0 0 0-16 16v112l-40.81-81.62C81.28 139.08 32 207.75 32 288v64h448zm16 96H16a16 16 0 0 0-16 16v32a16 16 0 0 0 16 16h480a16 16 0 0 0 16-16v-32a16 16 0 0 0-16-16z\"><\/path><\/svg>\t\t\t\t<\/span>\n\t\t\t<\/div>\n\t\t\t\n\t\t\t\t\t\t<div class=\"elementor-icon-box-content\">\n\n\t\t\t\t\t\t\t\t\t<h3 class=\"elementor-icon-box-title\">\n\t\t\t\t\t\t<span  >\n\t\t\t\t\t\t\tFull assistance\t\t\t\t\t\t<\/span>\n\t\t\t\t\t<\/h3>\n\t\t\t\t\n\t\t\t\t\t\t\t\t\t<p class=\"elementor-icon-box-description\">\n\t\t\t\t\t\t<p>With personalized service, we seek to find opportunities for improvement, reduce losses, and increase performance, as well as ensure quality.<\/p>\n\n<p> \nWe offer mechanical and electronic technical assistance services, aimed at analyzing problems, adapting and changing products with exchanges of parts and formats, and software and hardware updates.  \n<\/p>\n\n<p>Our employees have a high degree of specialization linked to the best in technological advances in automation systems and packaging machines. Technical staff in constant improvement and training.  \n<\/p>\n\n<p>\n  One of Gotesp's differentials is the care and attention given to clients in the complete after-sales support. Our clients consider us to be the company with the fastest and most accurate service, aiming at ensuring the quality of the equipment and increasing their useful life.  <\/p>\t\t\t\t\t<\/p>\n\t\t\t\t\n\t\t\t<\/div>\n\t\t\t\n\t\t<\/div>\n\t\t\t\t\t\t<\/div>\n\t\t\t\t<\/div>\n\t\t\t\t\t<\/div>\n\t\t\t\t<\/div>\n\t\t<div class=\"elementor-element elementor-element-6be7224 e-flex e-con-boxed e-con e-parent\" data-id=\"6be7224\" data-element_type=\"container\" data-e-type=\"container\" data-settings=\"{&quot;background_background&quot;:&quot;classic&quot;}\">\n\t\t\t\t\t<div class=\"e-con-inner\">\n\t\t\t\t<div class=\"elementor-element elementor-element-61e9f3a elementor-view-stacked elementor-shape-square elementor-position-block-start elementor-tablet-position-block-start elementor-mobile-position-block-start elementor-widget elementor-widget-icon-box\" data-id=\"61e9f3a\" data-element_type=\"widget\" data-e-type=\"widget\" data-widget_type=\"icon-box.default\">\n\t\t\t\t<div class=\"elementor-widget-container\">\n\t\t\t\t\t\t\t<div class=\"elementor-icon-box-wrapper\">\n\n\t\t\t\t\t\t<div class=\"elementor-icon-box-icon\">\n\t\t\t\t<span  class=\"elementor-icon\">\n\t\t\t\t<svg aria-hidden=\"true\" class=\"e-font-icon-svg e-fas-hammer\" viewBox=\"0 0 576 512\" xmlns=\"http:\/\/www.w3.org\/2000\/svg\"><path d=\"M571.31 193.94l-22.63-22.63c-6.25-6.25-16.38-6.25-22.63 0l-11.31 11.31-28.9-28.9c5.63-21.31.36-44.9-16.35-61.61l-45.25-45.25c-62.48-62.48-163.79-62.48-226.28 0l90.51 45.25v18.75c0 16.97 6.74 33.25 18.75 45.25l49.14 49.14c16.71 16.71 40.3 21.98 61.61 16.35l28.9 28.9-11.31 11.31c-6.25 6.25-6.25 16.38 0 22.63l22.63 22.63c6.25 6.25 16.38 6.25 22.63 0l90.51-90.51c6.23-6.24 6.23-16.37-.02-22.62zm-286.72-15.2c-3.7-3.7-6.84-7.79-9.85-11.95L19.64 404.96c-25.57 23.88-26.26 64.19-1.53 88.93s65.05 24.05 88.93-1.53l238.13-255.07c-3.96-2.91-7.9-5.87-11.44-9.41l-49.14-49.14z\"><\/path><\/svg>\t\t\t\t<\/span>\n\t\t\t<\/div>\n\t\t\t\n\t\t\t\t\t\t<div class=\"elementor-icon-box-content\">\n\n\t\t\t\t\t\t\t\t\t<h3 class=\"elementor-icon-box-title\">\n\t\t\t\t\t\t<span  >\n\t\t\t\t\t\t\tEquipment Refurbishment\t\t\t\t\t\t<\/span>\n\t\t\t\t\t<\/h3>\n\t\t\t\t\n\t\t\t\t\t\t\t\t\t<p class=\"elementor-icon-box-description\">\n\t\t\t\t\t\tGotesp offers complete overhaul services of machines and feeding and distribution systems, always aiming at the best adequacy of the clients' original equipment, in order to improve and modernize the equipment, improving its performance with the lowest costs.  \t\t\t\t\t<\/p>\n\t\t\t\t\n\t\t\t<\/div>\n\t\t\t\n\t\t<\/div>\n\t\t\t\t\t\t<\/div>\n\t\t\t\t<\/div>\n\t\t\t\t\t<\/div>\n\t\t\t\t<\/div>\n\t\t\t\t\t<\/div>\n\t\t\t\t<\/div>\n\t\t<div class=\"elementor-element elementor-element-4813750 e-flex e-con-boxed e-con e-parent\" data-id=\"4813750\" data-element_type=\"container\" data-e-type=\"container\">\n\t\t\t\t\t<div class=\"e-con-inner\">\n\t\t\t\t\t<\/div>\n\t\t\t\t<\/div>\n\t\t\t\t<\/div>\n\t\t","protected":false},"excerpt":{"rendered":"<p>Full assistance With personalized service, we seek to find opportunities for improvement, reduce losses, and increase performance, as well as ensure quality. We offer mechanical and electronic technical assistance services, aimed at analyzing problems, adapting and changing products with exchanges of parts and formats, and software and hardware updates. Our employees have a high degree [&hellip;]<\/p>\n","protected":false},"author":3,"featured_media":0,"parent":0,"menu_order":0,"comment_status":"closed","ping_status":"closed","template":"","meta":{"inline_featured_image":false,"_joinchat":[],"footnotes":""},"class_list":["post-4502","page","type-page","status-publish","hentry"],"yoast_head":"<!-- This site is optimized with the Yoast SEO plugin v27.3 - https:\/\/yoast.com\/product\/yoast-seo-wordpress\/ -->\n<title>Services - Gotesp<\/title>\n<meta name=\"description\" content=\"Gotesp services and technical assistance. Contact our service sector to be attended or to request maintenance of automation machines.\" \/>\n<meta name=\"robots\" content=\"index, follow, max-snippet:-1, max-image-preview:large, max-video-preview:-1\" \/>\n<link rel=\"canonical\" href=\"https:\/\/gotesp.com.br\/en\/services\/\" \/>\n<meta property=\"og:locale\" content=\"en_US\" \/>\n<meta property=\"og:type\" content=\"article\" \/>\n<meta property=\"og:title\" content=\"Services - Gotesp\" \/>\n<meta property=\"og:description\" content=\"Gotesp services and technical assistance. Contact our service sector to be attended or to request maintenance of automation machines.\" \/>\n<meta property=\"og:url\" content=\"https:\/\/gotesp.com.br\/en\/services\/\" \/>\n<meta property=\"og:site_name\" content=\"Gotesp\" \/>\n<meta property=\"article:modified_time\" content=\"2023-03-27T12:18:33+00:00\" \/>\n<meta name=\"twitter:card\" content=\"summary_large_image\" \/>\n<meta name=\"twitter:label1\" content=\"Est. reading time\" \/>\n\t<meta name=\"twitter:data1\" content=\"1 minute\" \/>\n<script type=\"application\/ld+json\" class=\"yoast-schema-graph\">{\"@context\":\"https:\\\/\\\/schema.org\",\"@graph\":[{\"@type\":\"WebPage\",\"@id\":\"https:\\\/\\\/gotesp.com.br\\\/en\\\/services\\\/\",\"url\":\"https:\\\/\\\/gotesp.com.br\\\/en\\\/services\\\/\",\"name\":\"Services - Gotesp\",\"isPartOf\":{\"@id\":\"https:\\\/\\\/gotesp.com.br\\\/en\\\/#website\"},\"datePublished\":\"2022-10-23T23:02:49+00:00\",\"dateModified\":\"2023-03-27T12:18:33+00:00\",\"description\":\"Gotesp services and technical assistance. Contact our service sector to be attended or to request maintenance of automation machines.\",\"breadcrumb\":{\"@id\":\"https:\\\/\\\/gotesp.com.br\\\/en\\\/services\\\/#breadcrumb\"},\"inLanguage\":\"en-US\",\"potentialAction\":[{\"@type\":\"ReadAction\",\"target\":[\"https:\\\/\\\/gotesp.com.br\\\/en\\\/services\\\/\"]}]},{\"@type\":\"BreadcrumbList\",\"@id\":\"https:\\\/\\\/gotesp.com.br\\\/en\\\/services\\\/#breadcrumb\",\"itemListElement\":[{\"@type\":\"ListItem\",\"position\":1,\"name\":\"In\u00edcio\",\"item\":\"https:\\\/\\\/gotesp.com.br\\\/en\\\/\"},{\"@type\":\"ListItem\",\"position\":2,\"name\":\"Services\"}]},{\"@type\":\"WebSite\",\"@id\":\"https:\\\/\\\/gotesp.com.br\\\/en\\\/#website\",\"url\":\"https:\\\/\\\/gotesp.com.br\\\/en\\\/\",\"name\":\"Gotesp\",\"description\":\"Ind\u00fastria de Automa\u00e7\u00e3o de M\u00e1quinas e Embaladoras\",\"publisher\":{\"@id\":\"https:\\\/\\\/gotesp.com.br\\\/en\\\/#organization\"},\"potentialAction\":[{\"@type\":\"SearchAction\",\"target\":{\"@type\":\"EntryPoint\",\"urlTemplate\":\"https:\\\/\\\/gotesp.com.br\\\/en\\\/?s={search_term_string}\"},\"query-input\":{\"@type\":\"PropertyValueSpecification\",\"valueRequired\":true,\"valueName\":\"search_term_string\"}}],\"inLanguage\":\"en-US\"},{\"@type\":\"Organization\",\"@id\":\"https:\\\/\\\/gotesp.com.br\\\/en\\\/#organization\",\"name\":\"Gotesp Ind\u00fastria de Embalagens e Automa\u00e7\u00e3o de M\u00e1quinas Embaladoras\",\"url\":\"https:\\\/\\\/gotesp.com.br\\\/en\\\/\",\"logo\":{\"@type\":\"ImageObject\",\"inLanguage\":\"en-US\",\"@id\":\"https:\\\/\\\/gotesp.com.br\\\/en\\\/#\\\/schema\\\/logo\\\/image\\\/\",\"url\":\"https:\\\/\\\/gotesp.com.br\\\/wp-content\\\/uploads\\\/2022\\\/09\\\/gotesp35_logo.png\",\"contentUrl\":\"https:\\\/\\\/gotesp.com.br\\\/wp-content\\\/uploads\\\/2022\\\/09\\\/gotesp35_logo.png\",\"width\":216,\"height\":49,\"caption\":\"Gotesp Ind\u00fastria de Embalagens e Automa\u00e7\u00e3o de M\u00e1quinas Embaladoras\"},\"image\":{\"@id\":\"https:\\\/\\\/gotesp.com.br\\\/en\\\/#\\\/schema\\\/logo\\\/image\\\/\"}}]}<\/script>\n<!-- \/ Yoast SEO plugin. -->","yoast_head_json":{"title":"Services - Gotesp","description":"Gotesp services and technical assistance. Contact our service sector to be attended or to request maintenance of automation machines.","robots":{"index":"index","follow":"follow","max-snippet":"max-snippet:-1","max-image-preview":"max-image-preview:large","max-video-preview":"max-video-preview:-1"},"canonical":"https:\/\/gotesp.com.br\/en\/services\/","og_locale":"en_US","og_type":"article","og_title":"Services - Gotesp","og_description":"Gotesp services and technical assistance. Contact our service sector to be attended or to request maintenance of automation machines.","og_url":"https:\/\/gotesp.com.br\/en\/services\/","og_site_name":"Gotesp","article_modified_time":"2023-03-27T12:18:33+00:00","twitter_card":"summary_large_image","twitter_misc":{"Est. reading time":"1 minute"},"schema":{"@context":"https:\/\/schema.org","@graph":[{"@type":"WebPage","@id":"https:\/\/gotesp.com.br\/en\/services\/","url":"https:\/\/gotesp.com.br\/en\/services\/","name":"Services - Gotesp","isPartOf":{"@id":"https:\/\/gotesp.com.br\/en\/#website"},"datePublished":"2022-10-23T23:02:49+00:00","dateModified":"2023-03-27T12:18:33+00:00","description":"Gotesp services and technical assistance. Contact our service sector to be attended or to request maintenance of automation machines.","breadcrumb":{"@id":"https:\/\/gotesp.com.br\/en\/services\/#breadcrumb"},"inLanguage":"en-US","potentialAction":[{"@type":"ReadAction","target":["https:\/\/gotesp.com.br\/en\/services\/"]}]},{"@type":"BreadcrumbList","@id":"https:\/\/gotesp.com.br\/en\/services\/#breadcrumb","itemListElement":[{"@type":"ListItem","position":1,"name":"In\u00edcio","item":"https:\/\/gotesp.com.br\/en\/"},{"@type":"ListItem","position":2,"name":"Services"}]},{"@type":"WebSite","@id":"https:\/\/gotesp.com.br\/en\/#website","url":"https:\/\/gotesp.com.br\/en\/","name":"Gotesp","description":"Ind\u00fastria de Automa\u00e7\u00e3o de M\u00e1quinas e Embaladoras","publisher":{"@id":"https:\/\/gotesp.com.br\/en\/#organization"},"potentialAction":[{"@type":"SearchAction","target":{"@type":"EntryPoint","urlTemplate":"https:\/\/gotesp.com.br\/en\/?s={search_term_string}"},"query-input":{"@type":"PropertyValueSpecification","valueRequired":true,"valueName":"search_term_string"}}],"inLanguage":"en-US"},{"@type":"Organization","@id":"https:\/\/gotesp.com.br\/en\/#organization","name":"Gotesp Ind\u00fastria de Embalagens e Automa\u00e7\u00e3o de M\u00e1quinas Embaladoras","url":"https:\/\/gotesp.com.br\/en\/","logo":{"@type":"ImageObject","inLanguage":"en-US","@id":"https:\/\/gotesp.com.br\/en\/#\/schema\/logo\/image\/","url":"https:\/\/gotesp.com.br\/wp-content\/uploads\/2022\/09\/gotesp35_logo.png","contentUrl":"https:\/\/gotesp.com.br\/wp-content\/uploads\/2022\/09\/gotesp35_logo.png","width":216,"height":49,"caption":"Gotesp Ind\u00fastria de Embalagens e Automa\u00e7\u00e3o de M\u00e1quinas Embaladoras"},"image":{"@id":"https:\/\/gotesp.com.br\/en\/#\/schema\/logo\/image\/"}}]}},"_links":{"self":[{"href":"https:\/\/gotesp.com.br\/en\/wp-json\/wp\/v2\/pages\/4502","targetHints":{"allow":["GET"]}}],"collection":[{"href":"https:\/\/gotesp.com.br\/en\/wp-json\/wp\/v2\/pages"}],"about":[{"href":"https:\/\/gotesp.com.br\/en\/wp-json\/wp\/v2\/types\/page"}],"author":[{"embeddable":true,"href":"https:\/\/gotesp.com.br\/en\/wp-json\/wp\/v2\/users\/3"}],"replies":[{"embeddable":true,"href":"https:\/\/gotesp.com.br\/en\/wp-json\/wp\/v2\/comments?post=4502"}],"version-history":[{"count":1,"href":"https:\/\/gotesp.com.br\/en\/wp-json\/wp\/v2\/pages\/4502\/revisions"}],"predecessor-version":[{"id":4504,"href":"https:\/\/gotesp.com.br\/en\/wp-json\/wp\/v2\/pages\/4502\/revisions\/4504"}],"wp:attachment":[{"href":"https:\/\/gotesp.com.br\/en\/wp-json\/wp\/v2\/media?parent=4502"}],"curies":[{"name":"wp","href":"https:\/\/api.w.org\/{rel}","templated":true}]}}