{"id":4431,"date":"2022-12-08T13:11:22","date_gmt":"2022-12-08T13:11:22","guid":{"rendered":"https:\/\/gotesp.com.br\/automatizacion-de-lineas-de-envasado\/"},"modified":"2023-04-03T17:55:46","modified_gmt":"2023-04-03T17:55:46","slug":"automatizacion-de-lineas-de-envasado","status":"publish","type":"page","link":"https:\/\/gotesp.com.br\/es\/automatizacion-de-lineas-de-envasado\/","title":{"rendered":"Automatizaci\u00f3n de l\u00edneas de envasado"},"content":{"rendered":"\t\t<div data-elementor-type=\"wp-page\" data-elementor-id=\"4431\" class=\"elementor elementor-4431\" data-elementor-settings=\"{&quot;ha_cmc_init_switcher&quot;:&quot;no&quot;}\" data-elementor-post-type=\"page\">\n\t\t\t\t<section class=\"elementor-element elementor-element-fc63a37 e-con-full e-flex e-con e-parent\" data-id=\"fc63a37\" data-element_type=\"container\" data-e-type=\"container\" data-settings=\"{&quot;background_background&quot;:&quot;classic&quot;}\">\n\t\t\t\t<div class=\"elementor-element elementor-element-34ade36 elementor-widget__width-inherit elementor-widget elementor-widget-heading\" data-id=\"34ade36\" data-element_type=\"widget\" data-e-type=\"widget\" data-widget_type=\"heading.default\">\n\t\t\t\t<div class=\"elementor-widget-container\">\n\t\t\t\t\t<h1 class=\"elementor-heading-title elementor-size-default\">Automatizaci\u00f3n de l\u00edneas de envasado<\/h1>\t\t\t\t<\/div>\n\t\t\t\t<\/div>\n\t\t\t\t<div class=\"elementor-element elementor-element-b04e62f elementor-align-center elementor-widget elementor-widget-breadcrumbs\" data-id=\"b04e62f\" data-element_type=\"widget\" data-e-type=\"widget\" data-widget_type=\"breadcrumbs.default\">\n\t\t\t\t<div class=\"elementor-widget-container\">\n\t\t\t\t\t<nav id=\"breadcrumbs\"><span><span><a href=\"https:\/\/gotesp.com.br\/es\/\">In\u00edcio<\/a><\/span><\/span><\/nav>\t\t\t\t<\/div>\n\t\t\t\t<\/div>\n\t\t\t\t<\/section>\n\t\t<div class=\"elementor-element elementor-element-4370a0a e-flex e-con-boxed e-con e-parent\" data-id=\"4370a0a\" data-element_type=\"container\" data-e-type=\"container\">\n\t\t\t\t\t<div class=\"e-con-inner\">\n\t\t\t\t<div class=\"elementor-element elementor-element-23709b6 elementor-widget elementor-widget-text-editor\" data-id=\"23709b6\" data-element_type=\"widget\" data-e-type=\"widget\" data-widget_type=\"text-editor.default\">\n\t\t\t\t<div class=\"elementor-widget-container\">\n\t\t\t\t\t\t\t\t\t<p>Soluciones de automatizaci\u00f3n industrial para l\u00edneas de envasado del sector alimentario<\/p>\n\t\t\t\t\t\t\t\t<\/div>\n\t\t\t\t<\/div>\n\t\t\t\t\t<\/div>\n\t\t\t\t<\/div>\n\t\t<div class=\"elementor-element elementor-element-3b4353f e-flex e-con-boxed e-con e-parent\" data-id=\"3b4353f\" data-element_type=\"container\" data-e-type=\"container\">\n\t\t\t\t\t<div class=\"e-con-inner\">\n\t\t\t\t<div class=\"elementor-element elementor-element-bcd1c55 elementor-widget__width-initial ha-card--top ha-card--tablet-top ha-card--mobile-top elementor-widget elementor-widget-ha-card happy-addon ha-card\" data-id=\"bcd1c55\" data-element_type=\"widget\" data-e-type=\"widget\" data-widget_type=\"ha-card.default\">\n\t\t\t\t<div class=\"elementor-widget-container\">\n\t\t\t\t\t\n\t\t\t\t\t<figure class=\"ha-card-figure\">\n\t\t\t\t<img fetchpriority=\"high\" decoding=\"async\" width=\"800\" height=\"393\" src=\"https:\/\/gotesp.com.br\/wp-content\/uploads\/2022\/12\/Speed-Pack-Linha-02-scaled-e1700756761665-1024x503.jpg\" class=\"elementor-animation-grow attachment-large size-large wp-image-3684\" alt=\"\" srcset=\"https:\/\/gotesp.com.br\/wp-content\/uploads\/2022\/12\/Speed-Pack-Linha-02-scaled-e1700756761665-1024x503.jpg 1024w, https:\/\/gotesp.com.br\/wp-content\/uploads\/2022\/12\/Speed-Pack-Linha-02-scaled-e1700756761665-300x147.jpg 300w, https:\/\/gotesp.com.br\/wp-content\/uploads\/2022\/12\/Speed-Pack-Linha-02-scaled-e1700756761665-768x377.jpg 768w, https:\/\/gotesp.com.br\/wp-content\/uploads\/2022\/12\/Speed-Pack-Linha-02-scaled-e1700756761665-1536x755.jpg 1536w, https:\/\/gotesp.com.br\/wp-content\/uploads\/2022\/12\/Speed-Pack-Linha-02-scaled-e1700756761665-2048x1006.jpg 2048w\" sizes=\"(max-width: 800px) 100vw, 800px\" \/>\t\t\t\t\t\t\t<\/figure>\n\t\t\n\t\t<div class=\"ha-card-body\">\n\n\t\t\t<h2 class=\"ha-card-title\">Automatizaci\u00f3n de galletas<\/h2>\n\t\t\t\t\t\t\t<div class=\"ha-card-text\">\n\t\t\t\t\t<p>L\u00ednea de automatizaci\u00f3n industrial para galletas. <\/p>\n\t\t\t\t<\/div>\n\t\t\t\n\t\t\t<a class=\"ha-btn\" href=\"https:\/\/gotesp.com.br\/automacao-de-linhas-de-embalagens\/automacao-para-biscoito\/\"><span class=\"ha-btn-text\">Conocer la soluci\u00f3n<\/span><\/a>\t\t<\/div>\n\t\t\t\t\t\t<\/div>\n\t\t\t\t<\/div>\n\t\t\t\t<div class=\"elementor-element elementor-element-a4019e4 elementor-widget__width-initial ha-card--top ha-card--tablet-top ha-card--mobile-top elementor-widget elementor-widget-ha-card happy-addon ha-card\" data-id=\"a4019e4\" data-element_type=\"widget\" data-e-type=\"widget\" data-widget_type=\"ha-card.default\">\n\t\t\t\t<div class=\"elementor-widget-container\">\n\t\t\t\t\t\n\t\t\t\t\t<figure class=\"ha-card-figure\">\n\t\t\t\t<img decoding=\"async\" width=\"800\" height=\"416\" src=\"https:\/\/gotesp.com.br\/wp-content\/uploads\/2022\/12\/Automacao-doces-scaled-e1700757079513-1024x533.jpg\" class=\"elementor-animation-grow attachment-large size-large wp-image-3688\" alt=\"\" srcset=\"https:\/\/gotesp.com.br\/wp-content\/uploads\/2022\/12\/Automacao-doces-scaled-e1700757079513-1024x533.jpg 1024w, https:\/\/gotesp.com.br\/wp-content\/uploads\/2022\/12\/Automacao-doces-scaled-e1700757079513-300x156.jpg 300w, https:\/\/gotesp.com.br\/wp-content\/uploads\/2022\/12\/Automacao-doces-scaled-e1700757079513-768x400.jpg 768w, https:\/\/gotesp.com.br\/wp-content\/uploads\/2022\/12\/Automacao-doces-scaled-e1700757079513-1536x800.jpg 1536w, https:\/\/gotesp.com.br\/wp-content\/uploads\/2022\/12\/Automacao-doces-scaled-e1700757079513.jpg 1966w\" sizes=\"(max-width: 800px) 100vw, 800px\" \/>\t\t\t\t\t\t\t<\/figure>\n\t\t\n\t\t<div class=\"ha-card-body\">\n\n\t\t\t<h2 class=\"ha-card-title\">Automatizaci\u00f3n de caramelos<\/h2>\n\t\t\t\t\t\t\t<div class=\"ha-card-text\">\n\t\t\t\t\t<p>L\u00ednea de automatizaci\u00f3n industrial para dulces. <\/p>\n\t\t\t\t<\/div>\n\t\t\t\n\t\t\t<a class=\"ha-btn\" href=\"https:\/\/gotesp.com.br\/automacao-de-linhas-de-embalagens\/automacao-para-doces\/\"><span class=\"ha-btn-text\">Conocer la soluci\u00f3n<\/span><\/a>\t\t<\/div>\n\t\t\t\t\t\t<\/div>\n\t\t\t\t<\/div>\n\t\t\t\t<div class=\"elementor-element elementor-element-fe68b3c elementor-widget__width-initial ha-card--top ha-card--tablet-top ha-card--mobile-top elementor-widget elementor-widget-ha-card happy-addon ha-card\" data-id=\"fe68b3c\" data-element_type=\"widget\" data-e-type=\"widget\" data-widget_type=\"ha-card.default\">\n\t\t\t\t<div class=\"elementor-widget-container\">\n\t\t\t\t\t\n\t\t\t\t\t<figure class=\"ha-card-figure\">\n\t\t\t\t<img decoding=\"async\" width=\"800\" height=\"534\" src=\"https:\/\/gotesp.com.br\/wp-content\/uploads\/2022\/12\/Automacao-chocolate-1024x683.jpg\" class=\"elementor-animation-grow attachment-large size-large wp-image-3692\" alt=\"\" srcset=\"https:\/\/gotesp.com.br\/wp-content\/uploads\/2022\/12\/Automacao-chocolate-1024x683.jpg 1024w, https:\/\/gotesp.com.br\/wp-content\/uploads\/2022\/12\/Automacao-chocolate-300x200.jpg 300w, https:\/\/gotesp.com.br\/wp-content\/uploads\/2022\/12\/Automacao-chocolate-768x512.jpg 768w, https:\/\/gotesp.com.br\/wp-content\/uploads\/2022\/12\/Automacao-chocolate-1536x1024.jpg 1536w, https:\/\/gotesp.com.br\/wp-content\/uploads\/2022\/12\/Automacao-chocolate-2048x1365.jpg 2048w\" sizes=\"(max-width: 800px) 100vw, 800px\" \/>\t\t\t\t\t\t\t<\/figure>\n\t\t\n\t\t<div class=\"ha-card-body\">\n\n\t\t\t<h2 class=\"ha-card-title\">Automatizaci\u00f3n para el chocolate<\/h2>\n\t\t\t\t\t\t\t<div class=\"ha-card-text\">\n\t\t\t\t\t<p>L\u00ednea de automatizaci\u00f3n industrial para chocolate. <\/p>\n\t\t\t\t<\/div>\n\t\t\t\n\t\t\t<a class=\"ha-btn\" href=\"https:\/\/gotesp.com.br\/automacao-de-linhas-de-embalagens\/automacao-para-chocolate\/\"><span class=\"ha-btn-text\">Conocer la soluci\u00f3n<\/span><\/a>\t\t<\/div>\n\t\t\t\t\t\t<\/div>\n\t\t\t\t<\/div>\n\t\t\t\t\t<\/div>\n\t\t\t\t<\/div>\n\t\t<div class=\"elementor-element elementor-element-eceae1a e-flex e-con-boxed e-con e-parent\" data-id=\"eceae1a\" data-element_type=\"container\" data-e-type=\"container\">\n\t\t\t\t\t<div class=\"e-con-inner\">\n\t\t\t\t<div class=\"elementor-element elementor-element-c0a4a5d elementor-widget__width-initial ha-card--top ha-card--tablet-top ha-card--mobile-top elementor-widget elementor-widget-ha-card happy-addon ha-card\" data-id=\"c0a4a5d\" data-element_type=\"widget\" data-e-type=\"widget\" data-widget_type=\"ha-card.default\">\n\t\t\t\t<div class=\"elementor-widget-container\">\n\t\t\t\t\t\n\t\t\t\t\t<figure class=\"ha-card-figure\">\n\t\t\t\t<img loading=\"lazy\" decoding=\"async\" width=\"2560\" height=\"1032\" src=\"https:\/\/gotesp.com.br\/wp-content\/uploads\/2022\/12\/SpeedPack-EX700-Frontal-01-scaled-e1700757234814.jpg\" class=\"elementor-animation-grow attachment-full size-full wp-image-3696\" alt=\"\" srcset=\"https:\/\/gotesp.com.br\/wp-content\/uploads\/2022\/12\/SpeedPack-EX700-Frontal-01-scaled-e1700757234814.jpg 2560w, https:\/\/gotesp.com.br\/wp-content\/uploads\/2022\/12\/SpeedPack-EX700-Frontal-01-scaled-e1700757234814-300x121.jpg 300w, https:\/\/gotesp.com.br\/wp-content\/uploads\/2022\/12\/SpeedPack-EX700-Frontal-01-scaled-e1700757234814-1024x413.jpg 1024w, https:\/\/gotesp.com.br\/wp-content\/uploads\/2022\/12\/SpeedPack-EX700-Frontal-01-scaled-e1700757234814-768x310.jpg 768w, https:\/\/gotesp.com.br\/wp-content\/uploads\/2022\/12\/SpeedPack-EX700-Frontal-01-scaled-e1700757234814-1536x619.jpg 1536w, https:\/\/gotesp.com.br\/wp-content\/uploads\/2022\/12\/SpeedPack-EX700-Frontal-01-scaled-e1700757234814-2048x826.jpg 2048w\" sizes=\"(max-width: 2560px) 100vw, 2560px\" \/>\t\t\t\t\t\t\t<\/figure>\n\t\t\n\t\t<div class=\"ha-card-body\">\n\n\t\t\t<h2 class=\"ha-card-title\">Automatizaci\u00f3n de los fideos instant\u00e1neos<\/h2>\n\t\t\t\t\t\t\t<div class=\"ha-card-text\">\n\t\t\t\t\t<p>L\u00ednea de automatizaci\u00f3n industrial para fideos instant\u00e1neos.  <\/p>\n\t\t\t\t<\/div>\n\t\t\t\n\t\t\t<a class=\"ha-btn\" href=\"https:\/\/gotesp.com.br\/automacao-de-linhas-de-embalagens\/automacao-para-macarrao-instantaneo\/\"><span class=\"ha-btn-text\">Conocer la l\u00ednea de automatizaci\u00f3n<\/span><\/a>\t\t<\/div>\n\t\t\t\t\t\t<\/div>\n\t\t\t\t<\/div>\n\t\t\t\t<div class=\"elementor-element elementor-element-b91b032 elementor-widget__width-initial ha-card--top ha-card--tablet-top ha-card--mobile-top elementor-widget elementor-widget-ha-card happy-addon ha-card\" data-id=\"b91b032\" data-element_type=\"widget\" data-e-type=\"widget\" data-widget_type=\"ha-card.default\">\n\t\t\t\t<div class=\"elementor-widget-container\">\n\t\t\t\t\t\n\t\t\t\t\t<figure class=\"ha-card-figure\">\n\t\t\t\t<img loading=\"lazy\" decoding=\"async\" width=\"800\" height=\"340\" src=\"https:\/\/gotesp.com.br\/wp-content\/uploads\/2022\/12\/SpeedPack-Macarrao-Antiga-scaled-e1700757403613-1024x435.jpg\" class=\"elementor-animation-grow attachment-large size-large wp-image-3700\" alt=\"\" srcset=\"https:\/\/gotesp.com.br\/wp-content\/uploads\/2022\/12\/SpeedPack-Macarrao-Antiga-scaled-e1700757403613-1024x435.jpg 1024w, https:\/\/gotesp.com.br\/wp-content\/uploads\/2022\/12\/SpeedPack-Macarrao-Antiga-scaled-e1700757403613-300x128.jpg 300w, https:\/\/gotesp.com.br\/wp-content\/uploads\/2022\/12\/SpeedPack-Macarrao-Antiga-scaled-e1700757403613-768x326.jpg 768w, https:\/\/gotesp.com.br\/wp-content\/uploads\/2022\/12\/SpeedPack-Macarrao-Antiga-scaled-e1700757403613-1536x653.jpg 1536w, https:\/\/gotesp.com.br\/wp-content\/uploads\/2022\/12\/SpeedPack-Macarrao-Antiga-scaled-e1700757403613-2048x870.jpg 2048w\" sizes=\"(max-width: 800px) 100vw, 800px\" \/>\t\t\t\t\t\t\t<\/figure>\n\t\t\n\t\t<div class=\"ha-card-body\">\n\n\t\t\t<h2 class=\"ha-card-title\">Automatizaci\u00f3n para fideos en bandeja<\/h2>\n\t\t\t\t\t\t\t<div class=\"ha-card-text\">\n\t\t\t\t\t<p>L\u00ednea de automatizaci\u00f3n industrial para fideos en bandeja. <\/p>\n\t\t\t\t<\/div>\n\t\t\t\n\t\t\t<a class=\"ha-btn\" href=\"https:\/\/gotesp.com.br\/automacao-de-linhas-de-embalagens\/automacao-para-macarrao-em-bandeja\/\"><span class=\"ha-btn-text\">Conocer la soluci\u00f3n<\/span><\/a>\t\t<\/div>\n\t\t\t\t\t\t<\/div>\n\t\t\t\t<\/div>\n\t\t\t\t<div class=\"elementor-element elementor-element-1eefe0c elementor-widget__width-initial ha-card--top ha-card--tablet-top ha-card--mobile-top elementor-widget elementor-widget-ha-card happy-addon ha-card\" data-id=\"1eefe0c\" data-element_type=\"widget\" data-e-type=\"widget\" data-widget_type=\"ha-card.default\">\n\t\t\t\t<div class=\"elementor-widget-container\">\n\t\t\t\t\t\n\t\t\t\t\t<figure class=\"ha-card-figure\">\n\t\t\t\t<img loading=\"lazy\" decoding=\"async\" width=\"800\" height=\"312\" src=\"https:\/\/gotesp.com.br\/wp-content\/uploads\/2022\/12\/SpeedPAck-Backery-Frt-1-scaled-e1700757471523-1024x399.jpg\" class=\"elementor-animation-grow attachment-large size-large wp-image-3710\" alt=\"\" srcset=\"https:\/\/gotesp.com.br\/wp-content\/uploads\/2022\/12\/SpeedPAck-Backery-Frt-1-scaled-e1700757471523-1024x399.jpg 1024w, https:\/\/gotesp.com.br\/wp-content\/uploads\/2022\/12\/SpeedPAck-Backery-Frt-1-scaled-e1700757471523-300x117.jpg 300w, https:\/\/gotesp.com.br\/wp-content\/uploads\/2022\/12\/SpeedPAck-Backery-Frt-1-scaled-e1700757471523-768x299.jpg 768w, https:\/\/gotesp.com.br\/wp-content\/uploads\/2022\/12\/SpeedPAck-Backery-Frt-1-scaled-e1700757471523-1536x599.jpg 1536w, https:\/\/gotesp.com.br\/wp-content\/uploads\/2022\/12\/SpeedPAck-Backery-Frt-1-scaled-e1700757471523-2048x798.jpg 2048w\" sizes=\"(max-width: 800px) 100vw, 800px\" \/>\t\t\t\t\t\t\t<\/figure>\n\t\t\n\t\t<div class=\"ha-card-body\">\n\n\t\t\t<h2 class=\"ha-card-title\">Automatizaci\u00f3n del pan<\/h2>\n\t\t\t\t\t\t\t<div class=\"ha-card-text\">\n\t\t\t\t\t<p>L\u00ednea de automatizaci\u00f3n industrial para pan. <\/p>\n\t\t\t\t<\/div>\n\t\t\t\n\t\t\t<a class=\"ha-btn\" href=\"https:\/\/gotesp.com.br\/automacao-de-linhas-de-embalagens\/automacao-para-pao\/\"><span class=\"ha-btn-text\">Conocer la soluci\u00f3n<\/span><\/a>\t\t<\/div>\n\t\t\t\t\t\t<\/div>\n\t\t\t\t<\/div>\n\t\t\t\t\t<\/div>\n\t\t\t\t<\/div>\n\t\t\t\t<\/div>\n\t\t","protected":false},"excerpt":{"rendered":"<p>Soluciones de automatizaci\u00f3n industrial para l\u00edneas de envasado del sector alimentario Automatizaci\u00f3n de galletas L\u00ednea de automatizaci\u00f3n industrial para galletas. Conocer la soluci\u00f3n Automatizaci\u00f3n de caramelos L\u00ednea de automatizaci\u00f3n industrial para dulces. Conocer la soluci\u00f3n Automatizaci\u00f3n para el chocolate L\u00ednea de automatizaci\u00f3n industrial para chocolate. Conocer la soluci\u00f3n Automatizaci\u00f3n de los fideos instant\u00e1neos L\u00ednea de [&hellip;]<\/p>\n","protected":false},"author":1,"featured_media":0,"parent":0,"menu_order":0,"comment_status":"closed","ping_status":"closed","template":"","meta":{"inline_featured_image":false,"_joinchat":[],"footnotes":""},"class_list":["post-4431","page","type-page","status-publish","hentry"],"yoast_head":"<!-- This site is optimized with the Yoast SEO plugin v27.3 - https:\/\/yoast.com\/product\/yoast-seo-wordpress\/ -->\n<title>Automatizaci\u00f3n de l\u00edneas de envasado% -% Gotesp%<\/title>\n<meta name=\"description\" content=\"Automatizaci\u00f3n de l\u00edneas de envasado para el sector alimentario. Automatizaci\u00f3n del envasado industrial. L\u00edneas de automatizaci\u00f3n del envasado.\" \/>\n<meta name=\"robots\" content=\"index, follow, max-snippet:-1, max-image-preview:large, max-video-preview:-1\" \/>\n<link rel=\"canonical\" href=\"https:\/\/gotesp.com.br\/es\/automatizacion-de-lineas-de-envasado\/\" \/>\n<meta property=\"og:locale\" content=\"es_ES\" \/>\n<meta property=\"og:type\" content=\"article\" \/>\n<meta property=\"og:title\" content=\"Automatizaci\u00f3n de l\u00edneas de envasado% -% Gotesp%\" \/>\n<meta property=\"og:description\" content=\"Automatizaci\u00f3n de l\u00edneas de envasado para el sector alimentario. Automatizaci\u00f3n del envasado industrial. L\u00edneas de automatizaci\u00f3n del envasado.\" \/>\n<meta property=\"og:url\" content=\"https:\/\/gotesp.com.br\/es\/automatizacion-de-lineas-de-envasado\/\" \/>\n<meta property=\"og:site_name\" content=\"Gotesp\" \/>\n<meta property=\"article:modified_time\" content=\"2023-04-03T17:55:46+00:00\" \/>\n<meta property=\"og:image\" content=\"https:\/\/gotesp.com.br\/wp-content\/uploads\/2022\/12\/Speed-Pack-Linha-02-1024x645.jpg\" \/>\n<meta name=\"twitter:card\" content=\"summary_large_image\" \/>\n<meta name=\"twitter:label1\" content=\"Tiempo de lectura\" \/>\n\t<meta name=\"twitter:data1\" content=\"1 minuto\" \/>\n<script type=\"application\/ld+json\" class=\"yoast-schema-graph\">{\"@context\":\"https:\\\/\\\/schema.org\",\"@graph\":[{\"@type\":\"WebPage\",\"@id\":\"https:\\\/\\\/gotesp.com.br\\\/es\\\/automatizacion-de-lineas-de-envasado\\\/\",\"url\":\"https:\\\/\\\/gotesp.com.br\\\/es\\\/automatizacion-de-lineas-de-envasado\\\/\",\"name\":\"Automatizaci\u00f3n de l\u00edneas de envasado% -% Gotesp%\",\"isPartOf\":{\"@id\":\"https:\\\/\\\/gotesp.com.br\\\/es\\\/#website\"},\"primaryImageOfPage\":{\"@id\":\"https:\\\/\\\/gotesp.com.br\\\/es\\\/automatizacion-de-lineas-de-envasado\\\/#primaryimage\"},\"image\":{\"@id\":\"https:\\\/\\\/gotesp.com.br\\\/es\\\/automatizacion-de-lineas-de-envasado\\\/#primaryimage\"},\"thumbnailUrl\":\"https:\\\/\\\/gotesp.com.br\\\/wp-content\\\/uploads\\\/2022\\\/12\\\/Speed-Pack-Linha-02-scaled-e1700756761665.jpg\",\"datePublished\":\"2022-12-08T13:11:22+00:00\",\"dateModified\":\"2023-04-03T17:55:46+00:00\",\"description\":\"Automatizaci\u00f3n de l\u00edneas de envasado para el sector alimentario. Automatizaci\u00f3n del envasado industrial. L\u00edneas de automatizaci\u00f3n del envasado.\",\"breadcrumb\":{\"@id\":\"https:\\\/\\\/gotesp.com.br\\\/es\\\/automatizacion-de-lineas-de-envasado\\\/#breadcrumb\"},\"inLanguage\":\"es\",\"potentialAction\":[{\"@type\":\"ReadAction\",\"target\":[\"https:\\\/\\\/gotesp.com.br\\\/es\\\/automatizacion-de-lineas-de-envasado\\\/\"]}]},{\"@type\":\"ImageObject\",\"inLanguage\":\"es\",\"@id\":\"https:\\\/\\\/gotesp.com.br\\\/es\\\/automatizacion-de-lineas-de-envasado\\\/#primaryimage\",\"url\":\"https:\\\/\\\/gotesp.com.br\\\/wp-content\\\/uploads\\\/2022\\\/12\\\/Speed-Pack-Linha-02-scaled-e1700756761665.jpg\",\"contentUrl\":\"https:\\\/\\\/gotesp.com.br\\\/wp-content\\\/uploads\\\/2022\\\/12\\\/Speed-Pack-Linha-02-scaled-e1700756761665.jpg\"},{\"@type\":\"BreadcrumbList\",\"@id\":\"https:\\\/\\\/gotesp.com.br\\\/es\\\/automatizacion-de-lineas-de-envasado\\\/#breadcrumb\",\"itemListElement\":[{\"@type\":\"ListItem\",\"position\":1,\"name\":\"In\u00edcio\",\"item\":\"https:\\\/\\\/gotesp.com.br\\\/es\\\/\"},{\"@type\":\"ListItem\",\"position\":2,\"name\":\"Automatizaci\u00f3n de l\u00edneas de envasado\"}]},{\"@type\":\"WebSite\",\"@id\":\"https:\\\/\\\/gotesp.com.br\\\/es\\\/#website\",\"url\":\"https:\\\/\\\/gotesp.com.br\\\/es\\\/\",\"name\":\"Gotesp\",\"description\":\"Ind\u00fastria de Automa\u00e7\u00e3o de M\u00e1quinas e Embaladoras\",\"publisher\":{\"@id\":\"https:\\\/\\\/gotesp.com.br\\\/es\\\/#organization\"},\"potentialAction\":[{\"@type\":\"SearchAction\",\"target\":{\"@type\":\"EntryPoint\",\"urlTemplate\":\"https:\\\/\\\/gotesp.com.br\\\/es\\\/?s={search_term_string}\"},\"query-input\":{\"@type\":\"PropertyValueSpecification\",\"valueRequired\":true,\"valueName\":\"search_term_string\"}}],\"inLanguage\":\"es\"},{\"@type\":\"Organization\",\"@id\":\"https:\\\/\\\/gotesp.com.br\\\/es\\\/#organization\",\"name\":\"Gotesp Ind\u00fastria de Embalagens e Automa\u00e7\u00e3o de M\u00e1quinas Embaladoras\",\"url\":\"https:\\\/\\\/gotesp.com.br\\\/es\\\/\",\"logo\":{\"@type\":\"ImageObject\",\"inLanguage\":\"es\",\"@id\":\"https:\\\/\\\/gotesp.com.br\\\/es\\\/#\\\/schema\\\/logo\\\/image\\\/\",\"url\":\"https:\\\/\\\/gotesp.com.br\\\/wp-content\\\/uploads\\\/2022\\\/09\\\/gotesp35_logo.png\",\"contentUrl\":\"https:\\\/\\\/gotesp.com.br\\\/wp-content\\\/uploads\\\/2022\\\/09\\\/gotesp35_logo.png\",\"width\":216,\"height\":49,\"caption\":\"Gotesp Ind\u00fastria de Embalagens e Automa\u00e7\u00e3o de M\u00e1quinas Embaladoras\"},\"image\":{\"@id\":\"https:\\\/\\\/gotesp.com.br\\\/es\\\/#\\\/schema\\\/logo\\\/image\\\/\"}}]}<\/script>\n<!-- \/ Yoast SEO plugin. -->","yoast_head_json":{"title":"Automatizaci\u00f3n de l\u00edneas de envasado% -% Gotesp%","description":"Automatizaci\u00f3n de l\u00edneas de envasado para el sector alimentario. Automatizaci\u00f3n del envasado industrial. L\u00edneas de automatizaci\u00f3n del envasado.","robots":{"index":"index","follow":"follow","max-snippet":"max-snippet:-1","max-image-preview":"max-image-preview:large","max-video-preview":"max-video-preview:-1"},"canonical":"https:\/\/gotesp.com.br\/es\/automatizacion-de-lineas-de-envasado\/","og_locale":"es_ES","og_type":"article","og_title":"Automatizaci\u00f3n de l\u00edneas de envasado% -% Gotesp%","og_description":"Automatizaci\u00f3n de l\u00edneas de envasado para el sector alimentario. Automatizaci\u00f3n del envasado industrial. L\u00edneas de automatizaci\u00f3n del envasado.","og_url":"https:\/\/gotesp.com.br\/es\/automatizacion-de-lineas-de-envasado\/","og_site_name":"Gotesp","article_modified_time":"2023-04-03T17:55:46+00:00","og_image":[{"url":"https:\/\/gotesp.com.br\/wp-content\/uploads\/2022\/12\/Speed-Pack-Linha-02-1024x645.jpg","type":"","width":"","height":""}],"twitter_card":"summary_large_image","twitter_misc":{"Tiempo de lectura":"1 minuto"},"schema":{"@context":"https:\/\/schema.org","@graph":[{"@type":"WebPage","@id":"https:\/\/gotesp.com.br\/es\/automatizacion-de-lineas-de-envasado\/","url":"https:\/\/gotesp.com.br\/es\/automatizacion-de-lineas-de-envasado\/","name":"Automatizaci\u00f3n de l\u00edneas de envasado% -% Gotesp%","isPartOf":{"@id":"https:\/\/gotesp.com.br\/es\/#website"},"primaryImageOfPage":{"@id":"https:\/\/gotesp.com.br\/es\/automatizacion-de-lineas-de-envasado\/#primaryimage"},"image":{"@id":"https:\/\/gotesp.com.br\/es\/automatizacion-de-lineas-de-envasado\/#primaryimage"},"thumbnailUrl":"https:\/\/gotesp.com.br\/wp-content\/uploads\/2022\/12\/Speed-Pack-Linha-02-scaled-e1700756761665.jpg","datePublished":"2022-12-08T13:11:22+00:00","dateModified":"2023-04-03T17:55:46+00:00","description":"Automatizaci\u00f3n de l\u00edneas de envasado para el sector alimentario. Automatizaci\u00f3n del envasado industrial. L\u00edneas de automatizaci\u00f3n del envasado.","breadcrumb":{"@id":"https:\/\/gotesp.com.br\/es\/automatizacion-de-lineas-de-envasado\/#breadcrumb"},"inLanguage":"es","potentialAction":[{"@type":"ReadAction","target":["https:\/\/gotesp.com.br\/es\/automatizacion-de-lineas-de-envasado\/"]}]},{"@type":"ImageObject","inLanguage":"es","@id":"https:\/\/gotesp.com.br\/es\/automatizacion-de-lineas-de-envasado\/#primaryimage","url":"https:\/\/gotesp.com.br\/wp-content\/uploads\/2022\/12\/Speed-Pack-Linha-02-scaled-e1700756761665.jpg","contentUrl":"https:\/\/gotesp.com.br\/wp-content\/uploads\/2022\/12\/Speed-Pack-Linha-02-scaled-e1700756761665.jpg"},{"@type":"BreadcrumbList","@id":"https:\/\/gotesp.com.br\/es\/automatizacion-de-lineas-de-envasado\/#breadcrumb","itemListElement":[{"@type":"ListItem","position":1,"name":"In\u00edcio","item":"https:\/\/gotesp.com.br\/es\/"},{"@type":"ListItem","position":2,"name":"Automatizaci\u00f3n de l\u00edneas de envasado"}]},{"@type":"WebSite","@id":"https:\/\/gotesp.com.br\/es\/#website","url":"https:\/\/gotesp.com.br\/es\/","name":"Gotesp","description":"Ind\u00fastria de Automa\u00e7\u00e3o de M\u00e1quinas e Embaladoras","publisher":{"@id":"https:\/\/gotesp.com.br\/es\/#organization"},"potentialAction":[{"@type":"SearchAction","target":{"@type":"EntryPoint","urlTemplate":"https:\/\/gotesp.com.br\/es\/?s={search_term_string}"},"query-input":{"@type":"PropertyValueSpecification","valueRequired":true,"valueName":"search_term_string"}}],"inLanguage":"es"},{"@type":"Organization","@id":"https:\/\/gotesp.com.br\/es\/#organization","name":"Gotesp Ind\u00fastria de Embalagens e Automa\u00e7\u00e3o de M\u00e1quinas Embaladoras","url":"https:\/\/gotesp.com.br\/es\/","logo":{"@type":"ImageObject","inLanguage":"es","@id":"https:\/\/gotesp.com.br\/es\/#\/schema\/logo\/image\/","url":"https:\/\/gotesp.com.br\/wp-content\/uploads\/2022\/09\/gotesp35_logo.png","contentUrl":"https:\/\/gotesp.com.br\/wp-content\/uploads\/2022\/09\/gotesp35_logo.png","width":216,"height":49,"caption":"Gotesp Ind\u00fastria de Embalagens e Automa\u00e7\u00e3o de M\u00e1quinas Embaladoras"},"image":{"@id":"https:\/\/gotesp.com.br\/es\/#\/schema\/logo\/image\/"}}]}},"_links":{"self":[{"href":"https:\/\/gotesp.com.br\/es\/wp-json\/wp\/v2\/pages\/4431","targetHints":{"allow":["GET"]}}],"collection":[{"href":"https:\/\/gotesp.com.br\/es\/wp-json\/wp\/v2\/pages"}],"about":[{"href":"https:\/\/gotesp.com.br\/es\/wp-json\/wp\/v2\/types\/page"}],"author":[{"embeddable":true,"href":"https:\/\/gotesp.com.br\/es\/wp-json\/wp\/v2\/users\/1"}],"replies":[{"embeddable":true,"href":"https:\/\/gotesp.com.br\/es\/wp-json\/wp\/v2\/comments?post=4431"}],"version-history":[{"count":1,"href":"https:\/\/gotesp.com.br\/es\/wp-json\/wp\/v2\/pages\/4431\/revisions"}],"predecessor-version":[{"id":4432,"href":"https:\/\/gotesp.com.br\/es\/wp-json\/wp\/v2\/pages\/4431\/revisions\/4432"}],"wp:attachment":[{"href":"https:\/\/gotesp.com.br\/es\/wp-json\/wp\/v2\/media?parent=4431"}],"curies":[{"name":"wp","href":"https:\/\/api.w.org\/{rel}","templated":true}]}}