{"id":4442,"date":"2022-10-23T13:35:36","date_gmt":"2022-10-23T13:35:36","guid":{"rendered":"https:\/\/gotesp.com.br\/automatizacion-de-lineas-de-envasado\/automatizacion-de-caramelos\/"},"modified":"2023-11-23T16:32:54","modified_gmt":"2023-11-23T16:32:54","slug":"automatizacion-de-caramelos","status":"publish","type":"page","link":"https:\/\/gotesp.com.br\/es\/automatizacion-de-lineas-de-envasado\/automatizacion-de-caramelos\/","title":{"rendered":"Automatizaci\u00f3n de caramelos"},"content":{"rendered":"\t\t<div data-elementor-type=\"wp-page\" data-elementor-id=\"4442\" class=\"elementor elementor-4442\" data-elementor-settings=\"{&quot;ha_cmc_init_switcher&quot;:&quot;no&quot;}\" data-elementor-post-type=\"page\">\n\t\t\t\t<section class=\"elementor-element elementor-element-58845a0 e-con-full e-flex e-con e-parent\" data-id=\"58845a0\" data-element_type=\"container\" data-e-type=\"container\" data-settings=\"{&quot;background_background&quot;:&quot;classic&quot;}\">\n\t\t\t\t<div class=\"elementor-element elementor-element-0f0cf0c elementor-widget elementor-widget-heading\" data-id=\"0f0cf0c\" data-element_type=\"widget\" data-e-type=\"widget\" data-widget_type=\"heading.default\">\n\t\t\t\t<div class=\"elementor-widget-container\">\n\t\t\t\t\t<p class=\"elementor-heading-title elementor-size-default\">Soluciones de automatizaci\u00f3n para m\u00e1quinas y l\u00edneas de envasado<\/p>\t\t\t\t<\/div>\n\t\t\t\t<\/div>\n\t\t\t\t<div class=\"elementor-element elementor-element-8fa9a1b elementor-widget__width-inherit elementor-widget elementor-widget-heading\" data-id=\"8fa9a1b\" data-element_type=\"widget\" data-e-type=\"widget\" data-widget_type=\"heading.default\">\n\t\t\t\t<div class=\"elementor-widget-container\">\n\t\t\t\t\t<h1 class=\"elementor-heading-title elementor-size-default\">Automatizaci\u00f3n de caramelos<\/h1>\t\t\t\t<\/div>\n\t\t\t\t<\/div>\n\t\t\t\t<div class=\"elementor-element elementor-element-e439be3 elementor-align-center elementor-widget elementor-widget-breadcrumbs\" data-id=\"e439be3\" data-element_type=\"widget\" data-e-type=\"widget\" data-widget_type=\"breadcrumbs.default\">\n\t\t\t\t<div class=\"elementor-widget-container\">\n\t\t\t\t\t<nav id=\"breadcrumbs\"><span><span><a href=\"https:\/\/gotesp.com.br\/es\/\">In\u00edcio<\/a><\/span><\/span><\/nav>\t\t\t\t<\/div>\n\t\t\t\t<\/div>\n\t\t\t\t<\/section>\n\t\t<div class=\"elementor-element elementor-element-e9ea175 e-flex e-con-boxed e-con e-parent\" data-id=\"e9ea175\" data-element_type=\"container\" data-e-type=\"container\">\n\t\t\t\t\t<div class=\"e-con-inner\">\n\t\t\t\t<div class=\"elementor-element elementor-element-7aac761 elementor-widget elementor-widget-image\" data-id=\"7aac761\" data-element_type=\"widget\" data-e-type=\"widget\" data-widget_type=\"image.default\">\n\t\t\t\t<div class=\"elementor-widget-container\">\n\t\t\t\t\t\t\t\t\t\t\t\t\t\t\t\t<a href=\"https:\/\/gotesp.com.br\/wp-content\/uploads\/2022\/12\/Automacao-doces-scaled-e1700757079513.jpg\" data-elementor-open-lightbox=\"yes\" data-elementor-lightbox-title=\"Automacao doces\" data-e-action-hash=\"#elementor-action%3Aaction%3Dlightbox%26settings%3DeyJpZCI6NDQxNSwidXJsIjoiaHR0cHM6XC9cL2dvdGVzcC5jb20uYnJcL3dwLWNvbnRlbnRcL3VwbG9hZHNcLzIwMjJcLzEyXC9BdXRvbWFjYW8tZG9jZXMtc2NhbGVkLWUxNzAwNzU3MDc5NTEzLmpwZyJ9\">\n\t\t\t\t\t\t\t<img fetchpriority=\"high\" decoding=\"async\" width=\"2560\" height=\"1440\" src=\"https:\/\/gotesp.com.br\/wp-content\/uploads\/2022\/12\/Automacao-doces-scaled-e1700757079513.jpg\" class=\"attachment-full size-full wp-image-4415\" alt=\"\" \/>\t\t\t\t\t\t\t\t<\/a>\n\t\t\t\t\t\t\t\t\t\t\t\t\t\t\t<\/div>\n\t\t\t\t<\/div>\n\t\t\t\t\t<\/div>\n\t\t\t\t<\/div>\n\t\t<div class=\"elementor-element elementor-element-79898b9e e-con-full e-flex e-con e-parent\" data-id=\"79898b9e\" data-element_type=\"container\" data-e-type=\"container\">\n\t\t\t\t<div class=\"elementor-element elementor-element-3d8bfb7d elementor-widget elementor-widget-heading\" data-id=\"3d8bfb7d\" data-element_type=\"widget\" data-e-type=\"widget\" data-widget_type=\"heading.default\">\n\t\t\t\t<div class=\"elementor-widget-container\">\n\t\t\t\t\t<h2 class=\"elementor-heading-title elementor-size-default\">  Transportador de sincronizaci\u00f3n \"en l\u00ednea<\/h2>\t\t\t\t<\/div>\n\t\t\t\t<\/div>\n\t\t\t\t<div class=\"elementor-element elementor-element-7fd69b6 elementor-widget__width-initial elementor-widget elementor-widget-text-editor\" data-id=\"7fd69b6\" data-element_type=\"widget\" data-e-type=\"widget\" data-widget_type=\"text-editor.default\">\n\t\t\t\t<div class=\"elementor-widget-container\">\n\t\t\t\t\t\t\t\t\t<p>Organice, separe y sincronice los productos y col\u00f3quelos ordenadamente en la envasadora.  <br \/>Conjunto de un cierto n\u00famero de cintas transportadoras de lona. En t\u00e9rminos generales, las primeras cintas transportadoras realizan la agrupaci\u00f3n, enviando los productos a las cintas siguientes en un flujo continuo y uniforme, de forma que la \u00faltima cinta realiza el espaciado entre los productos y los entrega de forma sincronizada a los empujadores de la cadena de alimentaci\u00f3n de la envasadora.<\/p>\n\t\t\t\t\t\t\t\t<\/div>\n\t\t\t\t<\/div>\n\t\t\t\t<\/div>\n\t\t\t\t<\/div>\n\t\t","protected":false},"excerpt":{"rendered":"<p>Soluciones de automatizaci\u00f3n para m\u00e1quinas y l\u00edneas de envasado Transportador de sincronizaci\u00f3n \u00aben l\u00ednea Organice, separe y sincronice los productos y col\u00f3quelos ordenadamente en la envasadora. Conjunto de un cierto n\u00famero de cintas transportadoras de lona. En t\u00e9rminos generales, las primeras cintas transportadoras realizan la agrupaci\u00f3n, enviando los productos a las cintas siguientes en un [&hellip;]<\/p>\n","protected":false},"author":3,"featured_media":4327,"parent":4431,"menu_order":0,"comment_status":"closed","ping_status":"closed","template":"","meta":{"inline_featured_image":false,"_joinchat":[],"footnotes":""},"class_list":["post-4442","page","type-page","status-publish","has-post-thumbnail","hentry"],"yoast_head":"<!-- This site is optimized with the Yoast SEO plugin v27.3 - https:\/\/yoast.com\/product\/yoast-seo-wordpress\/ -->\n<title>Automatizaci\u00f3n de caramelos - Gotesp<\/title>\n<meta name=\"robots\" content=\"index, follow, max-snippet:-1, max-image-preview:large, max-video-preview:-1\" \/>\n<link rel=\"canonical\" href=\"https:\/\/gotesp.com.br\/es\/automatizacion-de-lineas-de-envasado\/automatizacion-de-caramelos\/\" \/>\n<meta property=\"og:locale\" content=\"es_ES\" \/>\n<meta property=\"og:type\" content=\"article\" \/>\n<meta property=\"og:title\" content=\"Automatizaci\u00f3n de caramelos - Gotesp\" \/>\n<meta property=\"og:description\" content=\"Soluciones de automatizaci\u00f3n para m\u00e1quinas y l\u00edneas de envasado Transportador de sincronizaci\u00f3n \u00aben l\u00ednea Organice, separe y sincronice los productos y col\u00f3quelos ordenadamente en la envasadora. Conjunto de un cierto n\u00famero de cintas transportadoras de lona. En t\u00e9rminos generales, las primeras cintas transportadoras realizan la agrupaci\u00f3n, enviando los productos a las cintas siguientes en un [&hellip;]\" \/>\n<meta property=\"og:url\" content=\"https:\/\/gotesp.com.br\/es\/automatizacion-de-lineas-de-envasado\/automatizacion-de-caramelos\/\" \/>\n<meta property=\"og:site_name\" content=\"Gotesp\" \/>\n<meta property=\"article:modified_time\" content=\"2023-11-23T16:32:54+00:00\" \/>\n<meta property=\"og:image\" content=\"https:\/\/gotesp.com.br\/wp-content\/uploads\/2022\/11\/Automacao-doces-scaled.jpg\" \/>\n\t<meta property=\"og:image:width\" content=\"2560\" \/>\n\t<meta property=\"og:image:height\" content=\"1440\" \/>\n\t<meta property=\"og:image:type\" content=\"image\/jpeg\" \/>\n<meta name=\"twitter:card\" content=\"summary_large_image\" \/>\n<script type=\"application\/ld+json\" class=\"yoast-schema-graph\">{\"@context\":\"https:\\\/\\\/schema.org\",\"@graph\":[{\"@type\":\"WebPage\",\"@id\":\"https:\\\/\\\/gotesp.com.br\\\/es\\\/automatizacion-de-lineas-de-envasado\\\/automatizacion-de-caramelos\\\/\",\"url\":\"https:\\\/\\\/gotesp.com.br\\\/es\\\/automatizacion-de-lineas-de-envasado\\\/automatizacion-de-caramelos\\\/\",\"name\":\"Automatizaci\u00f3n de caramelos - Gotesp\",\"isPartOf\":{\"@id\":\"https:\\\/\\\/gotesp.com.br\\\/es\\\/#website\"},\"primaryImageOfPage\":{\"@id\":\"https:\\\/\\\/gotesp.com.br\\\/es\\\/automatizacion-de-lineas-de-envasado\\\/automatizacion-de-caramelos\\\/#primaryimage\"},\"image\":{\"@id\":\"https:\\\/\\\/gotesp.com.br\\\/es\\\/automatizacion-de-lineas-de-envasado\\\/automatizacion-de-caramelos\\\/#primaryimage\"},\"thumbnailUrl\":\"https:\\\/\\\/gotesp.com.br\\\/wp-content\\\/uploads\\\/2022\\\/11\\\/Automacao-doces-scaled.jpg\",\"datePublished\":\"2022-10-23T13:35:36+00:00\",\"dateModified\":\"2023-11-23T16:32:54+00:00\",\"breadcrumb\":{\"@id\":\"https:\\\/\\\/gotesp.com.br\\\/es\\\/automatizacion-de-lineas-de-envasado\\\/automatizacion-de-caramelos\\\/#breadcrumb\"},\"inLanguage\":\"es\",\"potentialAction\":[{\"@type\":\"ReadAction\",\"target\":[\"https:\\\/\\\/gotesp.com.br\\\/es\\\/automatizacion-de-lineas-de-envasado\\\/automatizacion-de-caramelos\\\/\"]}]},{\"@type\":\"ImageObject\",\"inLanguage\":\"es\",\"@id\":\"https:\\\/\\\/gotesp.com.br\\\/es\\\/automatizacion-de-lineas-de-envasado\\\/automatizacion-de-caramelos\\\/#primaryimage\",\"url\":\"https:\\\/\\\/gotesp.com.br\\\/wp-content\\\/uploads\\\/2022\\\/11\\\/Automacao-doces-scaled.jpg\",\"contentUrl\":\"https:\\\/\\\/gotesp.com.br\\\/wp-content\\\/uploads\\\/2022\\\/11\\\/Automacao-doces-scaled.jpg\",\"width\":2560,\"height\":1440},{\"@type\":\"BreadcrumbList\",\"@id\":\"https:\\\/\\\/gotesp.com.br\\\/es\\\/automatizacion-de-lineas-de-envasado\\\/automatizacion-de-caramelos\\\/#breadcrumb\",\"itemListElement\":[{\"@type\":\"ListItem\",\"position\":1,\"name\":\"In\u00edcio\",\"item\":\"https:\\\/\\\/gotesp.com.br\\\/es\\\/\"},{\"@type\":\"ListItem\",\"position\":2,\"name\":\"Automatizaci\u00f3n de l\u00edneas de envasado\",\"item\":\"https:\\\/\\\/gotesp.com.br\\\/es\\\/automacao-de-linhas-de-embalagens\\\/\"},{\"@type\":\"ListItem\",\"position\":3,\"name\":\"Automatizaci\u00f3n de caramelos\"}]},{\"@type\":\"WebSite\",\"@id\":\"https:\\\/\\\/gotesp.com.br\\\/es\\\/#website\",\"url\":\"https:\\\/\\\/gotesp.com.br\\\/es\\\/\",\"name\":\"Gotesp\",\"description\":\"Ind\u00fastria de Automa\u00e7\u00e3o de M\u00e1quinas e Embaladoras\",\"publisher\":{\"@id\":\"https:\\\/\\\/gotesp.com.br\\\/es\\\/#organization\"},\"potentialAction\":[{\"@type\":\"SearchAction\",\"target\":{\"@type\":\"EntryPoint\",\"urlTemplate\":\"https:\\\/\\\/gotesp.com.br\\\/es\\\/?s={search_term_string}\"},\"query-input\":{\"@type\":\"PropertyValueSpecification\",\"valueRequired\":true,\"valueName\":\"search_term_string\"}}],\"inLanguage\":\"es\"},{\"@type\":\"Organization\",\"@id\":\"https:\\\/\\\/gotesp.com.br\\\/es\\\/#organization\",\"name\":\"Gotesp Ind\u00fastria de Embalagens e Automa\u00e7\u00e3o de M\u00e1quinas Embaladoras\",\"url\":\"https:\\\/\\\/gotesp.com.br\\\/es\\\/\",\"logo\":{\"@type\":\"ImageObject\",\"inLanguage\":\"es\",\"@id\":\"https:\\\/\\\/gotesp.com.br\\\/es\\\/#\\\/schema\\\/logo\\\/image\\\/\",\"url\":\"https:\\\/\\\/gotesp.com.br\\\/wp-content\\\/uploads\\\/2022\\\/09\\\/gotesp35_logo.png\",\"contentUrl\":\"https:\\\/\\\/gotesp.com.br\\\/wp-content\\\/uploads\\\/2022\\\/09\\\/gotesp35_logo.png\",\"width\":216,\"height\":49,\"caption\":\"Gotesp Ind\u00fastria de Embalagens e Automa\u00e7\u00e3o de M\u00e1quinas Embaladoras\"},\"image\":{\"@id\":\"https:\\\/\\\/gotesp.com.br\\\/es\\\/#\\\/schema\\\/logo\\\/image\\\/\"}}]}<\/script>\n<!-- \/ Yoast SEO plugin. -->","yoast_head_json":{"title":"Automatizaci\u00f3n de caramelos - Gotesp","robots":{"index":"index","follow":"follow","max-snippet":"max-snippet:-1","max-image-preview":"max-image-preview:large","max-video-preview":"max-video-preview:-1"},"canonical":"https:\/\/gotesp.com.br\/es\/automatizacion-de-lineas-de-envasado\/automatizacion-de-caramelos\/","og_locale":"es_ES","og_type":"article","og_title":"Automatizaci\u00f3n de caramelos - Gotesp","og_description":"Soluciones de automatizaci\u00f3n para m\u00e1quinas y l\u00edneas de envasado Transportador de sincronizaci\u00f3n \u00aben l\u00ednea Organice, separe y sincronice los productos y col\u00f3quelos ordenadamente en la envasadora. Conjunto de un cierto n\u00famero de cintas transportadoras de lona. En t\u00e9rminos generales, las primeras cintas transportadoras realizan la agrupaci\u00f3n, enviando los productos a las cintas siguientes en un [&hellip;]","og_url":"https:\/\/gotesp.com.br\/es\/automatizacion-de-lineas-de-envasado\/automatizacion-de-caramelos\/","og_site_name":"Gotesp","article_modified_time":"2023-11-23T16:32:54+00:00","og_image":[{"width":2560,"height":1440,"url":"https:\/\/gotesp.com.br\/wp-content\/uploads\/2022\/11\/Automacao-doces-scaled.jpg","type":"image\/jpeg"}],"twitter_card":"summary_large_image","schema":{"@context":"https:\/\/schema.org","@graph":[{"@type":"WebPage","@id":"https:\/\/gotesp.com.br\/es\/automatizacion-de-lineas-de-envasado\/automatizacion-de-caramelos\/","url":"https:\/\/gotesp.com.br\/es\/automatizacion-de-lineas-de-envasado\/automatizacion-de-caramelos\/","name":"Automatizaci\u00f3n de caramelos - Gotesp","isPartOf":{"@id":"https:\/\/gotesp.com.br\/es\/#website"},"primaryImageOfPage":{"@id":"https:\/\/gotesp.com.br\/es\/automatizacion-de-lineas-de-envasado\/automatizacion-de-caramelos\/#primaryimage"},"image":{"@id":"https:\/\/gotesp.com.br\/es\/automatizacion-de-lineas-de-envasado\/automatizacion-de-caramelos\/#primaryimage"},"thumbnailUrl":"https:\/\/gotesp.com.br\/wp-content\/uploads\/2022\/11\/Automacao-doces-scaled.jpg","datePublished":"2022-10-23T13:35:36+00:00","dateModified":"2023-11-23T16:32:54+00:00","breadcrumb":{"@id":"https:\/\/gotesp.com.br\/es\/automatizacion-de-lineas-de-envasado\/automatizacion-de-caramelos\/#breadcrumb"},"inLanguage":"es","potentialAction":[{"@type":"ReadAction","target":["https:\/\/gotesp.com.br\/es\/automatizacion-de-lineas-de-envasado\/automatizacion-de-caramelos\/"]}]},{"@type":"ImageObject","inLanguage":"es","@id":"https:\/\/gotesp.com.br\/es\/automatizacion-de-lineas-de-envasado\/automatizacion-de-caramelos\/#primaryimage","url":"https:\/\/gotesp.com.br\/wp-content\/uploads\/2022\/11\/Automacao-doces-scaled.jpg","contentUrl":"https:\/\/gotesp.com.br\/wp-content\/uploads\/2022\/11\/Automacao-doces-scaled.jpg","width":2560,"height":1440},{"@type":"BreadcrumbList","@id":"https:\/\/gotesp.com.br\/es\/automatizacion-de-lineas-de-envasado\/automatizacion-de-caramelos\/#breadcrumb","itemListElement":[{"@type":"ListItem","position":1,"name":"In\u00edcio","item":"https:\/\/gotesp.com.br\/es\/"},{"@type":"ListItem","position":2,"name":"Automatizaci\u00f3n de l\u00edneas de envasado","item":"https:\/\/gotesp.com.br\/es\/automacao-de-linhas-de-embalagens\/"},{"@type":"ListItem","position":3,"name":"Automatizaci\u00f3n de caramelos"}]},{"@type":"WebSite","@id":"https:\/\/gotesp.com.br\/es\/#website","url":"https:\/\/gotesp.com.br\/es\/","name":"Gotesp","description":"Ind\u00fastria de Automa\u00e7\u00e3o de M\u00e1quinas e Embaladoras","publisher":{"@id":"https:\/\/gotesp.com.br\/es\/#organization"},"potentialAction":[{"@type":"SearchAction","target":{"@type":"EntryPoint","urlTemplate":"https:\/\/gotesp.com.br\/es\/?s={search_term_string}"},"query-input":{"@type":"PropertyValueSpecification","valueRequired":true,"valueName":"search_term_string"}}],"inLanguage":"es"},{"@type":"Organization","@id":"https:\/\/gotesp.com.br\/es\/#organization","name":"Gotesp Ind\u00fastria de Embalagens e Automa\u00e7\u00e3o de M\u00e1quinas Embaladoras","url":"https:\/\/gotesp.com.br\/es\/","logo":{"@type":"ImageObject","inLanguage":"es","@id":"https:\/\/gotesp.com.br\/es\/#\/schema\/logo\/image\/","url":"https:\/\/gotesp.com.br\/wp-content\/uploads\/2022\/09\/gotesp35_logo.png","contentUrl":"https:\/\/gotesp.com.br\/wp-content\/uploads\/2022\/09\/gotesp35_logo.png","width":216,"height":49,"caption":"Gotesp Ind\u00fastria de Embalagens e Automa\u00e7\u00e3o de M\u00e1quinas Embaladoras"},"image":{"@id":"https:\/\/gotesp.com.br\/es\/#\/schema\/logo\/image\/"}}]}},"_links":{"self":[{"href":"https:\/\/gotesp.com.br\/es\/wp-json\/wp\/v2\/pages\/4442","targetHints":{"allow":["GET"]}}],"collection":[{"href":"https:\/\/gotesp.com.br\/es\/wp-json\/wp\/v2\/pages"}],"about":[{"href":"https:\/\/gotesp.com.br\/es\/wp-json\/wp\/v2\/types\/page"}],"author":[{"embeddable":true,"href":"https:\/\/gotesp.com.br\/es\/wp-json\/wp\/v2\/users\/3"}],"replies":[{"embeddable":true,"href":"https:\/\/gotesp.com.br\/es\/wp-json\/wp\/v2\/comments?post=4442"}],"version-history":[{"count":3,"href":"https:\/\/gotesp.com.br\/es\/wp-json\/wp\/v2\/pages\/4442\/revisions"}],"predecessor-version":[{"id":4720,"href":"https:\/\/gotesp.com.br\/es\/wp-json\/wp\/v2\/pages\/4442\/revisions\/4720"}],"up":[{"embeddable":true,"href":"https:\/\/gotesp.com.br\/es\/wp-json\/wp\/v2\/pages\/4431"}],"wp:featuredmedia":[{"embeddable":true,"href":"https:\/\/gotesp.com.br\/es\/wp-json\/wp\/v2\/media\/4327"}],"wp:attachment":[{"href":"https:\/\/gotesp.com.br\/es\/wp-json\/wp\/v2\/media?parent=4442"}],"curies":[{"name":"wp","href":"https:\/\/api.w.org\/{rel}","templated":true}]}}