{"id":4456,"date":"2022-10-23T13:59:38","date_gmt":"2022-10-23T13:59:38","guid":{"rendered":"https:\/\/gotesp.com.br\/automatizacion-de-lineas-de-envasado\/automatizacion-del-pan\/"},"modified":"2023-03-27T12:04:13","modified_gmt":"2023-03-27T12:04:13","slug":"automatizacion-del-pan","status":"publish","type":"page","link":"https:\/\/gotesp.com.br\/es\/automatizacion-de-lineas-de-envasado\/automatizacion-del-pan\/","title":{"rendered":"Automatizaci\u00f3n del pan"},"content":{"rendered":"\t\t<div data-elementor-type=\"wp-page\" data-elementor-id=\"4456\" class=\"elementor elementor-4456\" data-elementor-settings=\"{&quot;ha_cmc_init_switcher&quot;:&quot;no&quot;}\" data-elementor-post-type=\"page\">\n\t\t\t\t<section class=\"elementor-element elementor-element-22c3e60 e-con-full e-flex e-con e-parent\" data-id=\"22c3e60\" data-element_type=\"container\" data-e-type=\"container\" data-settings=\"{&quot;background_background&quot;:&quot;classic&quot;}\">\n\t\t\t\t<div class=\"elementor-element elementor-element-a675cdc elementor-widget elementor-widget-heading\" data-id=\"a675cdc\" data-element_type=\"widget\" data-e-type=\"widget\" data-widget_type=\"heading.default\">\n\t\t\t\t<div class=\"elementor-widget-container\">\n\t\t\t\t\t<p class=\"elementor-heading-title elementor-size-default\">Soluciones de automatizaci\u00f3n para m\u00e1quinas y l\u00edneas de envasado<\/p>\t\t\t\t<\/div>\n\t\t\t\t<\/div>\n\t\t\t\t<div class=\"elementor-element elementor-element-8bfdf21 elementor-widget__width-inherit elementor-widget elementor-widget-heading\" data-id=\"8bfdf21\" data-element_type=\"widget\" data-e-type=\"widget\" data-widget_type=\"heading.default\">\n\t\t\t\t<div class=\"elementor-widget-container\">\n\t\t\t\t\t<h1 class=\"elementor-heading-title elementor-size-default\">Automatizaci\u00f3n del pan<\/h1>\t\t\t\t<\/div>\n\t\t\t\t<\/div>\n\t\t\t\t<div class=\"elementor-element elementor-element-dfaa0be elementor-align-center elementor-widget elementor-widget-breadcrumbs\" data-id=\"dfaa0be\" data-element_type=\"widget\" data-e-type=\"widget\" data-widget_type=\"breadcrumbs.default\">\n\t\t\t\t<div class=\"elementor-widget-container\">\n\t\t\t\t\t<nav id=\"breadcrumbs\"><span><span><a href=\"https:\/\/gotesp.com.br\/es\/\">In\u00edcio<\/a><\/span><\/span><\/nav>\t\t\t\t<\/div>\n\t\t\t\t<\/div>\n\t\t\t\t<\/section>\n\t\t<div class=\"elementor-element elementor-element-e120f8f e-flex e-con-boxed e-con e-parent\" data-id=\"e120f8f\" data-element_type=\"container\" data-e-type=\"container\">\n\t\t\t\t\t<div class=\"e-con-inner\">\n\t\t\t\t<div class=\"elementor-element elementor-element-c9e13ba elementor-widget elementor-widget-image\" data-id=\"c9e13ba\" data-element_type=\"widget\" data-e-type=\"widget\" data-widget_type=\"image.default\">\n\t\t\t\t<div class=\"elementor-widget-container\">\n\t\t\t\t\t\t\t\t\t\t\t\t\t\t\t\t<a href=\"https:\/\/gotesp.com.br\/wp-content\/uploads\/2022\/12\/SpeedPAck-Backery-Frt-1-scaled.jpg\" data-elementor-open-lightbox=\"yes\" data-elementor-lightbox-title=\"SpeedPAck Backery-Frt-1\" data-e-action-hash=\"#elementor-action%3Aaction%3Dlightbox%26settings%3DeyJpZCI6NDQxOSwidXJsIjoiaHR0cHM6XC9cL2dvdGVzcC5jb20uYnJcL3dwLWNvbnRlbnRcL3VwbG9hZHNcLzIwMjJcLzEyXC9TcGVlZFBBY2stQmFja2VyeS1GcnQtMS1zY2FsZWQtZTE3MDA3NTc0NzE1MjMuanBnIn0%3D\">\n\t\t\t\t\t\t\t<img fetchpriority=\"high\" decoding=\"async\" width=\"800\" height=\"534\" src=\"https:\/\/gotesp.com.br\/wp-content\/uploads\/2022\/12\/SpeedPAck-Backery-Frt-1-1024x683.jpg\" class=\"attachment-large size-large wp-image-4419\" alt=\"\" srcset=\"https:\/\/gotesp.com.br\/wp-content\/uploads\/2022\/12\/SpeedPAck-Backery-Frt-1-1024x683.jpg 1024w, https:\/\/gotesp.com.br\/wp-content\/uploads\/2022\/12\/SpeedPAck-Backery-Frt-1-300x200.jpg 300w, https:\/\/gotesp.com.br\/wp-content\/uploads\/2022\/12\/SpeedPAck-Backery-Frt-1-768x512.jpg 768w, https:\/\/gotesp.com.br\/wp-content\/uploads\/2022\/12\/SpeedPAck-Backery-Frt-1-1536x1024.jpg 1536w, https:\/\/gotesp.com.br\/wp-content\/uploads\/2022\/12\/SpeedPAck-Backery-Frt-1-2048x1365.jpg 2048w\" sizes=\"(max-width: 800px) 100vw, 800px\" \/>\t\t\t\t\t\t\t\t<\/a>\n\t\t\t\t\t\t\t\t\t\t\t\t\t\t\t<\/div>\n\t\t\t\t<\/div>\n\t\t\t\t\t<\/div>\n\t\t\t\t<\/div>\n\t\t<div class=\"elementor-element elementor-element-b1e084a e-flex e-con-boxed e-con e-parent\" data-id=\"b1e084a\" data-element_type=\"container\" data-e-type=\"container\">\n\t\t\t\t\t<div class=\"e-con-inner\">\n\t\t\t\t<div class=\"elementor-element elementor-element-9da25d0 elementor-widget elementor-widget-heading\" data-id=\"9da25d0\" data-element_type=\"widget\" data-e-type=\"widget\" data-widget_type=\"heading.default\">\n\t\t\t\t<div class=\"elementor-widget-container\">\n\t\t\t\t\t<h2 class=\"elementor-heading-title elementor-size-default\">Cinta de correr Drop Station<\/h2>\t\t\t\t<\/div>\n\t\t\t\t<\/div>\n\t\t\t\t<div class=\"elementor-element elementor-element-957aafb elementor-widget-divider--view-line elementor-widget elementor-widget-divider\" data-id=\"957aafb\" data-element_type=\"widget\" data-e-type=\"widget\" data-widget_type=\"divider.default\">\n\t\t\t\t<div class=\"elementor-widget-container\">\n\t\t\t\t\t\t\t<div class=\"elementor-divider\">\n\t\t\t<span class=\"elementor-divider-separator\">\n\t\t\t\t\t\t<\/span>\n\t\t<\/div>\n\t\t\t\t\t\t<\/div>\n\t\t\t\t<\/div>\n\t\t\t\t<div class=\"elementor-element elementor-element-906d321 elementor-widget elementor-widget-text-editor\" data-id=\"906d321\" data-element_type=\"widget\" data-e-type=\"widget\" data-widget_type=\"text-editor.default\">\n\t\t\t\t<div class=\"elementor-widget-container\">\n\t\t\t\t\t\t\t\t\t<p>Separar y dirigir las filas de productos a la envasadora. De forma similar al transportador pull nose descrito anteriormente, el sistema dispone de un transportador con un \u00fanico movimiento basculante, que permite la entrega de las filas a un transportador situado justo debajo, la Estaci\u00f3n de Ca\u00edda, propiamente dicha, con un movimiento intermitente y sincronizado para su entrega al transportador de recogida en el momento dado.  <br \/>Dependiendo de la necesidad puede tener movimiento de retroceso del extremo de salida.<\/p>\n<p>El transportador de la estaci\u00f3n de ca\u00edda descarga en un transportador de recogida, que luego transfiere las filas de panes a un transportador de acumulaci\u00f3n, que los lleva a la cortadora que entrega los panes, ya cortados, directamente a la mesa de alimentaci\u00f3n de la envasadora.<\/p>\n\t\t\t\t\t\t\t\t<\/div>\n\t\t\t\t<\/div>\n\t\t\t\t<div class=\"elementor-element elementor-element-4644e52 elementor-widget elementor-widget-heading\" data-id=\"4644e52\" data-element_type=\"widget\" data-e-type=\"widget\" data-widget_type=\"heading.default\">\n\t\t\t\t<div class=\"elementor-widget-container\">\n\t\t\t\t\t<h2 class=\"elementor-heading-title elementor-size-default\">Cinta de correr Pull Nose<\/h2>\t\t\t\t<\/div>\n\t\t\t\t<\/div>\n\t\t\t\t<div class=\"elementor-element elementor-element-d2e5042 elementor-widget-divider--view-line elementor-widget elementor-widget-divider\" data-id=\"d2e5042\" data-element_type=\"widget\" data-e-type=\"widget\" data-widget_type=\"divider.default\">\n\t\t\t\t<div class=\"elementor-widget-container\">\n\t\t\t\t\t\t\t<div class=\"elementor-divider\">\n\t\t\t<span class=\"elementor-divider-separator\">\n\t\t\t\t\t\t<\/span>\n\t\t<\/div>\n\t\t\t\t\t\t<\/div>\n\t\t\t\t<\/div>\n\t\t\t\t<div class=\"elementor-element elementor-element-d523d51 elementor-widget elementor-widget-text-editor\" data-id=\"d523d51\" data-element_type=\"widget\" data-e-type=\"widget\" data-widget_type=\"text-editor.default\">\n\t\t\t\t<div class=\"elementor-widget-container\">\n\t\t\t\t\t\t\t\t\t<p>Separar y dirigir las filas de productos a la envasadora. Se trata de una cinta transportadora de lona, que tiene dos movimientos en su extremo de salida:<\/p>\n<ul>\n<li>Basculante hacia abajo, de forma que en su posici\u00f3n inferior descarga las filas de productos sobre la cinta de recogida. Cuando est\u00e1 en su posici\u00f3n superior, entrega las filas a la estaci\u00f3n siguiente.<\/li>\n<\/ul>\n<ul>\n<li>Hacia atr\u00e1s, para descargar uniformemente las filas, tocando primero los extremos de los productos y hacia atr\u00e1s hasta que todos est\u00e9n en contacto con la cinta de recogida.<\/li>\n<\/ul>\n\t\t\t\t\t\t\t\t<\/div>\n\t\t\t\t<\/div>\n\t\t\t\t<div class=\"elementor-element elementor-element-b2d5a04 elementor-widget elementor-widget-heading\" data-id=\"b2d5a04\" data-element_type=\"widget\" data-e-type=\"widget\" data-widget_type=\"heading.default\">\n\t\t\t\t<div class=\"elementor-widget-container\">\n\t\t\t\t\t<h2 class=\"elementor-heading-title elementor-size-default\">Alineador de filas<\/h2>\t\t\t\t<\/div>\n\t\t\t\t<\/div>\n\t\t\t\t<div class=\"elementor-element elementor-element-6f8ba2c elementor-widget-divider--view-line elementor-widget elementor-widget-divider\" data-id=\"6f8ba2c\" data-element_type=\"widget\" data-e-type=\"widget\" data-widget_type=\"divider.default\">\n\t\t\t\t<div class=\"elementor-widget-container\">\n\t\t\t\t\t\t\t<div class=\"elementor-divider\">\n\t\t\t<span class=\"elementor-divider-separator\">\n\t\t\t\t\t\t<\/span>\n\t\t<\/div>\n\t\t\t\t\t\t<\/div>\n\t\t\t\t<\/div>\n\t\t\t\t<div class=\"elementor-element elementor-element-9004287 elementor-widget elementor-widget-text-editor\" data-id=\"9004287\" data-element_type=\"widget\" data-e-type=\"widget\" data-widget_type=\"text-editor.default\">\n\t\t\t\t<div class=\"elementor-widget-container\">\n\t\t\t\t\t\t\t\t\t<p>Alineaci\u00f3n de productos en la misma fila. <br \/>Dispositivo instalado en una cinta transportadora de productos y que dispone de una regla que se aproxima <br \/>de esa cinta transportadora y alinea los productos de las mismas filas.<\/p>\n\t\t\t\t\t\t\t\t<\/div>\n\t\t\t\t<\/div>\n\t\t\t\t\t<\/div>\n\t\t\t\t<\/div>\n\t\t\t\t<\/div>\n\t\t","protected":false},"excerpt":{"rendered":"<p>Soluciones de automatizaci\u00f3n para m\u00e1quinas y l\u00edneas de envasado Cinta de correr Drop Station Separar y dirigir las filas de productos a la envasadora. De forma similar al transportador pull nose descrito anteriormente, el sistema dispone de un transportador con un \u00fanico movimiento basculante, que permite la entrega de las filas a un transportador situado [&hellip;]<\/p>\n","protected":false},"author":3,"featured_media":4342,"parent":4431,"menu_order":0,"comment_status":"closed","ping_status":"closed","template":"","meta":{"inline_featured_image":false,"_joinchat":[],"footnotes":""},"class_list":["post-4456","page","type-page","status-publish","has-post-thumbnail","hentry"],"yoast_head":"<!-- This site is optimized with the Yoast SEO plugin v27.3 - https:\/\/yoast.com\/product\/yoast-seo-wordpress\/ -->\n<title>Automatizaci\u00f3n del pan - Gotesp<\/title>\n<meta name=\"robots\" content=\"index, follow, max-snippet:-1, max-image-preview:large, max-video-preview:-1\" \/>\n<link rel=\"canonical\" href=\"https:\/\/gotesp.com.br\/es\/automatizacion-de-lineas-de-envasado\/automatizacion-del-pan\/\" \/>\n<meta property=\"og:locale\" content=\"es_ES\" \/>\n<meta property=\"og:type\" content=\"article\" \/>\n<meta property=\"og:title\" content=\"Automatizaci\u00f3n del pan - Gotesp\" \/>\n<meta property=\"og:description\" content=\"Soluciones de automatizaci\u00f3n para m\u00e1quinas y l\u00edneas de envasado Cinta de correr Drop Station Separar y dirigir las filas de productos a la envasadora. De forma similar al transportador pull nose descrito anteriormente, el sistema dispone de un transportador con un \u00fanico movimiento basculante, que permite la entrega de las filas a un transportador situado [&hellip;]\" \/>\n<meta property=\"og:url\" content=\"https:\/\/gotesp.com.br\/es\/automatizacion-de-lineas-de-envasado\/automatizacion-del-pan\/\" \/>\n<meta property=\"og:site_name\" content=\"Gotesp\" \/>\n<meta property=\"article:modified_time\" content=\"2023-03-27T12:04:13+00:00\" \/>\n<meta property=\"og:image\" content=\"https:\/\/gotesp.com.br\/wp-content\/uploads\/2022\/11\/SpeedPAck-Backery-Frt-1-scaled.jpg\" \/>\n\t<meta property=\"og:image:width\" content=\"2560\" \/>\n\t<meta property=\"og:image:height\" content=\"1707\" \/>\n\t<meta property=\"og:image:type\" content=\"image\/jpeg\" \/>\n<meta name=\"twitter:card\" content=\"summary_large_image\" \/>\n<meta name=\"twitter:label1\" content=\"Tiempo de lectura\" \/>\n\t<meta name=\"twitter:data1\" content=\"1 minuto\" \/>\n<script type=\"application\/ld+json\" class=\"yoast-schema-graph\">{\"@context\":\"https:\\\/\\\/schema.org\",\"@graph\":[{\"@type\":\"WebPage\",\"@id\":\"https:\\\/\\\/gotesp.com.br\\\/es\\\/automatizacion-de-lineas-de-envasado\\\/automatizacion-del-pan\\\/\",\"url\":\"https:\\\/\\\/gotesp.com.br\\\/es\\\/automatizacion-de-lineas-de-envasado\\\/automatizacion-del-pan\\\/\",\"name\":\"Automatizaci\u00f3n del pan - Gotesp\",\"isPartOf\":{\"@id\":\"https:\\\/\\\/gotesp.com.br\\\/es\\\/#website\"},\"primaryImageOfPage\":{\"@id\":\"https:\\\/\\\/gotesp.com.br\\\/es\\\/automatizacion-de-lineas-de-envasado\\\/automatizacion-del-pan\\\/#primaryimage\"},\"image\":{\"@id\":\"https:\\\/\\\/gotesp.com.br\\\/es\\\/automatizacion-de-lineas-de-envasado\\\/automatizacion-del-pan\\\/#primaryimage\"},\"thumbnailUrl\":\"https:\\\/\\\/gotesp.com.br\\\/wp-content\\\/uploads\\\/2022\\\/11\\\/SpeedPAck-Backery-Frt-1-scaled.jpg\",\"datePublished\":\"2022-10-23T13:59:38+00:00\",\"dateModified\":\"2023-03-27T12:04:13+00:00\",\"breadcrumb\":{\"@id\":\"https:\\\/\\\/gotesp.com.br\\\/es\\\/automatizacion-de-lineas-de-envasado\\\/automatizacion-del-pan\\\/#breadcrumb\"},\"inLanguage\":\"es\",\"potentialAction\":[{\"@type\":\"ReadAction\",\"target\":[\"https:\\\/\\\/gotesp.com.br\\\/es\\\/automatizacion-de-lineas-de-envasado\\\/automatizacion-del-pan\\\/\"]}]},{\"@type\":\"ImageObject\",\"inLanguage\":\"es\",\"@id\":\"https:\\\/\\\/gotesp.com.br\\\/es\\\/automatizacion-de-lineas-de-envasado\\\/automatizacion-del-pan\\\/#primaryimage\",\"url\":\"https:\\\/\\\/gotesp.com.br\\\/wp-content\\\/uploads\\\/2022\\\/11\\\/SpeedPAck-Backery-Frt-1-scaled.jpg\",\"contentUrl\":\"https:\\\/\\\/gotesp.com.br\\\/wp-content\\\/uploads\\\/2022\\\/11\\\/SpeedPAck-Backery-Frt-1-scaled.jpg\",\"width\":2560,\"height\":1707},{\"@type\":\"BreadcrumbList\",\"@id\":\"https:\\\/\\\/gotesp.com.br\\\/es\\\/automatizacion-de-lineas-de-envasado\\\/automatizacion-del-pan\\\/#breadcrumb\",\"itemListElement\":[{\"@type\":\"ListItem\",\"position\":1,\"name\":\"In\u00edcio\",\"item\":\"https:\\\/\\\/gotesp.com.br\\\/es\\\/\"},{\"@type\":\"ListItem\",\"position\":2,\"name\":\"Automatizaci\u00f3n de l\u00edneas de envasado\",\"item\":\"https:\\\/\\\/gotesp.com.br\\\/es\\\/automacao-de-linhas-de-embalagens\\\/\"},{\"@type\":\"ListItem\",\"position\":3,\"name\":\"Automatizaci\u00f3n del pan\"}]},{\"@type\":\"WebSite\",\"@id\":\"https:\\\/\\\/gotesp.com.br\\\/es\\\/#website\",\"url\":\"https:\\\/\\\/gotesp.com.br\\\/es\\\/\",\"name\":\"Gotesp\",\"description\":\"Ind\u00fastria de Automa\u00e7\u00e3o de M\u00e1quinas e Embaladoras\",\"publisher\":{\"@id\":\"https:\\\/\\\/gotesp.com.br\\\/es\\\/#organization\"},\"potentialAction\":[{\"@type\":\"SearchAction\",\"target\":{\"@type\":\"EntryPoint\",\"urlTemplate\":\"https:\\\/\\\/gotesp.com.br\\\/es\\\/?s={search_term_string}\"},\"query-input\":{\"@type\":\"PropertyValueSpecification\",\"valueRequired\":true,\"valueName\":\"search_term_string\"}}],\"inLanguage\":\"es\"},{\"@type\":\"Organization\",\"@id\":\"https:\\\/\\\/gotesp.com.br\\\/es\\\/#organization\",\"name\":\"Gotesp Ind\u00fastria de Embalagens e Automa\u00e7\u00e3o de M\u00e1quinas Embaladoras\",\"url\":\"https:\\\/\\\/gotesp.com.br\\\/es\\\/\",\"logo\":{\"@type\":\"ImageObject\",\"inLanguage\":\"es\",\"@id\":\"https:\\\/\\\/gotesp.com.br\\\/es\\\/#\\\/schema\\\/logo\\\/image\\\/\",\"url\":\"https:\\\/\\\/gotesp.com.br\\\/wp-content\\\/uploads\\\/2022\\\/09\\\/gotesp35_logo.png\",\"contentUrl\":\"https:\\\/\\\/gotesp.com.br\\\/wp-content\\\/uploads\\\/2022\\\/09\\\/gotesp35_logo.png\",\"width\":216,\"height\":49,\"caption\":\"Gotesp Ind\u00fastria de Embalagens e Automa\u00e7\u00e3o de M\u00e1quinas Embaladoras\"},\"image\":{\"@id\":\"https:\\\/\\\/gotesp.com.br\\\/es\\\/#\\\/schema\\\/logo\\\/image\\\/\"}}]}<\/script>\n<!-- \/ Yoast SEO plugin. -->","yoast_head_json":{"title":"Automatizaci\u00f3n del pan - Gotesp","robots":{"index":"index","follow":"follow","max-snippet":"max-snippet:-1","max-image-preview":"max-image-preview:large","max-video-preview":"max-video-preview:-1"},"canonical":"https:\/\/gotesp.com.br\/es\/automatizacion-de-lineas-de-envasado\/automatizacion-del-pan\/","og_locale":"es_ES","og_type":"article","og_title":"Automatizaci\u00f3n del pan - Gotesp","og_description":"Soluciones de automatizaci\u00f3n para m\u00e1quinas y l\u00edneas de envasado Cinta de correr Drop Station Separar y dirigir las filas de productos a la envasadora. De forma similar al transportador pull nose descrito anteriormente, el sistema dispone de un transportador con un \u00fanico movimiento basculante, que permite la entrega de las filas a un transportador situado [&hellip;]","og_url":"https:\/\/gotesp.com.br\/es\/automatizacion-de-lineas-de-envasado\/automatizacion-del-pan\/","og_site_name":"Gotesp","article_modified_time":"2023-03-27T12:04:13+00:00","og_image":[{"width":2560,"height":1707,"url":"https:\/\/gotesp.com.br\/wp-content\/uploads\/2022\/11\/SpeedPAck-Backery-Frt-1-scaled.jpg","type":"image\/jpeg"}],"twitter_card":"summary_large_image","twitter_misc":{"Tiempo de lectura":"1 minuto"},"schema":{"@context":"https:\/\/schema.org","@graph":[{"@type":"WebPage","@id":"https:\/\/gotesp.com.br\/es\/automatizacion-de-lineas-de-envasado\/automatizacion-del-pan\/","url":"https:\/\/gotesp.com.br\/es\/automatizacion-de-lineas-de-envasado\/automatizacion-del-pan\/","name":"Automatizaci\u00f3n del pan - Gotesp","isPartOf":{"@id":"https:\/\/gotesp.com.br\/es\/#website"},"primaryImageOfPage":{"@id":"https:\/\/gotesp.com.br\/es\/automatizacion-de-lineas-de-envasado\/automatizacion-del-pan\/#primaryimage"},"image":{"@id":"https:\/\/gotesp.com.br\/es\/automatizacion-de-lineas-de-envasado\/automatizacion-del-pan\/#primaryimage"},"thumbnailUrl":"https:\/\/gotesp.com.br\/wp-content\/uploads\/2022\/11\/SpeedPAck-Backery-Frt-1-scaled.jpg","datePublished":"2022-10-23T13:59:38+00:00","dateModified":"2023-03-27T12:04:13+00:00","breadcrumb":{"@id":"https:\/\/gotesp.com.br\/es\/automatizacion-de-lineas-de-envasado\/automatizacion-del-pan\/#breadcrumb"},"inLanguage":"es","potentialAction":[{"@type":"ReadAction","target":["https:\/\/gotesp.com.br\/es\/automatizacion-de-lineas-de-envasado\/automatizacion-del-pan\/"]}]},{"@type":"ImageObject","inLanguage":"es","@id":"https:\/\/gotesp.com.br\/es\/automatizacion-de-lineas-de-envasado\/automatizacion-del-pan\/#primaryimage","url":"https:\/\/gotesp.com.br\/wp-content\/uploads\/2022\/11\/SpeedPAck-Backery-Frt-1-scaled.jpg","contentUrl":"https:\/\/gotesp.com.br\/wp-content\/uploads\/2022\/11\/SpeedPAck-Backery-Frt-1-scaled.jpg","width":2560,"height":1707},{"@type":"BreadcrumbList","@id":"https:\/\/gotesp.com.br\/es\/automatizacion-de-lineas-de-envasado\/automatizacion-del-pan\/#breadcrumb","itemListElement":[{"@type":"ListItem","position":1,"name":"In\u00edcio","item":"https:\/\/gotesp.com.br\/es\/"},{"@type":"ListItem","position":2,"name":"Automatizaci\u00f3n de l\u00edneas de envasado","item":"https:\/\/gotesp.com.br\/es\/automacao-de-linhas-de-embalagens\/"},{"@type":"ListItem","position":3,"name":"Automatizaci\u00f3n del pan"}]},{"@type":"WebSite","@id":"https:\/\/gotesp.com.br\/es\/#website","url":"https:\/\/gotesp.com.br\/es\/","name":"Gotesp","description":"Ind\u00fastria de Automa\u00e7\u00e3o de M\u00e1quinas e Embaladoras","publisher":{"@id":"https:\/\/gotesp.com.br\/es\/#organization"},"potentialAction":[{"@type":"SearchAction","target":{"@type":"EntryPoint","urlTemplate":"https:\/\/gotesp.com.br\/es\/?s={search_term_string}"},"query-input":{"@type":"PropertyValueSpecification","valueRequired":true,"valueName":"search_term_string"}}],"inLanguage":"es"},{"@type":"Organization","@id":"https:\/\/gotesp.com.br\/es\/#organization","name":"Gotesp Ind\u00fastria de Embalagens e Automa\u00e7\u00e3o de M\u00e1quinas Embaladoras","url":"https:\/\/gotesp.com.br\/es\/","logo":{"@type":"ImageObject","inLanguage":"es","@id":"https:\/\/gotesp.com.br\/es\/#\/schema\/logo\/image\/","url":"https:\/\/gotesp.com.br\/wp-content\/uploads\/2022\/09\/gotesp35_logo.png","contentUrl":"https:\/\/gotesp.com.br\/wp-content\/uploads\/2022\/09\/gotesp35_logo.png","width":216,"height":49,"caption":"Gotesp Ind\u00fastria de Embalagens e Automa\u00e7\u00e3o de M\u00e1quinas Embaladoras"},"image":{"@id":"https:\/\/gotesp.com.br\/es\/#\/schema\/logo\/image\/"}}]}},"_links":{"self":[{"href":"https:\/\/gotesp.com.br\/es\/wp-json\/wp\/v2\/pages\/4456","targetHints":{"allow":["GET"]}}],"collection":[{"href":"https:\/\/gotesp.com.br\/es\/wp-json\/wp\/v2\/pages"}],"about":[{"href":"https:\/\/gotesp.com.br\/es\/wp-json\/wp\/v2\/types\/page"}],"author":[{"embeddable":true,"href":"https:\/\/gotesp.com.br\/es\/wp-json\/wp\/v2\/users\/3"}],"replies":[{"embeddable":true,"href":"https:\/\/gotesp.com.br\/es\/wp-json\/wp\/v2\/comments?post=4456"}],"version-history":[{"count":1,"href":"https:\/\/gotesp.com.br\/es\/wp-json\/wp\/v2\/pages\/4456\/revisions"}],"predecessor-version":[{"id":4457,"href":"https:\/\/gotesp.com.br\/es\/wp-json\/wp\/v2\/pages\/4456\/revisions\/4457"}],"up":[{"embeddable":true,"href":"https:\/\/gotesp.com.br\/es\/wp-json\/wp\/v2\/pages\/4431"}],"wp:featuredmedia":[{"embeddable":true,"href":"https:\/\/gotesp.com.br\/es\/wp-json\/wp\/v2\/media\/4342"}],"wp:attachment":[{"href":"https:\/\/gotesp.com.br\/es\/wp-json\/wp\/v2\/media?parent=4456"}],"curies":[{"name":"wp","href":"https:\/\/api.w.org\/{rel}","templated":true}]}}